{"id":6110,"date":"2021-11-15T15:41:06","date_gmt":"2021-11-15T14:41:06","guid":{"rendered":"https:\/\/www.chiefslife.com\/de-eu\/?post_type=product&#038;p=6110"},"modified":"2025-11-30T23:51:17","modified_gmt":"2025-11-30T22:51:17","slug":"protein-bar-strawberry","status":"publish","type":"product","link":"https:\/\/www.chiefslife.com\/de-eu\/produkt\/protein-bar-strawberry\/","title":{"rendered":"Strawberry"},"content":{"rendered":"<p>NO ADDED SUGAR: Ohne Zuckerzusatz. Enth\u00e4lt von Natur aus Zucker.<br \/>\nHIGH PROTEIN: 20 g Protein pro Riegel<br \/>\nPALM OIL FREE<\/p>\n<p>Proteinriegel \u00fcberzogen mit Vollmilchschokolade, mit S\u00fc\u00dfungsmitteln. Erdbeer-Geschmack.<\/p>\n<p>Zutaten: 27% Vollmilchschokolade mit S\u00fc\u00dfungsmittel (S\u00fc\u00dfungsmittel: Maltit; Kakaobutter, VOLLMILCHPULVER, Kakaomasse, Emulgator: Lecithine; nat\u00fcrliches Vanillearoma), MILCHPROTEIN, Feuchthaltemittel: Glycerin; Kollagen-Hydrolysat, Polydextrose, Sojacrispies (SOJAPROTEIN, Tapiokast\u00e4rke, GERSTENMALZEXTRAKT (GLUTEN), Salz), Wasser, Sonnenblumen\u00f6l, wei\u00dfe Schokolade mit S\u00fc\u00dfungsmittel (S\u00fc\u00dfungsmittel: Maltit; Kakaobutter, VOLLMILCHPULVER, Emulgator: Lecithine; nat\u00fcrliches Vanillearoma), Konzentrat (S\u00fc\u00dfkartoffel, Karotte), Himbeerpulver (Himbeerp\u00fcreekonzentrat, Maltodextrin), Aroma, S\u00e4uerungsmittel: Citronens\u00e4ure.<\/p>\n<p>Kann Spuren von anderem glutenhaltigen Getreide, Erdn\u00fcssen und Schalenfr\u00fcchten enthalten.<br \/>\nKann bei \u00fcberm\u00e4\u00dfigem Verzehr abf\u00fchrend wirken.<\/p>\n","protected":false},"excerpt":{"rendered":"<p>Endlich ist er da! Der fruchtige Erdbeer Protein Bar \u00abStrawberry\u00bb, umh\u00fcllt mit feinster Milchschokolade und vollgepackt mit Proteinen. Strawsome!<\/p>\n","protected":false},"featured_media":3926,"template":"","meta":{"_acf_changed":false,"inline_featured_image":false},"product_brand":[],"product_cat":[148],"product_tag":[146,145,110],"class_list":{"0":"post-6110","1":"product","2":"type-product","3":"status-publish","4":"has-post-thumbnail","6":"product_cat-protein-bars","7":"product_tag-high-protein","8":"product_tag-no-added-sugar","9":"product_tag-palm-oil-free","11":"first","12":"instock","13":"taxable","14":"shipping-taxable","15":"purchasable","16":"product-type-simple"},"acf":[],"tiered_pricing_type":"fixed","tiered_pricing_fixed_rules":[],"tiered_pricing_product_settings":{"layout":"default","base_unit_name":{"singular":null,"plural":null},"default_variation":null},"tiered_pricing_minimum_quantity":null,"tiered_pricing_roles_data":[],"tiered_pricing_percentage_rules":[],"tiered_pricing_maximum_quantity":null,"tiered_pricing_quantity_step":null,"_links":{"self":[{"href":"https:\/\/www.chiefslife.com\/de-eu\/wp-json\/wp\/v2\/product\/6110","targetHints":{"allow":["GET"]}}],"collection":[{"href":"https:\/\/www.chiefslife.com\/de-eu\/wp-json\/wp\/v2\/product"}],"about":[{"href":"https:\/\/www.chiefslife.com\/de-eu\/wp-json\/wp\/v2\/types\/product"}],"wp:featuredmedia":[{"embeddable":true,"href":"https:\/\/www.chiefslife.com\/de-eu\/wp-json\/wp\/v2\/media\/3926"}],"wp:attachment":[{"href":"https:\/\/www.chiefslife.com\/de-eu\/wp-json\/wp\/v2\/media?parent=6110"}],"wp:term":[{"taxonomy":"product_brand","embeddable":true,"href":"https:\/\/www.chiefslife.com\/de-eu\/wp-json\/wp\/v2\/product_brand?post=6110"},{"taxonomy":"product_cat","embeddable":true,"href":"https:\/\/www.chiefslife.com\/de-eu\/wp-json\/wp\/v2\/product_cat?post=6110"},{"taxonomy":"product_tag","embeddable":true,"href":"https:\/\/www.chiefslife.com\/de-eu\/wp-json\/wp\/v2\/product_tag?post=6110"}],"curies":[{"name":"wp","href":"https:\/\/api.w.org\/{rel}","templated":true}]}}