{"id":10757,"date":"2022-04-04T13:17:05","date_gmt":"2022-04-04T11:17:05","guid":{"rendered":"https:\/\/www.chiefslife.com\/fr-ch\/?page_id=10757"},"modified":"2022-07-25T16:16:33","modified_gmt":"2022-07-25T14:16:33","slug":"protein-muesli","status":"publish","type":"page","link":"https:\/\/www.chiefslife.com\/fr-ch\/protein-muesli\/","title":{"rendered":"Protein M\u00fcesli"},"content":{"rendered":"\n<div class=\"wp-block-group\"><div class=\"wp-block-group__inner-container is-layout-flow wp-block-group-is-layout-flow\">\n<h1 class=\"has-text-align-center wp-block-heading\">Protein M\u00fcesli<\/h1>\n\n\n\n<p class=\"has-text-align-center has-body-1-font-size\">Tu n\u2019es pas du matin ? Commence ta journ\u00e9e du bon pied en prenant un petit d\u00e9jeuner plus adapt\u00e9 : beaucoup de prot\u00e9ines, pas de sucres ajout\u00e9s, peu d\u2019hydrates de carbone. Un vrai classique suisse r\u00e9invent\u00e9 par Chiefs<sup>\u00ae<\/sup>. Qu\u2019est-ce que tu attends ?<\/p>\n<\/div><\/div>\n\n\n\n<div class=\"wp-block-chiefs-column-brick\"><div class=\"wp-block-chiefs-column-brick-column\"><div class=\"wp-block-chiefs-column-brick-image-container\"><a href=\"https:\/\/www.chiefslife.com\/fr-ch\/produit\/protein-muesli-classic\/\" target=\"_self\" rel=\"noopener\"><img decoding=\"async\" width=\"1000\" height=\"1000\" class=\"wp-block-chiefs-column-brick-image wp-image-10758\" src=\"https:\/\/www.chiefslife.com\/fr-ch\/wp-content\/uploads\/sites\/7\/2022\/04\/Chiefs_Web_1000x1000_ProteinMuesli_Classic_front_shade.png\" alt=\"Column image\" sizes=\"(max-width: 768px) 100vw, 25vw\" srcset=\"https:\/\/www.chiefslife.com\/fr-ch\/wp-content\/uploads\/sites\/7\/2022\/04\/Chiefs_Web_1000x1000_ProteinMuesli_Classic_front_shade.png 1000w, https:\/\/www.chiefslife.com\/fr-ch\/wp-content\/uploads\/sites\/7\/2022\/04\/Chiefs_Web_1000x1000_ProteinMuesli_Classic_front_shade-300x300.png 300w, https:\/\/www.chiefslife.com\/fr-ch\/wp-content\/uploads\/sites\/7\/2022\/04\/Chiefs_Web_1000x1000_ProteinMuesli_Classic_front_shade-150x150.png 150w, https:\/\/www.chiefslife.com\/fr-ch\/wp-content\/uploads\/sites\/7\/2022\/04\/Chiefs_Web_1000x1000_ProteinMuesli_Classic_front_shade-768x768.png 768w, https:\/\/www.chiefslife.com\/fr-ch\/wp-content\/uploads\/sites\/7\/2022\/04\/Chiefs_Web_1000x1000_ProteinMuesli_Classic_front_shade-500x500.png 500w, https:\/\/www.chiefslife.com\/fr-ch\/wp-content\/uploads\/sites\/7\/2022\/04\/Chiefs_Web_1000x1000_ProteinMuesli_Classic_front_shade-800x800.png 800w, https:\/\/www.chiefslife.com\/fr-ch\/wp-content\/uploads\/sites\/7\/2022\/04\/Chiefs_Web_1000x1000_ProteinMuesli_Classic_front_shade-336x336.png 336w, https:\/\/www.chiefslife.com\/fr-ch\/wp-content\/uploads\/sites\/7\/2022\/04\/Chiefs_Web_1000x1000_ProteinMuesli_Classic_front_shade-100x100.png 100w\" \/><\/a><\/div><a class=\"wp-block-chiefs-column-brick-text-link\" href=\"https:\/\/www.chiefslife.com\/fr-ch\/produit\/protein-muesli-classic\/\" target=\"_self\" rel=\"noopener\"><h6 class=\"wp-block-chiefs-column-brick-text\">Classic<\/h6><\/a><\/div><div class=\"wp-block-chiefs-column-brick-column\"><div class=\"wp-block-chiefs-column-brick-image-container\"><a href=\"https:\/\/www.chiefslife.com\/fr-ch\/produit\/protein-muesli-banana-kiwi\/\" target=\"_self\" rel=\"noopener\"><img decoding=\"async\" width=\"1000\" height=\"1000\" class=\"wp-block-chiefs-column-brick-image wp-image-11887\" src=\"https:\/\/www.chiefslife.com\/fr-ch\/wp-content\/uploads\/sites\/7\/2022\/07\/Chiefs_Web_1000x1000_ProteinMuesli_Banana-Kiwi_front_shade.png\" alt=\"Column image\" sizes=\"(max-width: 768px) 100vw, 25vw\" srcset=\"https:\/\/www.chiefslife.com\/fr-ch\/wp-content\/uploads\/sites\/7\/2022\/07\/Chiefs_Web_1000x1000_ProteinMuesli_Banana-Kiwi_front_shade.png 1000w, https:\/\/www.chiefslife.com\/fr-ch\/wp-content\/uploads\/sites\/7\/2022\/07\/Chiefs_Web_1000x1000_ProteinMuesli_Banana-Kiwi_front_shade-300x300.png 300w, https:\/\/www.chiefslife.com\/fr-ch\/wp-content\/uploads\/sites\/7\/2022\/07\/Chiefs_Web_1000x1000_ProteinMuesli_Banana-Kiwi_front_shade-150x150.png 150w, https:\/\/www.chiefslife.com\/fr-ch\/wp-content\/uploads\/sites\/7\/2022\/07\/Chiefs_Web_1000x1000_ProteinMuesli_Banana-Kiwi_front_shade-768x768.png 768w, https:\/\/www.chiefslife.com\/fr-ch\/wp-content\/uploads\/sites\/7\/2022\/07\/Chiefs_Web_1000x1000_ProteinMuesli_Banana-Kiwi_front_shade-500x500.png 500w, https:\/\/www.chiefslife.com\/fr-ch\/wp-content\/uploads\/sites\/7\/2022\/07\/Chiefs_Web_1000x1000_ProteinMuesli_Banana-Kiwi_front_shade-800x800.png 800w, https:\/\/www.chiefslife.com\/fr-ch\/wp-content\/uploads\/sites\/7\/2022\/07\/Chiefs_Web_1000x1000_ProteinMuesli_Banana-Kiwi_front_shade-336x336.png 336w, https:\/\/www.chiefslife.com\/fr-ch\/wp-content\/uploads\/sites\/7\/2022\/07\/Chiefs_Web_1000x1000_ProteinMuesli_Banana-Kiwi_front_shade-100x100.png 100w\" \/><\/a><\/div><a class=\"wp-block-chiefs-column-brick-text-link\" href=\"https:\/\/www.chiefslife.com\/fr-ch\/produit\/protein-muesli-banana-kiwi\/\" target=\"_self\" rel=\"noopener\"><h6 class=\"wp-block-chiefs-column-brick-text\">Banana Kiwi<\/h6><\/a><\/div><\/div>\n","protected":false},"excerpt":{"rendered":"<p>Protein M\u00fcesli Tu n\u2019es pas du matin ? Commence ta journ\u00e9e du bon pied en prenant un petit d\u00e9jeuner plus adapt\u00e9 : beaucoup de prot\u00e9ines, pas de sucres ajout\u00e9s, peu d\u2019hydrates de carbone. Un vrai classique suisse r\u00e9invent\u00e9 par Chiefs\u00ae. Qu\u2019est-ce que tu attends ?<\/p>\n","protected":false},"author":4,"featured_media":0,"parent":0,"menu_order":0,"comment_status":"closed","ping_status":"closed","template":"","meta":{"_acf_changed":false,"inline_featured_image":false,"footnotes":""},"class_list":["post-10757","page","type-page","status-publish","hentry"],"acf":[],"_links":{"self":[{"href":"https:\/\/www.chiefslife.com\/fr-ch\/wp-json\/wp\/v2\/pages\/10757","targetHints":{"allow":["GET"]}}],"collection":[{"href":"https:\/\/www.chiefslife.com\/fr-ch\/wp-json\/wp\/v2\/pages"}],"about":[{"href":"https:\/\/www.chiefslife.com\/fr-ch\/wp-json\/wp\/v2\/types\/page"}],"author":[{"embeddable":true,"href":"https:\/\/www.chiefslife.com\/fr-ch\/wp-json\/wp\/v2\/users\/4"}],"replies":[{"embeddable":true,"href":"https:\/\/www.chiefslife.com\/fr-ch\/wp-json\/wp\/v2\/comments?post=10757"}],"version-history":[{"count":0,"href":"https:\/\/www.chiefslife.com\/fr-ch\/wp-json\/wp\/v2\/pages\/10757\/revisions"}],"wp:attachment":[{"href":"https:\/\/www.chiefslife.com\/fr-ch\/wp-json\/wp\/v2\/media?parent=10757"}],"curies":[{"name":"wp","href":"https:\/\/api.w.org\/{rel}","templated":true}]}}