{"id":1121,"date":"2021-03-11T14:08:32","date_gmt":"2021-03-11T13:08:32","guid":{"rendered":"https:\/\/www.chiefslife.com\/fr-ch\/?page_id=1121"},"modified":"2023-11-06T07:50:05","modified_gmt":"2023-11-06T06:50:05","slug":"qualite","status":"publish","type":"page","link":"https:\/\/www.chiefslife.com\/fr-ch\/qualite\/","title":{"rendered":"Qualit\u00e9"},"content":{"rendered":"\n<div class=\"wp-block-group\"><div class=\"wp-block-group__inner-container is-layout-flow wp-block-group-is-layout-flow\">\n<h1 class=\"wp-block-heading has-text-align-center\">Qualit\u00e9<\/h1>\n\n\n\n<p class=\"has-text-align-center\">La qualit\u00e9 d\u2019abord, toujours. Chiefs<sup>\u00ae<\/sup> a \u00e0 c\u0153ur d\u2019\u00e9tablir les normes de qualit\u00e9 les plus \u00e9lev\u00e9es tout au long de la cha\u00eene d\u2019approvisionnement. Nous respectons non seulement diverses normes sectorielles, mais nous optimisons \u00e9galement en permanence nos processus en mati\u00e8re de service \u00e0 la client\u00e8le, de durabilit\u00e9, de s\u00e9curit\u00e9 et de qualit\u00e9 des produits. Nous ne croyons pas aux compromis, car pour nos clients, seule la meilleure qualit\u00e9 est suffisante.<\/p>\n<\/div><\/div>\n\n\n\n<div class=\"wp-block-chiefs-banner-brick\"><div class=\"wp-block-chiefs-banner-brick-column banner-body\" style=\"background-color:#d2c6bb\"><h3 class=\"wp-block-chiefs-banner-brick-title\" style=\"color:#31272E\">Certification <\/h3><div class=\"wp-block-button\"><a class=\"wp-block-button__link\" href=\"https:\/\/www.chiefslife.com\/fr-ch\/ifs-broker\/\" target=\"_self\" rel=\"noopener\">Lire maintenant<\/a><\/div><\/div><div class=\"wp-block-chiefs-banner-brick-column banner-image\" style=\"background-color:#d2c6bb\"><a class=\"wp-block-chiefs-banner-brick-image-link\" href=\"https:\/\/www.chiefslife.com\/fr-ch\/ifs-broker\/\" target=\"_self\" rel=\"noopener\"><img decoding=\"async\" width=\"1500\" height=\"1000\" class=\"wp-block-chiefs-banner-brick-image wp-image-12267\" src=\"https:\/\/www.chiefslife.com\/fr-ch\/wp-content\/uploads\/sites\/7\/2022\/10\/Audit_IFS-broker.jpg\" alt=\"Banner image\" sizes=\"(max-width: 768px) 100vw, 50vw\" srcset=\"https:\/\/www.chiefslife.com\/fr-ch\/wp-content\/uploads\/sites\/7\/2022\/10\/Audit_IFS-broker.jpg 1500w, https:\/\/www.chiefslife.com\/fr-ch\/wp-content\/uploads\/sites\/7\/2022\/10\/Audit_IFS-broker-300x200.jpg 300w, https:\/\/www.chiefslife.com\/fr-ch\/wp-content\/uploads\/sites\/7\/2022\/10\/Audit_IFS-broker-1024x683.jpg 1024w, https:\/\/www.chiefslife.com\/fr-ch\/wp-content\/uploads\/sites\/7\/2022\/10\/Audit_IFS-broker-768x512.jpg 768w, https:\/\/www.chiefslife.com\/fr-ch\/wp-content\/uploads\/sites\/7\/2022\/10\/Audit_IFS-broker-500x333.jpg 500w, https:\/\/www.chiefslife.com\/fr-ch\/wp-content\/uploads\/sites\/7\/2022\/10\/Audit_IFS-broker-800x533.jpg 800w, https:\/\/www.chiefslife.com\/fr-ch\/wp-content\/uploads\/sites\/7\/2022\/10\/Audit_IFS-broker-1280x853.jpg 1280w, https:\/\/www.chiefslife.com\/fr-ch\/wp-content\/uploads\/sites\/7\/2022\/10\/Audit_IFS-broker-336x224.jpg 336w\" \/><\/a><\/div><\/div>\n\n\n\n<div class=\"wp-block-chiefs-banner-brick\"><div class=\"wp-block-chiefs-banner-brick-column banner-image\" style=\"background-color:#98c469\"><a class=\"wp-block-chiefs-banner-brick-image-link\" href=\"https:\/\/www.chiefslife.com\/fr-ch\/durabilite\/\" target=\"_self\" rel=\"noopener\"><img decoding=\"async\" width=\"1500\" height=\"1000\" class=\"wp-block-chiefs-banner-brick-image wp-image-15589\" src=\"https:\/\/www.chiefslife.com\/fr-ch\/wp-content\/uploads\/sites\/7\/2023\/11\/Chiefs_Nachhaltigkeit.jpg\" alt=\"Banner image\" sizes=\"(max-width: 768px) 100vw, 50vw\" srcset=\"https:\/\/www.chiefslife.com\/fr-ch\/wp-content\/uploads\/sites\/7\/2023\/11\/Chiefs_Nachhaltigkeit.jpg 1500w, https:\/\/www.chiefslife.com\/fr-ch\/wp-content\/uploads\/sites\/7\/2023\/11\/Chiefs_Nachhaltigkeit-300x200.jpg 300w, https:\/\/www.chiefslife.com\/fr-ch\/wp-content\/uploads\/sites\/7\/2023\/11\/Chiefs_Nachhaltigkeit-1024x683.jpg 1024w, https:\/\/www.chiefslife.com\/fr-ch\/wp-content\/uploads\/sites\/7\/2023\/11\/Chiefs_Nachhaltigkeit-768x512.jpg 768w, https:\/\/www.chiefslife.com\/fr-ch\/wp-content\/uploads\/sites\/7\/2023\/11\/Chiefs_Nachhaltigkeit-336x224.jpg 336w, https:\/\/www.chiefslife.com\/fr-ch\/wp-content\/uploads\/sites\/7\/2023\/11\/Chiefs_Nachhaltigkeit-800x533.jpg 800w\" \/><\/a><\/div><div class=\"wp-block-chiefs-banner-brick-column banner-body\" style=\"background-color:#98c469\"><h3 class=\"wp-block-chiefs-banner-brick-title\" style=\"color:#31272E\">Durabilit\u00e9 <\/h3><div class=\"wp-block-button\"><a class=\"wp-block-button__link\" href=\"https:\/\/www.chiefslife.com\/fr-ch\/durabilite\/\" target=\"_self\" rel=\"noopener\">Lire maintenant<\/a><\/div><\/div><\/div>\n\n\n\n<div class=\"wp-block-chiefs-banner-brick\"><div class=\"wp-block-chiefs-banner-brick-column banner-body\" style=\"background-color:#b3d9e9\"><h3 class=\"wp-block-chiefs-banner-brick-title\" style=\"color:#31272E\">Gaspillage alimentaire <\/h3><div class=\"wp-block-button\"><a class=\"wp-block-button__link\" href=\"https:\/\/www.chiefslife.com\/fr-ch\/gaspillage-alimentaire\/\" target=\"_self\" rel=\"noopener\">Lire maintenant<\/a><\/div><\/div><div class=\"wp-block-chiefs-banner-brick-column banner-image\" style=\"background-color:#b3d9e9\"><a class=\"wp-block-chiefs-banner-brick-image-link\" href=\"https:\/\/www.chiefslife.com\/fr-ch\/gaspillage-alimentaire\/\" target=\"_self\" rel=\"noopener\"><img decoding=\"async\" width=\"1500\" height=\"1000\" class=\"wp-block-chiefs-banner-brick-image wp-image-8071\" src=\"https:\/\/www.chiefslife.com\/fr-ch\/wp-content\/uploads\/sites\/7\/2022\/01\/Chiefs_FoodWaste.jpg\" alt=\"Banner image\" sizes=\"(max-width: 768px) 100vw, 50vw\" srcset=\"https:\/\/www.chiefslife.com\/fr-ch\/wp-content\/uploads\/sites\/7\/2022\/01\/Chiefs_FoodWaste.jpg 1500w, https:\/\/www.chiefslife.com\/fr-ch\/wp-content\/uploads\/sites\/7\/2022\/01\/Chiefs_FoodWaste-300x200.jpg 300w, https:\/\/www.chiefslife.com\/fr-ch\/wp-content\/uploads\/sites\/7\/2022\/01\/Chiefs_FoodWaste-1024x683.jpg 1024w, https:\/\/www.chiefslife.com\/fr-ch\/wp-content\/uploads\/sites\/7\/2022\/01\/Chiefs_FoodWaste-768x512.jpg 768w, https:\/\/www.chiefslife.com\/fr-ch\/wp-content\/uploads\/sites\/7\/2022\/01\/Chiefs_FoodWaste-500x333.jpg 500w, https:\/\/www.chiefslife.com\/fr-ch\/wp-content\/uploads\/sites\/7\/2022\/01\/Chiefs_FoodWaste-800x533.jpg 800w, https:\/\/www.chiefslife.com\/fr-ch\/wp-content\/uploads\/sites\/7\/2022\/01\/Chiefs_FoodWaste-1280x853.jpg 1280w, https:\/\/www.chiefslife.com\/fr-ch\/wp-content\/uploads\/sites\/7\/2022\/01\/Chiefs_FoodWaste-336x224.jpg 336w\" \/><\/a><\/div><\/div>\n\n\n\n<p><\/p>\n","protected":false},"excerpt":{"rendered":"<p>Qualit\u00e9 La qualit\u00e9 d\u2019abord, toujours. Chiefs\u00ae a \u00e0 c\u0153ur d\u2019\u00e9tablir les normes de qualit\u00e9 les plus \u00e9lev\u00e9es tout au long de la cha\u00eene d\u2019approvisionnement. Nous respectons non seulement diverses normes sectorielles, mais nous optimisons \u00e9galement en permanence nos processus en mati\u00e8re de service \u00e0 la client\u00e8le, de durabilit\u00e9, de s\u00e9curit\u00e9 et de qualit\u00e9 des produits. [&hellip;]<\/p>\n","protected":false},"author":2,"featured_media":0,"parent":0,"menu_order":0,"comment_status":"closed","ping_status":"closed","template":"","meta":{"_acf_changed":false,"inline_featured_image":false,"footnotes":""},"class_list":["post-1121","page","type-page","status-publish","hentry"],"acf":[],"_links":{"self":[{"href":"https:\/\/www.chiefslife.com\/fr-ch\/wp-json\/wp\/v2\/pages\/1121","targetHints":{"allow":["GET"]}}],"collection":[{"href":"https:\/\/www.chiefslife.com\/fr-ch\/wp-json\/wp\/v2\/pages"}],"about":[{"href":"https:\/\/www.chiefslife.com\/fr-ch\/wp-json\/wp\/v2\/types\/page"}],"author":[{"embeddable":true,"href":"https:\/\/www.chiefslife.com\/fr-ch\/wp-json\/wp\/v2\/users\/2"}],"replies":[{"embeddable":true,"href":"https:\/\/www.chiefslife.com\/fr-ch\/wp-json\/wp\/v2\/comments?post=1121"}],"version-history":[{"count":0,"href":"https:\/\/www.chiefslife.com\/fr-ch\/wp-json\/wp\/v2\/pages\/1121\/revisions"}],"wp:attachment":[{"href":"https:\/\/www.chiefslife.com\/fr-ch\/wp-json\/wp\/v2\/media?parent=1121"}],"curies":[{"name":"wp","href":"https:\/\/api.w.org\/{rel}","templated":true}]}}