{"id":11928,"date":"2022-08-10T08:53:30","date_gmt":"2022-08-10T06:53:30","guid":{"rendered":"https:\/\/www.chiefslife.com\/fr-ch\/?page_id=11928"},"modified":"2022-08-17T08:57:01","modified_gmt":"2022-08-17T06:57:01","slug":"3x3-lausanne22","status":"publish","type":"page","link":"https:\/\/www.chiefslife.com\/fr-ch\/3x3-lausanne22\/","title":{"rendered":"FIBA 3&#215;3 World Tour Lausanne"},"content":{"rendered":"<!DOCTYPE html PUBLIC \"-\/\/W3C\/\/DTD HTML 4.0 Transitional\/\/EN\" \"http:\/\/www.w3.org\/TR\/REC-html40\/loose.dtd\">\n<html><body><div class=\"wp-block-chiefs-cover-brick undefined swiper-container chiefs-brick swiper-no-swiping\" data-swiper-slides-per-view=\"1\" data-swiper-loop=\"true\"><div class=\"swiper-wrapper\"><div class=\"swiper-slide\"><a href=\"https:\/\/www.chiefslife.com\/de-ch\/produkt\/protein-bar-strawberry\/\" class=\"slider-a-link\"><picture><source srcset=\"https:\/\/www.chiefslife.com\/fr-ch\/wp-content\/uploads\/sites\/7\/2022\/08\/FIBA_3x3_768x1050px_v2.jpg\" media=\"screen and (max-width: 768px)\"><\/source><img decoding=\"async\" width=\"1920\" height=\"803\" class=\"wp-image-11960 swiper-lazy load-instantly\" src=\"https:\/\/www.chiefslife.com\/fr-ch\/wp-content\/uploads\/sites\/7\/2022\/08\/FIBA_3x3_1920x803px_v2.jpg\" srcset=\"https:\/\/www.chiefslife.com\/fr-ch\/wp-content\/uploads\/sites\/7\/2022\/08\/FIBA_3x3_1920x803px_v2.jpg 1920w, https:\/\/www.chiefslife.com\/fr-ch\/wp-content\/uploads\/sites\/7\/2022\/08\/FIBA_3x3_1920x803px_v2-300x125.jpg 300w, https:\/\/www.chiefslife.com\/fr-ch\/wp-content\/uploads\/sites\/7\/2022\/08\/FIBA_3x3_1920x803px_v2-1024x428.jpg 1024w, https:\/\/www.chiefslife.com\/fr-ch\/wp-content\/uploads\/sites\/7\/2022\/08\/FIBA_3x3_1920x803px_v2-768x321.jpg 768w, https:\/\/www.chiefslife.com\/fr-ch\/wp-content\/uploads\/sites\/7\/2022\/08\/FIBA_3x3_1920x803px_v2-1536x642.jpg 1536w, https:\/\/www.chiefslife.com\/fr-ch\/wp-content\/uploads\/sites\/7\/2022\/08\/FIBA_3x3_1920x803px_v2-500x209.jpg 500w, https:\/\/www.chiefslife.com\/fr-ch\/wp-content\/uploads\/sites\/7\/2022\/08\/FIBA_3x3_1920x803px_v2-800x335.jpg 800w, https:\/\/www.chiefslife.com\/fr-ch\/wp-content\/uploads\/sites\/7\/2022\/08\/FIBA_3x3_1920x803px_v2-1280x535.jpg 1280w, https:\/\/www.chiefslife.com\/fr-ch\/wp-content\/uploads\/sites\/7\/2022\/08\/FIBA_3x3_1920x803px_v2-336x141.jpg 336w\" sizes=\"(max-width: 1920px) 100vw, 1920px\"><\/picture><\/a><\/div><\/div><\/div>\n\n\n\n<div class=\"wp-block-group\"><div class=\"wp-block-group__inner-container is-layout-flow wp-block-group-is-layout-flow\">\n<h2 class=\"has-text-align-center wp-block-heading\"><strong>Bienvenue chez Chiefs !<\/strong><\/h2>\n\n\n\n<h5 class=\"has-text-align-center wp-block-heading\"><strong>Gagne avec un peu de chance l&rsquo;un des 5&nbsp;colis Chiefs d&rsquo;une valeur de 100&nbsp;CHF !<\/strong><\/h5>\n\n\n\n<p class=\"has-text-align-center\">Nous esp&eacute;rons que tu as appr&eacute;ci&eacute; nos produits prot&eacute;in&eacute;s Chiefs<sup>&reg;<\/sup> ! Nous tirerons au sort 5 paquets de d&eacute;licieux produits Chiefs parmi toutes les participations. Le concours dure jusqu&rsquo;au 31 ao&ucirc;t 2022.<\/p>\n\n\n\n<p class=\"has-text-align-center\">C&rsquo;est parti !<br>Tente ta chance &agrave; notre jeu-concours ! <\/p>\n\n\n\n<h6 class=\"has-text-align-center wp-block-heading\"><strong>Pour participer au tirage au sort, tu dois :<\/strong><\/h6>\n\n\n\n<p class=\"has-text-align-center\">1. R&eacute;pondre aux questions dans le formulaire.<br>2. Remplir le formulaire avec tes coordonn&eacute;es personnelles.<br>3. Envoyer le formulaire &ndash; tu participeras ainsi automatiquement au tirage au sort.<\/p>\n\n\n\n<div class=\"wp-block-buttons is-layout-flex wp-block-buttons-is-layout-flex\">\n<div class=\"wp-block-button\"><a class=\"wp-block-button__link\" href=\"https:\/\/www.chiefslife.com\/fr-ch\/condition-de-participation-fiba-3x3-lausanne-22\/\">Condition de participation<\/a><\/div>\n<\/div>\n\n\n\n<div style=\"height:50px\" aria-hidden=\"true\" class=\"wp-block-spacer\"><\/div>\n\n\n\n<div class=\"wp-block-contact-form-7-contact-form-selector\">[contact-form-7 id=&nbsp;&raquo;11932&Prime; title=&nbsp;&raquo;Kontakt_Gewinnspiel_3x3 Lausanne&nbsp;&raquo;]<\/div>\n<\/div><\/div>\n\n\n\n<div class=\"wp-block-group has-sky-white-color has-text-color has-background\" style=\"background-color:#175bc8\"><div class=\"wp-block-group__inner-container is-layout-flow wp-block-group-is-layout-flow\">\n<p><\/p>\n\n\n\n<h6 class=\"has-text-align-center wp-block-heading\"><strong><strong>Tu ne connais pas encore les d&eacute;licieux produits Chiefs<sup>&reg;<\/sup> <\/strong><\/strong> ?<\/h6>\n\n\n\n<p class=\"has-text-align-center\">Alors c&rsquo;est l&rsquo;occasion id&eacute;ale de d&eacute;couvrir par toi-m&ecirc;me le go&ucirc;t d&eacute;licieux et les valeurs nutritives exceptionnelles de nos produits innovants. Tu pr&eacute;f&egrave;res le sucr&eacute; ou le sal&eacute; ? Nous avons le bon produit pour tous les go&ucirc;ts ! Ach&egrave;te ton premier produit Chiefs chez l&rsquo;un de nos <a rel=\"noreferrer noopener\" href=\"https:\/\/www.chiefslife.com\/fr-ch\/retrouve-tes-produits-chiefs-ici\/\" target=\"_blank\">revendeurs<\/a> ou profite d&egrave;s maintenant de 10% de r&eacute;duction (code : 3x3LAUSANNE22) sur ta premi&egrave;re commande dans notre <a rel=\"noreferrer noopener\" href=\"https:\/\/www.chiefslife.com\/fr-ch\/boutique\/\" target=\"_blank\">boutique en ligne.<\/a><\/p>\n\n\n\n<div class=\"wp-block-buttons is-horizontal is-content-justification-center is-layout-flex wp-container-core-buttons-is-layout-499968f5 wp-block-buttons-is-layout-flex\">\n<div class=\"wp-block-button is-style-fill\"><a class=\"wp-block-button__link has-sky-white-color has-text-color\" href=\"https:\/\/www.chiefslife.com\/fr-ch\/boutique\/\" target=\"_blank\" rel=\"noopener\">Commande en ligne d&egrave;s maintenant<\/a><\/div>\n<\/div>\n<\/div><\/div>\n\n\n\n<div class=\"wp-block-chiefs-banner-brick\"><div class=\"wp-block-chiefs-banner-brick-column banner-body\" style=\"background-color:#98c469\"><h3 class=\"wp-block-chiefs-banner-brick-title\" style=\"color:#31272E\">Apprends ce qu&rsquo;il faut savoir sur les prot&eacute;ines et une alimentation saine <\/h3><div class=\"wp-block-button\"><a class=\"wp-block-button__link\" href=\"https:\/\/www.chiefslife.com\/fr-ch\/alimentation\/\" target=\"_blank\" rel=\"noopener\">En savoir plus<\/a><\/div><\/div><div class=\"wp-block-chiefs-banner-brick-column banner-image\" style=\"background-color:#98c469\"><a class=\"wp-block-chiefs-banner-brick-image-link\" href=\"https:\/\/www.chiefslife.com\/de-eu\/ernaehrung\/\" target=\"_blank\" rel=\"noopener\"><img decoding=\"async\" class=\"wp-block-chiefs-banner-brick-image wp-image-8204\" src=\"https:\/\/www.chiefslife.com\/de-eu\/wp-content\/uploads\/sites\/6\/2022\/01\/Proteine.jpg\" alt=\"Banner image\" sizes=\"(max-width: 768px) 100vw, 50vw\"><\/a><\/div><\/div>\n\n\n\n<div class=\"wp-block-chiefs-banner-brick\"><div class=\"wp-block-chiefs-banner-brick-column banner-image\" style=\"background-color:#f06464\"><a class=\"wp-block-chiefs-banner-brick-image-link\" href=\"https:\/\/www.chiefslife.com\/de-eu\/rezepte-uebersicht\/\" target=\"_blank\" rel=\"noopener\"><img decoding=\"async\" width=\"960\" height=\"1200\" class=\"wp-block-chiefs-banner-brick-image wp-image-2175\" src=\"https:\/\/www.chiefslife.com\/de-eu\/wp-content\/uploads\/sites\/6\/2021\/04\/Strawberry-Overnight-Oats.jpg\" alt=\"Banner image\" sizes=\"(max-width: 768px) 100vw, 50vw\" srcset=\"https:\/\/www.chiefslife.com\/fr-ch\/wp-content\/uploads\/sites\/7\/2021\/04\/Strawberry-Overnight-Oats.jpg 960w, https:\/\/www.chiefslife.com\/fr-ch\/wp-content\/uploads\/sites\/7\/2021\/04\/Strawberry-Overnight-Oats-336x420.jpg 336w, https:\/\/www.chiefslife.com\/fr-ch\/wp-content\/uploads\/sites\/7\/2021\/04\/Strawberry-Overnight-Oats-800x1000.jpg 800w, https:\/\/www.chiefslife.com\/fr-ch\/wp-content\/uploads\/sites\/7\/2021\/04\/Strawberry-Overnight-Oats-240x300.jpg 240w, https:\/\/www.chiefslife.com\/fr-ch\/wp-content\/uploads\/sites\/7\/2021\/04\/Strawberry-Overnight-Oats-819x1024.jpg 819w, https:\/\/www.chiefslife.com\/fr-ch\/wp-content\/uploads\/sites\/7\/2021\/04\/Strawberry-Overnight-Oats-768x960.jpg 768w, https:\/\/www.chiefslife.com\/fr-ch\/wp-content\/uploads\/sites\/7\/2021\/04\/Strawberry-Overnight-Oats-500x625.jpg 500w\"><\/a><\/div><div class=\"wp-block-chiefs-banner-brick-column banner-body\" style=\"background-color:#f06464\"><h3 class=\"wp-block-chiefs-banner-brick-title\" style=\"color:#31272E\">Laisse-toi inspirer par nos recettes cr&eacute;atives et d&eacute;licieuses ! <\/h3><div class=\"wp-block-button\"><a class=\"wp-block-button__link\" href=\"https:\/\/www.chiefslife.com\/fr-ch\/recettes\/\" target=\"_blank\" rel=\"noopener\">Acc&eacute;der aux recettes<\/a><\/div><\/div><\/div>\n<\/body><\/html>\n","protected":false},"excerpt":{"rendered":"<p>Bienvenue chez Chiefs ! Gagne avec un peu de chance l\u2019un des 5&nbsp;colis Chiefs d\u2019une valeur de 100&nbsp;CHF ! Nous esp\u00e9rons que tu as appr\u00e9ci\u00e9 nos produits prot\u00e9in\u00e9s Chiefs\u00ae ! Nous tirerons au sort 5 paquets de d\u00e9licieux produits Chiefs parmi toutes les participations. Le concours dure jusqu\u2019au 31 ao\u00fbt 2022. C\u2019est parti !Tente ta [&hellip;]<\/p>\n","protected":false},"author":25,"featured_media":0,"parent":0,"menu_order":0,"comment_status":"closed","ping_status":"closed","template":"","meta":{"_acf_changed":false,"inline_featured_image":false,"footnotes":""},"class_list":["post-11928","page","type-page","status-publish","hentry"],"acf":[],"_links":{"self":[{"href":"https:\/\/www.chiefslife.com\/fr-ch\/wp-json\/wp\/v2\/pages\/11928","targetHints":{"allow":["GET"]}}],"collection":[{"href":"https:\/\/www.chiefslife.com\/fr-ch\/wp-json\/wp\/v2\/pages"}],"about":[{"href":"https:\/\/www.chiefslife.com\/fr-ch\/wp-json\/wp\/v2\/types\/page"}],"author":[{"embeddable":true,"href":"https:\/\/www.chiefslife.com\/fr-ch\/wp-json\/wp\/v2\/users\/25"}],"replies":[{"embeddable":true,"href":"https:\/\/www.chiefslife.com\/fr-ch\/wp-json\/wp\/v2\/comments?post=11928"}],"version-history":[{"count":0,"href":"https:\/\/www.chiefslife.com\/fr-ch\/wp-json\/wp\/v2\/pages\/11928\/revisions"}],"wp:attachment":[{"href":"https:\/\/www.chiefslife.com\/fr-ch\/wp-json\/wp\/v2\/media?parent=11928"}],"curies":[{"name":"wp","href":"https:\/\/api.w.org\/{rel}","templated":true}]}}