{"id":17058,"date":"2024-06-21T08:58:32","date_gmt":"2024-06-21T06:58:32","guid":{"rendered":"https:\/\/www.chiefslife.com\/fr-ch\/?page_id=17058"},"modified":"2024-06-24T08:22:07","modified_gmt":"2024-06-24T06:22:07","slug":"proteinchips","status":"publish","type":"page","link":"https:\/\/www.chiefslife.com\/fr-ch\/proteinchips\/","title":{"rendered":"Protein Chips"},"content":{"rendered":"\n<div class=\"wp-block-group\"><div class=\"wp-block-group__inner-container is-layout-constrained wp-block-group-is-layout-constrained\">\n<h1 class=\"wp-block-heading has-text-align-center\">Protein Chips<\/h1>\n\n\n\n<p class=\"has-text-align-center has-body-1-font-size\">As-tu toujours voulu savourer un paquet entier de chips sans culpabiliser ? Gr\u00e2ce \u00e0 Chiefs, c\u2019est maintenant possible ! Nos Chips Prot\u00e9in\u00e9es se distinguent par leur go\u00fbt sensationnel et 70% de mati\u00e8res grasses en moins. De plus, chaque paquet offre 21g de prot\u00e9ines v\u00e9g\u00e9tales de haute qualit\u00e9. Les deux saveurs Sweet Paprika et Sour Cream sont des classiques dans le rayon chips, et notre version est plus savoureuse que jamais. Offre-toi ce snack r\u00e9volutionnaire avec le croquant que tu adores.<\/p>\n<\/div><\/div>\n\n\n<style>\n    .wp-block-chiefs-column-brick {\n        display: flex;\n        flex-wrap: wrap;\n        justify-content: center;\n        gap: 20px;\n    }\n\n    .wp-block-chiefs-column-brick-title-link {\n        flex: 0 0 100%;\n        text-align: center;\n    }\n\n    .wp-block-chiefs-column-brick-column {\n        flex: 0 1 calc(33.333% - 14px);\n        text-align: center;\n    }\n\n    .wp-block-chiefs-column-brick-text {\n        text-align: center;\n    }\n\n    @media (max-width: 768px) {\n        .wp-block-chiefs-column-brick-column {\n            flex: 0 1 100%;\n        }\n    }\n<\/style>\n<div id=\"chiefs-column-block-block_a2b3c9cddc282be81ab50c3b874bae1a\" class=\"chiefs-column-block\">\n    <div class=\"wp-block-chiefs-column-brick  chiefs-brick\">\n                                <div class=\"wp-block-chiefs-column-brick-column\">\n                    <div class=\"wp-block-chiefs-column-brick-image-container\">\n                        <a href=\"https:\/\/www.chiefslife.com\/fr-ch\/produit\/protein-chips-sweet-paprika\/\" target=\"_self\" rel=\"noopener\">\n                            <img decoding=\"async\" width=\"1000\" height=\"1000\" src=\"https:\/\/www.chiefslife.com\/fr-ch\/wp-content\/uploads\/sites\/7\/2024\/06\/Chiefs_ProteinChips_SweetPaprika_front_shade.png\" class=\"wp-block-chiefs-column-brick-image wp-image-500\" alt=\"\" srcset=\"https:\/\/www.chiefslife.com\/fr-ch\/wp-content\/uploads\/sites\/7\/2024\/06\/Chiefs_ProteinChips_SweetPaprika_front_shade.png 1000w, https:\/\/www.chiefslife.com\/fr-ch\/wp-content\/uploads\/sites\/7\/2024\/06\/Chiefs_ProteinChips_SweetPaprika_front_shade-300x300.png 300w, https:\/\/www.chiefslife.com\/fr-ch\/wp-content\/uploads\/sites\/7\/2024\/06\/Chiefs_ProteinChips_SweetPaprika_front_shade-150x150.png 150w, https:\/\/www.chiefslife.com\/fr-ch\/wp-content\/uploads\/sites\/7\/2024\/06\/Chiefs_ProteinChips_SweetPaprika_front_shade-768x768.png 768w, https:\/\/www.chiefslife.com\/fr-ch\/wp-content\/uploads\/sites\/7\/2024\/06\/Chiefs_ProteinChips_SweetPaprika_front_shade-336x336.png 336w, https:\/\/www.chiefslife.com\/fr-ch\/wp-content\/uploads\/sites\/7\/2024\/06\/Chiefs_ProteinChips_SweetPaprika_front_shade-800x800.png 800w, https:\/\/www.chiefslife.com\/fr-ch\/wp-content\/uploads\/sites\/7\/2024\/06\/Chiefs_ProteinChips_SweetPaprika_front_shade-100x100.png 100w\" sizes=\"(max-width: 1000px) 100vw, 1000px\" \/>                        <\/a>\n                    <\/div>\n                    <a class=\"wp-block-chiefs-column-brick-text-link\" href=\"https:\/\/www.chiefslife.com\/fr-ch\/produit\/protein-chips-sweet-paprika\/\" target=\"_self\" rel=\"noopener\">\n                        <h6 class=\"wp-block-chiefs-column-brick-text\">Sweet Paprika<\/h6>\n                    <\/a>\n                <\/div>\n                        <div class=\"wp-block-chiefs-column-brick-column\">\n                    <div class=\"wp-block-chiefs-column-brick-image-container\">\n                        <a href=\"https:\/\/www.chiefslife.com\/fr-ch\/produit\/protein-chips-sour-cream\/\" target=\"_self\" rel=\"noopener\">\n                            <img decoding=\"async\" width=\"1000\" height=\"1000\" src=\"https:\/\/www.chiefslife.com\/fr-ch\/wp-content\/uploads\/sites\/7\/2024\/06\/Chiefs_ProteinChips_SourCream_front_shade.png\" class=\"wp-block-chiefs-column-brick-image wp-image-500\" alt=\"\" srcset=\"https:\/\/www.chiefslife.com\/fr-ch\/wp-content\/uploads\/sites\/7\/2024\/06\/Chiefs_ProteinChips_SourCream_front_shade.png 1000w, https:\/\/www.chiefslife.com\/fr-ch\/wp-content\/uploads\/sites\/7\/2024\/06\/Chiefs_ProteinChips_SourCream_front_shade-300x300.png 300w, https:\/\/www.chiefslife.com\/fr-ch\/wp-content\/uploads\/sites\/7\/2024\/06\/Chiefs_ProteinChips_SourCream_front_shade-150x150.png 150w, https:\/\/www.chiefslife.com\/fr-ch\/wp-content\/uploads\/sites\/7\/2024\/06\/Chiefs_ProteinChips_SourCream_front_shade-768x768.png 768w, https:\/\/www.chiefslife.com\/fr-ch\/wp-content\/uploads\/sites\/7\/2024\/06\/Chiefs_ProteinChips_SourCream_front_shade-336x336.png 336w, https:\/\/www.chiefslife.com\/fr-ch\/wp-content\/uploads\/sites\/7\/2024\/06\/Chiefs_ProteinChips_SourCream_front_shade-800x800.png 800w, https:\/\/www.chiefslife.com\/fr-ch\/wp-content\/uploads\/sites\/7\/2024\/06\/Chiefs_ProteinChips_SourCream_front_shade-100x100.png 100w\" sizes=\"(max-width: 1000px) 100vw, 1000px\" \/>                        <\/a>\n                    <\/div>\n                    <a class=\"wp-block-chiefs-column-brick-text-link\" href=\"https:\/\/www.chiefslife.com\/fr-ch\/produit\/protein-chips-sour-cream\/\" target=\"_self\" rel=\"noopener\">\n                        <h6 class=\"wp-block-chiefs-column-brick-text\">Sour Cream<\/h6>\n                    <\/a>\n                <\/div>\n            <\/div>\n<\/div>\n\n\n<div style=\"height:80px\" aria-hidden=\"true\" class=\"wp-block-spacer\"><\/div>\n\n\n\n<style>\n    .chiefs-product-description-block {\n        max-width: 736px;\n        margin: 0 auto 1.5em auto;\n        padding: 0 20px;\n    }\n\n    .description-container {\n        transition: height 1s cubic-bezier(0.215, 0.610, 0.355, 1);\n        max-height: unset;\n    }\n\n    .description-container.hidden {\n        max-height: 0;\n        transition: height 1s cubic-bezier(0.215, 0.610, 0.355, 1);\n    }\n\n    .accordion .single-table .tab-content p {\n        margin-bottom: 0;\n    }\n\n    #expand-description {\n        cursor: pointer;\n        color: #001489;\n        transition: all .2s ease-in-out;\n    }\n\n    #expand-description:hover {\n        color: #88c434;\n    }\n\n    @media only screen and (max-width: 768px) {\n        .chiefs-product-description-block {\n            padding: 0;\n        }\n\n        .accordion.tabs .tab .tab-label::after {\n            min-width: 36px;\n            min-height: 36px;\n        }\n    }\n<\/style>\n\n\n<div id=\"chiefs-product-description-block-block_2479cd07c2605046abd71fc039faf66f\" class=\"chiefs-product-description-block\" data-aos=\"fade\">\n\n\n    <h2>Chips prot\u00e9in\u00e9es Chiefs<\/h2>\n\n    <p>Plonge dans une exp\u00e9rience gustative ultime avec nos chips crot\u00e9in\u00e9es. Les saveurs Sweet Paprika et Sour Cream sont de v\u00e9ritables bombes de saveur pour une exp\u00e9rience incomparable. Que tu sois en d\u00e9placement ou en train de te d\u00e9tendre \u00e0 la maison, ces chips offrent non seulement une option plus saine, mais aussi le croquant parfait que tu adoreras. Nos chips sont \u00e9galement v\u00e9ganes, sans lactose et pas frites. Offre-toi maintenant le meilleur des deux mondes : des chips croustillantes qui te raviront par leur go\u00fbt tout en soutenant ton apport en prot\u00e9ines. <\/p>\n\n    <div class=\"description-container\" id=\"hidden-description\" style=\"overflow: hidden\">\n        <div class=\"hidden-description__content\">\n                    <\/div>\n    <\/div>\n    \n        <span id=\"expand-description\" style=\"cursor: pointer\"> <\/span>\n\n    \n    <h2 style=\"margin-top: 40px;\"> Questions fr\u00e9quemment pos\u00e9es <\/h2>\n\n    <div class=\"accordion tabs nutrition-tables\" style=\"margin-bottom: 40px;\">\n                    <div class=\"single-table tab\">\n                <input type=\"checkbox\">\n                <label class=\"tab-label\">\n                    <p class=\"title has-body-1-font-size\">70% moins de mati\u00e8res grasses \u2013 Comment est-ce possible ?<\/p>\n                <\/label>\n                <div class=\"tab-content\">\n                    <p>Nos Protein Chips ne sont pas frites mais cuites au four, ce qui permet de r\u00e9duire consid\u00e9rablement la quantit\u00e9 de mati\u00e8res grasses tout en pr\u00e9servant un go\u00fbt intense.<\/p>\n                <\/div>\n            <\/div>\n                    <div class=\"single-table tab\">\n                <input type=\"checkbox\">\n                <label class=\"tab-label\">\n                    <p class=\"title has-body-1-font-size\">Comment les chips peuvent-elles \u00eatre savoureuses malgr\u00e9 moins de mati\u00e8res grasses ?<\/p>\n                <\/label>\n                <div class=\"tab-content\">\n                    <p>Nous utilisons des \u00e9pices de haute qualit\u00e9 au go\u00fbt intense pour donner \u00e0 nos Protein Chips une saveur ultime. Des chips d\u00e9licieuses n\u2019ont pas besoin d\u2019\u00eatre grasses.<\/p>\n                <\/div>\n            <\/div>\n                    <div class=\"single-table tab\">\n                <input type=\"checkbox\">\n                <label class=\"tab-label\">\n                    <p class=\"title has-body-1-font-size\">Quelle est la texture des chips ?<\/p>\n                <\/label>\n                <div class=\"tab-content\">\n                    <p>Les Protein Chips de Chiefs se distinguent par leur texture croustillante et satisfaisante. Le bruit satisfaisant de croustillant lorsque vous les mordez, vous offre une exp\u00e9rience de croustillance ultime, tout comme vous en avez l\u2019habitude avec les chips traditionnelles.<\/p>\n                <\/div>\n            <\/div>\n                    <div class=\"single-table tab\">\n                <input type=\"checkbox\">\n                <label class=\"tab-label\">\n                    <p class=\"title has-body-1-font-size\">O\u00f9 sont fabriqu\u00e9es les chips ?<\/p>\n                <\/label>\n                <div class=\"tab-content\">\n                    <p>Dans la mesure du possible, nous privil\u00e9gions la localit\u00e9 et la qualit\u00e9 suisse. C\u2019est pourquoi nos Protein Chips sont enti\u00e8rement fabriqu\u00e9es en Suisse.<\/p>\n                <\/div>\n            <\/div>\n                    <div class=\"single-table tab\">\n                <input type=\"checkbox\">\n                <label class=\"tab-label\">\n                    <p class=\"title has-body-1-font-size\">De quoi sont compos\u00e9es les chips ?<\/p>\n                <\/label>\n                <div class=\"tab-content\">\n                    <p>Les Protein Chips sont faites \u00e0 base de pois et de lentilles avec des pommes de terre et du riz.<\/p>\n                <\/div>\n            <\/div>\n                    <div class=\"single-table tab\">\n                <input type=\"checkbox\">\n                <label class=\"tab-label\">\n                    <p class=\"title has-body-1-font-size\">Comment les chips peuvent-elles \u00eatre riches en prot\u00e9ines ?<\/p>\n                <\/label>\n                <div class=\"tab-content\">\n                    <p>Nos Protein Chips contiennent des prot\u00e9ines de pois, repr\u00e9sentant 32% de l\u2019ensemble du paquet, ce qui leur permet de revendiquer la mention \u00ab High Protein \u00bb.<\/p>\n                <\/div>\n            <\/div>\n            <\/div>\n\n    <h2><\/h2>\n    <p><\/p>\n<\/div>\n\n\n<script>\n    const description = document.getElementById('hidden-description');\n    const expand = document.getElementById('expand-description');\n    const descriptionHeight = description.offsetHeight;\n\n            description.classList.add('hidden');\n\n        \/\/ description.style.height = 0;\n\n        expand.addEventListener(\"click\", function() {\n            if (!description.classList.contains('hidden')) {\n                description.classList.add('hidden');\n                this.textContent = 'Read more...';\n                \/\/ description.style.height = 0;\n            } else {\n                description.style.maxHeight = descriptionHeight;\n                description.classList.remove('hidden');\n                this.textContent = '';\n                \/\/ description.style.height = descriptionHeight;\n            }\n        });\n    \n    const accordion = document.querySelector('.accordion');\n    const tab = document.querySelector('.single-table');\n    const tablabel = document.getElementsByClassName('tab-label');\n\n    console.log(tab.children[2]);\n\n    for (var i = 0; i < tablabel.length; i++) {\n        tablabel[i].addEventListener(\"click\", function() {\n            var panel = this.nextElementSibling;\n            var checkbox = this.previousElementSibling;\n            if (!checkbox.checked) {\n                checkbox.setAttribute('checked', 'checked');\n            } else {\n                checkbox.removeAttribute('checked');\n            }\n\n        });\n    }\n<\/script>","protected":false},"excerpt":{"rendered":"<p>Protein Chips As-tu toujours voulu savourer un paquet entier de chips sans culpabiliser ? Gr\u00e2ce \u00e0 Chiefs, c\u2019est maintenant possible ! Nos Chips Prot\u00e9in\u00e9es se distinguent par leur go\u00fbt sensationnel et 70% de mati\u00e8res grasses en moins. De plus, chaque paquet offre 21g de prot\u00e9ines v\u00e9g\u00e9tales de haute qualit\u00e9. Les deux saveurs Sweet Paprika et [&hellip;]<\/p>\n","protected":false},"author":4,"featured_media":0,"parent":0,"menu_order":0,"comment_status":"closed","ping_status":"closed","template":"","meta":{"_acf_changed":false,"inline_featured_image":false,"footnotes":""},"class_list":["post-17058","page","type-page","status-publish","hentry"],"acf":[],"_links":{"self":[{"href":"https:\/\/www.chiefslife.com\/fr-ch\/wp-json\/wp\/v2\/pages\/17058","targetHints":{"allow":["GET"]}}],"collection":[{"href":"https:\/\/www.chiefslife.com\/fr-ch\/wp-json\/wp\/v2\/pages"}],"about":[{"href":"https:\/\/www.chiefslife.com\/fr-ch\/wp-json\/wp\/v2\/types\/page"}],"author":[{"embeddable":true,"href":"https:\/\/www.chiefslife.com\/fr-ch\/wp-json\/wp\/v2\/users\/4"}],"replies":[{"embeddable":true,"href":"https:\/\/www.chiefslife.com\/fr-ch\/wp-json\/wp\/v2\/comments?post=17058"}],"version-history":[{"count":1,"href":"https:\/\/www.chiefslife.com\/fr-ch\/wp-json\/wp\/v2\/pages\/17058\/revisions"}],"predecessor-version":[{"id":18115,"href":"https:\/\/www.chiefslife.com\/fr-ch\/wp-json\/wp\/v2\/pages\/17058\/revisions\/18115"}],"wp:attachment":[{"href":"https:\/\/www.chiefslife.com\/fr-ch\/wp-json\/wp\/v2\/media?parent=17058"}],"curies":[{"name":"wp","href":"https:\/\/api.w.org\/{rel}","templated":true}]}}