{"id":17743,"date":"2025-04-30T14:00:26","date_gmt":"2025-04-30T12:00:26","guid":{"rendered":"https:\/\/www.chiefslife.com\/fr-ch\/?page_id=17743"},"modified":"2026-01-23T16:40:31","modified_gmt":"2026-01-23T15:40:31","slug":"protein-wafer","status":"publish","type":"page","link":"https:\/\/www.chiefslife.com\/fr-ch\/protein-wafer\/","title":{"rendered":"Protein Wafer"},"content":{"rendered":"\n<div class=\"wp-block-group\"><div class=\"wp-block-group__inner-container is-layout-flow wp-block-group-is-layout-flow\">\n<h1 class=\"wp-block-heading has-text-align-center\">Protein Wafer<\/h1>\n\n\n\n<p class=\"has-text-align-center has-body-1-font-size\">La tradition rencontre l\u2019innovation : le go\u00fbt classique des gaufrettes au chocolat K\u00e4gi combin\u00e9 \u00e0 la nutrition fonctionnelle de Chiefs. Gaufrettes croustillantes enrob\u00e9es du meilleur chocolat avec 13g de prot\u00e9ines de haute qualit\u00e9 et sans sucre ajout\u00e9. Savourez les gaufrettes au chocolat K\u00e4gi que vous aimez \u2013 avec Chiefs !<\/p>\n<\/div><\/div>\n\n\n<style>\n    .wp-block-chiefs-column-brick {\n        display: flex;\n        flex-wrap: wrap;\n        justify-content: center;\n        gap: 20px;\n    }\n\n    .wp-block-chiefs-column-brick-title-link {\n        flex: 0 0 100%;\n        text-align: center;\n    }\n\n    .wp-block-chiefs-column-brick-column {\n        flex: 0 1 calc(33.333% - 14px);\n        text-align: center;\n    }\n\n    .wp-block-chiefs-column-brick-text {\n        text-align: center;\n    }\n\n    @media (max-width: 768px) {\n        .wp-block-chiefs-column-brick-column {\n            flex: 0 1 100%;\n        }\n    }\n<\/style>\n<div id=\"chiefs-column-block-block_c6995e1be6ab02c47181aaa4e9e0c310\" class=\"chiefs-column-block\">\n    <div class=\"wp-block-chiefs-column-brick  chiefs-brick\">\n                                <div class=\"wp-block-chiefs-column-brick-column\">\n                    <div class=\"wp-block-chiefs-column-brick-image-container\">\n                        <a href=\"https:\/\/www.chiefslife.com\/fr-ch\/produit\/kaegi-chiefs-protein-wafer\/\" target=\"_self\" rel=\"noopener\">\n                            <img decoding=\"async\" width=\"1000\" height=\"1000\" src=\"https:\/\/www.chiefslife.com\/fr-ch\/wp-content\/uploads\/sites\/7\/2025\/04\/Kaegi_Chiefs_ProteinWafer_ClassicChoco_CU_7640151715465_landscape.png\" class=\"wp-block-chiefs-column-brick-image wp-image-500\" alt=\"\" srcset=\"https:\/\/www.chiefslife.com\/fr-ch\/wp-content\/uploads\/sites\/7\/2025\/04\/Kaegi_Chiefs_ProteinWafer_ClassicChoco_CU_7640151715465_landscape.png 1000w, https:\/\/www.chiefslife.com\/fr-ch\/wp-content\/uploads\/sites\/7\/2025\/04\/Kaegi_Chiefs_ProteinWafer_ClassicChoco_CU_7640151715465_landscape-300x300.png 300w, https:\/\/www.chiefslife.com\/fr-ch\/wp-content\/uploads\/sites\/7\/2025\/04\/Kaegi_Chiefs_ProteinWafer_ClassicChoco_CU_7640151715465_landscape-150x150.png 150w, https:\/\/www.chiefslife.com\/fr-ch\/wp-content\/uploads\/sites\/7\/2025\/04\/Kaegi_Chiefs_ProteinWafer_ClassicChoco_CU_7640151715465_landscape-768x768.png 768w, https:\/\/www.chiefslife.com\/fr-ch\/wp-content\/uploads\/sites\/7\/2025\/04\/Kaegi_Chiefs_ProteinWafer_ClassicChoco_CU_7640151715465_landscape-336x336.png 336w, https:\/\/www.chiefslife.com\/fr-ch\/wp-content\/uploads\/sites\/7\/2025\/04\/Kaegi_Chiefs_ProteinWafer_ClassicChoco_CU_7640151715465_landscape-800x800.png 800w, https:\/\/www.chiefslife.com\/fr-ch\/wp-content\/uploads\/sites\/7\/2025\/04\/Kaegi_Chiefs_ProteinWafer_ClassicChoco_CU_7640151715465_landscape-100x100.png 100w\" sizes=\"(max-width: 1000px) 100vw, 1000px\" \/>                        <\/a>\n                    <\/div>\n                    <a class=\"wp-block-chiefs-column-brick-text-link\" href=\"https:\/\/www.chiefslife.com\/fr-ch\/produit\/kaegi-chiefs-protein-wafer\/\" target=\"_self\" rel=\"noopener\">\n                        <h6 class=\"wp-block-chiefs-column-brick-text\">Classic Choco<\/h6>\n                    <\/a>\n                <\/div>\n            <\/div>\n<\/div>\n\n\n<p><\/p>\n","protected":false},"excerpt":{"rendered":"<p>Protein Wafer La tradition rencontre l\u2019innovation : le go\u00fbt classique des gaufrettes au chocolat K\u00e4gi combin\u00e9 \u00e0 la nutrition fonctionnelle de Chiefs. Gaufrettes croustillantes enrob\u00e9es du meilleur chocolat avec 13g de prot\u00e9ines de haute qualit\u00e9 et sans sucre ajout\u00e9. Savourez les gaufrettes au chocolat K\u00e4gi que vous aimez \u2013 avec Chiefs !<\/p>\n","protected":false},"author":4,"featured_media":0,"parent":0,"menu_order":0,"comment_status":"closed","ping_status":"closed","template":"","meta":{"_acf_changed":false,"inline_featured_image":false,"footnotes":""},"class_list":["post-17743","page","type-page","status-publish","hentry"],"acf":[],"_links":{"self":[{"href":"https:\/\/www.chiefslife.com\/fr-ch\/wp-json\/wp\/v2\/pages\/17743","targetHints":{"allow":["GET"]}}],"collection":[{"href":"https:\/\/www.chiefslife.com\/fr-ch\/wp-json\/wp\/v2\/pages"}],"about":[{"href":"https:\/\/www.chiefslife.com\/fr-ch\/wp-json\/wp\/v2\/types\/page"}],"author":[{"embeddable":true,"href":"https:\/\/www.chiefslife.com\/fr-ch\/wp-json\/wp\/v2\/users\/4"}],"replies":[{"embeddable":true,"href":"https:\/\/www.chiefslife.com\/fr-ch\/wp-json\/wp\/v2\/comments?post=17743"}],"version-history":[{"count":2,"href":"https:\/\/www.chiefslife.com\/fr-ch\/wp-json\/wp\/v2\/pages\/17743\/revisions"}],"predecessor-version":[{"id":18117,"href":"https:\/\/www.chiefslife.com\/fr-ch\/wp-json\/wp\/v2\/pages\/17743\/revisions\/18117"}],"wp:attachment":[{"href":"https:\/\/www.chiefslife.com\/fr-ch\/wp-json\/wp\/v2\/media?parent=17743"}],"curies":[{"name":"wp","href":"https:\/\/api.w.org\/{rel}","templated":true}]}}