{"id":18315,"date":"2026-04-30T09:47:12","date_gmt":"2026-04-30T07:47:12","guid":{"rendered":"https:\/\/www.chiefslife.com\/fr-ch\/?page_id=18315"},"modified":"2026-04-30T09:50:01","modified_gmt":"2026-04-30T07:50:01","slug":"protein-coffees","status":"publish","type":"page","link":"https:\/\/www.chiefslife.com\/fr-ch\/protein-coffees\/","title":{"rendered":"Protein Coffees"},"content":{"rendered":"\n<h1 class=\"wp-block-heading has-text-align-center\">Protein Coffees<\/h1>\n\n\n\n<p class=\"has-text-align-center has-body-1-font-size\">Quand les prot\u00e9ines rencontrent la caf\u00e9ine \u2615\ud83d\udcaa Nos Protein Coffees associent le vrai go\u00fbt du caf\u00e9 \u00e0 des b\u00e9n\u00e9fices fonctionnels et s\u2019int\u00e8grent parfaitement \u00e0 ton quotidien. Chaque cup apporte 20 g de prot\u00e9ines, sans sucres ajout\u00e9s et sans lactose, avec une version Double Zero sans \u00e9dulcorants. Pratique et id\u00e9al le matin, en d\u00e9placement ou entre deux rendez-vous.<\/p>\n\n\n<style>\n    .wp-block-chiefs-column-brick {\n        display: flex;\n        flex-wrap: wrap;\n        justify-content: center;\n        gap: 20px;\n    }\n\n    .wp-block-chiefs-column-brick-title-link {\n        flex: 0 0 100%;\n        text-align: center;\n    }\n\n    .wp-block-chiefs-column-brick-column {\n        flex: 0 1 calc(33.333% - 14px);\n        text-align: center;\n    }\n\n    .wp-block-chiefs-column-brick-text {\n        text-align: center;\n    }\n\n    @media (max-width: 768px) {\n        .wp-block-chiefs-column-brick-column {\n            flex: 0 1 100%;\n        }\n    }\n<\/style>\n<div id=\"chiefs-column-block-block_eac8d405c00e90c0ee75e82293f9a537\" class=\"chiefs-column-block\">\n    <div class=\"wp-block-chiefs-column-brick  chiefs-brick\">\n                                <div class=\"wp-block-chiefs-column-brick-column\">\n                    <div class=\"wp-block-chiefs-column-brick-image-container\">\n                        <a href=\"https:\/\/www.chiefslife.com\/fr-ch\/produit\/latte-macchiato\/\" target=\"_self\" rel=\"noopener\">\n                            <img decoding=\"async\" width=\"2000\" height=\"2000\" src=\"https:\/\/www.chiefslife.com\/fr-ch\/wp-content\/uploads\/sites\/7\/2026\/04\/Chiefs_ProteinCoffee_LatteMacchiato_Front_1-1.png\" class=\"wp-block-chiefs-column-brick-image wp-image-500\" alt=\"\" srcset=\"https:\/\/www.chiefslife.com\/fr-ch\/wp-content\/uploads\/sites\/7\/2026\/04\/Chiefs_ProteinCoffee_LatteMacchiato_Front_1-1.png 2000w, https:\/\/www.chiefslife.com\/fr-ch\/wp-content\/uploads\/sites\/7\/2026\/04\/Chiefs_ProteinCoffee_LatteMacchiato_Front_1-1-300x300.png 300w, https:\/\/www.chiefslife.com\/fr-ch\/wp-content\/uploads\/sites\/7\/2026\/04\/Chiefs_ProteinCoffee_LatteMacchiato_Front_1-1-1024x1024.png 1024w, https:\/\/www.chiefslife.com\/fr-ch\/wp-content\/uploads\/sites\/7\/2026\/04\/Chiefs_ProteinCoffee_LatteMacchiato_Front_1-1-150x150.png 150w, https:\/\/www.chiefslife.com\/fr-ch\/wp-content\/uploads\/sites\/7\/2026\/04\/Chiefs_ProteinCoffee_LatteMacchiato_Front_1-1-768x768.png 768w, https:\/\/www.chiefslife.com\/fr-ch\/wp-content\/uploads\/sites\/7\/2026\/04\/Chiefs_ProteinCoffee_LatteMacchiato_Front_1-1-1536x1536.png 1536w, https:\/\/www.chiefslife.com\/fr-ch\/wp-content\/uploads\/sites\/7\/2026\/04\/Chiefs_ProteinCoffee_LatteMacchiato_Front_1-1-336x336.png 336w, https:\/\/www.chiefslife.com\/fr-ch\/wp-content\/uploads\/sites\/7\/2026\/04\/Chiefs_ProteinCoffee_LatteMacchiato_Front_1-1-800x800.png 800w, https:\/\/www.chiefslife.com\/fr-ch\/wp-content\/uploads\/sites\/7\/2026\/04\/Chiefs_ProteinCoffee_LatteMacchiato_Front_1-1-100x100.png 100w\" sizes=\"(max-width: 2000px) 100vw, 2000px\" \/>                        <\/a>\n                    <\/div>\n                    <a class=\"wp-block-chiefs-column-brick-text-link\" href=\"https:\/\/www.chiefslife.com\/fr-ch\/produit\/latte-macchiato\/\" target=\"_self\" rel=\"noopener\">\n                        <h6 class=\"wp-block-chiefs-column-brick-text\">Latte Macchiato<\/h6>\n                    <\/a>\n                <\/div>\n                        <div class=\"wp-block-chiefs-column-brick-column\">\n                    <div class=\"wp-block-chiefs-column-brick-image-container\">\n                        <a href=\"https:\/\/www.chiefslife.com\/fr-ch\/produit\/double-zero-latte\/\" target=\"_self\" rel=\"noopener\">\n                            <img decoding=\"async\" width=\"2000\" height=\"2000\" src=\"https:\/\/www.chiefslife.com\/fr-ch\/wp-content\/uploads\/sites\/7\/2026\/04\/Chiefs_ProteinCoffee_CoffeeDoubleZero_Front_1-1.png\" class=\"wp-block-chiefs-column-brick-image wp-image-500\" alt=\"\" srcset=\"https:\/\/www.chiefslife.com\/fr-ch\/wp-content\/uploads\/sites\/7\/2026\/04\/Chiefs_ProteinCoffee_CoffeeDoubleZero_Front_1-1.png 2000w, https:\/\/www.chiefslife.com\/fr-ch\/wp-content\/uploads\/sites\/7\/2026\/04\/Chiefs_ProteinCoffee_CoffeeDoubleZero_Front_1-1-300x300.png 300w, https:\/\/www.chiefslife.com\/fr-ch\/wp-content\/uploads\/sites\/7\/2026\/04\/Chiefs_ProteinCoffee_CoffeeDoubleZero_Front_1-1-1024x1024.png 1024w, https:\/\/www.chiefslife.com\/fr-ch\/wp-content\/uploads\/sites\/7\/2026\/04\/Chiefs_ProteinCoffee_CoffeeDoubleZero_Front_1-1-150x150.png 150w, https:\/\/www.chiefslife.com\/fr-ch\/wp-content\/uploads\/sites\/7\/2026\/04\/Chiefs_ProteinCoffee_CoffeeDoubleZero_Front_1-1-768x768.png 768w, https:\/\/www.chiefslife.com\/fr-ch\/wp-content\/uploads\/sites\/7\/2026\/04\/Chiefs_ProteinCoffee_CoffeeDoubleZero_Front_1-1-1536x1536.png 1536w, https:\/\/www.chiefslife.com\/fr-ch\/wp-content\/uploads\/sites\/7\/2026\/04\/Chiefs_ProteinCoffee_CoffeeDoubleZero_Front_1-1-336x336.png 336w, https:\/\/www.chiefslife.com\/fr-ch\/wp-content\/uploads\/sites\/7\/2026\/04\/Chiefs_ProteinCoffee_CoffeeDoubleZero_Front_1-1-800x800.png 800w, https:\/\/www.chiefslife.com\/fr-ch\/wp-content\/uploads\/sites\/7\/2026\/04\/Chiefs_ProteinCoffee_CoffeeDoubleZero_Front_1-1-100x100.png 100w\" sizes=\"(max-width: 2000px) 100vw, 2000px\" \/>                        <\/a>\n                    <\/div>\n                    <a class=\"wp-block-chiefs-column-brick-text-link\" href=\"https:\/\/www.chiefslife.com\/fr-ch\/produit\/double-zero-latte\/\" target=\"_self\" rel=\"noopener\">\n                        <h6 class=\"wp-block-chiefs-column-brick-text\">Double Zero Latte<\/h6>\n                    <\/a>\n                <\/div>\n            <\/div>\n<\/div>\n\n\n<p class=\"has-text-align-center has-body-1-font-size\"><\/p>\n","protected":false},"excerpt":{"rendered":"<p>Protein Coffees Quand les prot\u00e9ines rencontrent la caf\u00e9ine \u2615\ud83d\udcaa Nos Protein Coffees associent le vrai go\u00fbt du caf\u00e9 \u00e0 des b\u00e9n\u00e9fices fonctionnels et s\u2019int\u00e8grent parfaitement \u00e0 ton quotidien. Chaque cup apporte 20 g de prot\u00e9ines, sans sucres ajout\u00e9s et sans lactose, avec une version Double Zero sans \u00e9dulcorants. Pratique et id\u00e9al le matin, en d\u00e9placement [&hellip;]<\/p>\n","protected":false},"author":4600,"featured_media":0,"parent":0,"menu_order":0,"comment_status":"closed","ping_status":"closed","template":"","meta":{"_acf_changed":false,"inline_featured_image":false,"footnotes":""},"class_list":["post-18315","page","type-page","status-publish","hentry"],"acf":[],"_links":{"self":[{"href":"https:\/\/www.chiefslife.com\/fr-ch\/wp-json\/wp\/v2\/pages\/18315","targetHints":{"allow":["GET"]}}],"collection":[{"href":"https:\/\/www.chiefslife.com\/fr-ch\/wp-json\/wp\/v2\/pages"}],"about":[{"href":"https:\/\/www.chiefslife.com\/fr-ch\/wp-json\/wp\/v2\/types\/page"}],"author":[{"embeddable":true,"href":"https:\/\/www.chiefslife.com\/fr-ch\/wp-json\/wp\/v2\/users\/4600"}],"replies":[{"embeddable":true,"href":"https:\/\/www.chiefslife.com\/fr-ch\/wp-json\/wp\/v2\/comments?post=18315"}],"version-history":[{"count":1,"href":"https:\/\/www.chiefslife.com\/fr-ch\/wp-json\/wp\/v2\/pages\/18315\/revisions"}],"predecessor-version":[{"id":18317,"href":"https:\/\/www.chiefslife.com\/fr-ch\/wp-json\/wp\/v2\/pages\/18315\/revisions\/18317"}],"wp:attachment":[{"href":"https:\/\/www.chiefslife.com\/fr-ch\/wp-json\/wp\/v2\/media?parent=18315"}],"curies":[{"name":"wp","href":"https:\/\/api.w.org\/{rel}","templated":true}]}}