{"id":2148,"date":"2021-04-24T10:21:09","date_gmt":"2021-04-24T08:21:09","guid":{"rendered":"https:\/\/www.chiefslife.com\/fr-ch\/?page_id=2148"},"modified":"2024-04-12T13:22:16","modified_gmt":"2024-04-12T11:22:16","slug":"jobs","status":"publish","type":"page","link":"https:\/\/www.chiefslife.com\/fr-ch\/jobs\/","title":{"rendered":"Travailler avec nous"},"content":{"rendered":"\n<div class=\"wp-block-group\"><div class=\"wp-block-group__inner-container is-layout-flow wp-block-group-is-layout-flow\">\n<h1 class=\"wp-block-heading has-text-align-center\">Travailler avec nous<\/h1>\n\n\n\n<p class=\"has-text-align-center\">Notre entreprise suisse innovante, en plein essor, s\u2019engage pleinement pour collaborer avec des personnes \u00e9panouies, impliqu\u00e9es et motiv\u00e9es. Pour cette raison, Chiefs<sup>\u00ae<\/sup> a cr\u00e9\u00e9 un environnement de travail caract\u00e9ris\u00e9 par l\u2019autod\u00e9termination, l\u2019appr\u00e9ciation et la promotion active des talents individuels.<\/p>\n<\/div><\/div>\n\n\n\n<div style=\"height:40px\" aria-hidden=\"true\" class=\"wp-block-spacer\"><\/div>\n\n\n\n<div class=\"wp-block-chiefs-banner-brick\"><div class=\"wp-block-chiefs-banner-brick-column banner-body\" style=\"background-color:#b3d9e9\"><h3 class=\"wp-block-chiefs-banner-brick-title\" style=\"color:#31272E\">Lifestyle <\/h3><p class=\"wp-block-chiefs-banner-brick-body has-body-1-font-size\" style=\"color:#31272E\">Il nous tient \u00e0 c\u0153ur que tu puisses d\u00e9velopper pleinement ton potentiel chez nous. Ce qui nous ressemble, c&rsquo;est notre passion pour les aliments fonctionnels.<\/p><\/div><div class=\"wp-block-chiefs-banner-brick-column banner-body\" style=\"background-color:#e0dfe0\"><h3 class=\"wp-block-chiefs-banner-brick-title\" style=\"color:#31272E\">D\u00e9veloppement <\/h3><p class=\"wp-block-chiefs-banner-brick-body has-body-1-font-size\" style=\"color:#31272E\">Nous encourageons tes talents individuels et t\u2019offrons la possibilit\u00e9 d\u2019\u00e9voluer sur le plan personnel, acad\u00e9mique et professionnel.<\/p><\/div><\/div>\n\n\n\n<div class=\"wp-block-chiefs-banner-brick\"><div class=\"wp-block-chiefs-banner-brick-column banner-body\" style=\"background-color:#0D2E63\"><h3 class=\"wp-block-chiefs-banner-brick-title\" style=\"color:#FFF\">Sant\u00e9 <\/h3><p class=\"wp-block-chiefs-banner-brick-body has-body-1-font-size\" style=\"color:#FFF\">Ta sant\u00e9 est importante pour nous. Chez nous, tu peux souscrire au FITPASS (sport sans limite) \u00e0 des conditions sp\u00e9ciales et nous te soutenons \u00e9galement financi\u00e8rement dans tes activit\u00e9s sportives individuelles. De plus, nous disposons d\u2019un centre de fitness sur place, qui est largement utilis\u00e9 par notre \u00e9quipe.<\/p><\/div><div class=\"wp-block-chiefs-banner-brick-column banner-body\" style=\"background-color:#b3d9e9\"><h3 class=\"wp-block-chiefs-banner-brick-title\" style=\"color:#31272E\">Mod\u00e8les de travail flexibles <\/h3><p class=\"wp-block-chiefs-banner-brick-body has-body-1-font-size\" style=\"color:#31272E\">Nous te proposons des horaires de travail souples et flexibles, le t\u00e9l\u00e9travail ainsi que l\u2019option de travailler \u00e0 distance. <\/p><\/div><\/div>\n\n\n\n<div class=\"wp-block-chiefs-banner-brick\"><div class=\"wp-block-chiefs-banner-brick-column banner-body\" style=\"background-color:#e0dfe0\"><h3 class=\"wp-block-chiefs-banner-brick-title\" style=\"color:#31272E\">Vacances <\/h3><p class=\"wp-block-chiefs-banner-brick-body has-body-1-font-size\" style=\"color:#31272E\">Nous t\u2019offrons de cinq semaines de vacances par an. Pour des aventures plus longues, nous t\u2019offrons la possibilit\u00e9 de prendre des cong\u00e9s non r\u00e9mun\u00e9r\u00e9s. Avec le temps, le nombre de jours de vacances augmentent.<\/p><\/div><div class=\"wp-block-chiefs-banner-brick-column banner-body\" style=\"background-color:#0D2E63\"><h3 class=\"wp-block-chiefs-banner-brick-title\" style=\"color:#FFF\">Restauration <\/h3><p class=\"wp-block-chiefs-banner-brick-body has-body-1-font-size\" style=\"color:#FFF\">Nos armoires de cuisine sont toujours bien garnies de produits Chiefs gratuits, y compris du caf\u00e9 et du th\u00e9, ainsi qu\u2019un espace salon confortable pour se retrouver et se d\u00e9tendre. <\/p><\/div><\/div>\n\n\n\n<div class=\"wp-block-chiefs-banner-brick\"><div class=\"wp-block-chiefs-banner-brick-column banner-body\" style=\"background-color:#0D2E63\"><h3 class=\"wp-block-chiefs-banner-brick-title\" style=\"color:#FFF\">Produits <\/h3><p class=\"wp-block-chiefs-banner-brick-body has-body-1-font-size\" style=\"color:#FFF\">Pour que tu ne sois pas le seul \u00e0 profiter de nos d\u00e9licieux produits Chiefs, nous proposons des r\u00e9ductions Family &amp; Friends attrayantes pour tes proches.<\/p><\/div><div class=\"wp-block-chiefs-banner-brick-column banner-body\" style=\"background-color:#b3d9e9\"><h3 class=\"wp-block-chiefs-banner-brick-title\" style=\"color:#31272E\">\u00c9v\u00e9nements en \u00e9quipe <\/h3><p class=\"wp-block-chiefs-banner-brick-body has-body-1-font-size\" style=\"color:#31272E\">Nous organisons r\u00e9guli\u00e8rement des \u00e9v\u00e9nements d\u2019\u00e9quipe amusants, o\u00f9 nous surprenons toujours nos coll\u00e8gues avec quelque chose de nouveau.<\/p><\/div><\/div>\n\n\n\n<div style=\"height:80px\" aria-hidden=\"true\" class=\"wp-block-spacer\"><\/div>\n\n\n\n<h1 class=\"wp-block-heading has-text-align-center\">Offres d\u2019emploi<\/h1>\n\n\n\n<p class=\"has-text-align-center has-ink-dark-color has-text-color\">Tu peux trouver nos offres d\u2019emploi actuelles sur <a rel=\"noreferrer noopener\" href=\"https:\/\/www.linkedin.com\/company\/chiefs-food\/jobs\/\" target=\"_blank\">LinkedIn<\/a>.<\/p>\n\n\n\n<p class=\"has-text-align-center has-ink-dark-color has-text-color\">Tu ne trouves rien qui te convienne en ce moment&nbsp;? Nous acceptons \u00e9galement les candidatures spontan\u00e9es \u00e0 l\u2019adresse&nbsp;<a href=\"mailto:HR@chiefs.ch\" target=\"_blank\" rel=\"noreferrer noopener\">HR@chiefs.ch<\/a><\/p>\n\n\n\n<div style=\"height:60px\" aria-hidden=\"true\" class=\"wp-block-spacer\"><\/div>\n\n\n\n<p><\/p>\n","protected":false},"excerpt":{"rendered":"<p>Travailler avec nous Notre entreprise suisse innovante, en plein essor, s\u2019engage pleinement pour collaborer avec des personnes \u00e9panouies, impliqu\u00e9es et motiv\u00e9es. Pour cette raison, Chiefs\u00ae a cr\u00e9\u00e9 un environnement de travail caract\u00e9ris\u00e9 par l\u2019autod\u00e9termination, l\u2019appr\u00e9ciation et la promotion active des talents individuels. Offres d\u2019emploi Tu peux trouver nos offres d\u2019emploi actuelles sur LinkedIn. Tu ne [&hellip;]<\/p>\n","protected":false},"author":11,"featured_media":0,"parent":0,"menu_order":0,"comment_status":"closed","ping_status":"closed","template":"","meta":{"_acf_changed":false,"inline_featured_image":false,"footnotes":""},"class_list":["post-2148","page","type-page","status-publish","hentry"],"acf":[],"_links":{"self":[{"href":"https:\/\/www.chiefslife.com\/fr-ch\/wp-json\/wp\/v2\/pages\/2148","targetHints":{"allow":["GET"]}}],"collection":[{"href":"https:\/\/www.chiefslife.com\/fr-ch\/wp-json\/wp\/v2\/pages"}],"about":[{"href":"https:\/\/www.chiefslife.com\/fr-ch\/wp-json\/wp\/v2\/types\/page"}],"author":[{"embeddable":true,"href":"https:\/\/www.chiefslife.com\/fr-ch\/wp-json\/wp\/v2\/users\/11"}],"replies":[{"embeddable":true,"href":"https:\/\/www.chiefslife.com\/fr-ch\/wp-json\/wp\/v2\/comments?post=2148"}],"version-history":[{"count":0,"href":"https:\/\/www.chiefslife.com\/fr-ch\/wp-json\/wp\/v2\/pages\/2148\/revisions"}],"wp:attachment":[{"href":"https:\/\/www.chiefslife.com\/fr-ch\/wp-json\/wp\/v2\/media?parent=2148"}],"curies":[{"name":"wp","href":"https:\/\/api.w.org\/{rel}","templated":true}]}}