{"id":73,"date":"2021-05-03T10:36:56","date_gmt":"2021-05-03T08:36:56","guid":{"rendered":"https:\/\/www.chiefslife.com\/fr-ch\/?page_id=73"},"modified":"2023-10-05T08:17:00","modified_gmt":"2023-10-05T06:17:00","slug":"a-propos-de-nous","status":"publish","type":"page","link":"https:\/\/www.chiefslife.com\/fr-ch\/a-propos-de-nous\/","title":{"rendered":"\u00c0 propos de nous"},"content":{"rendered":"\n<div class=\"wp-block-group\"><div class=\"wp-block-group__inner-container is-layout-flow wp-block-group-is-layout-flow\">\n<h1 class=\"wp-block-heading has-text-align-center\">\u00c0 propos de nous<\/h1>\n\n\n\n<p class=\"has-text-align-center has-body-1-font-size\">Chiefs<sup>\u00ae<\/sup> est une jeune entreprise suisse qui s\u2019est forg\u00e9 une r\u00e9putation depuis 2014 gr\u00e2ce \u00e0 ses produits innovants, d\u2019abord aupr\u00e8s des athl\u00e8tes et de leurs nutritionnistes, puis dans les segments du fitness, de la sant\u00e9 et du mode de vie.<\/p>\n<\/div><\/div>\n\n\n<style>\n    .wp-block-chiefs-banner-brick {\n        display: grid;\n        grid-template-columns: 1fr 1fr;\n        width: 100%;\n        max-width: 1440px;\n        margin: 0 auto;\n    }\n\n    .wp-block-chiefs-banner-brick-column {\n        width: 100%;\n        max-height: 556px;\n        display: flex;\n        flex-direction: column;\n        justify-content: center;\n        align-items: center;\n        overflow: hidden;\n    }\n\n    .wp-block-chiefs-banner-brick-title {\n        text-align: center;\n        max-width: 500px;\n        margin-bottom: var(--space-md, 24px);\n    }\n\n    .wp-block-chiefs-banner-brick-body {\n        width: 57%;\n        text-align: center;\n    }\n\n    .wp-block-chiefs-banner-brick-image-link {\n        width: 100%;\n        height: 100%;\n        padding: 0;\n    }\n\n    .wp-block-chiefs-banner-brick-image {\n        object-fit: cover;\n        width: 100%;\n        height: 100%;\n    }\n\n    .wp-block-chiefs-banner-brick-column.banner-body {\n        padding: var(--space-xl, 48px);\n    }\n\n    .wp-block-chiefs-banner-brick-column.banner-image {\n        max-height: 556px;\n    }\n\n    @media (min-width: 1024px) {\n        .wp-block-chiefs-banner-brick-column.banner-body {\n            min-height: 352px;\n        }\n    }\n\n    @media (max-width: 768px) {\n        .wp-block-chiefs-banner-brick {\n            grid-template-columns: 1fr;\n        }\n\n        .wp-block-chiefs-banner-brick-column.banner-body {\n            padding: 32px var(--space-sm, 16px) 48px var(--space-sm, 16px);\n            order: 2;\n        }\n\n        .wp-block-chiefs-banner-brick-column.banner-body h3 {\n            margin: 0;\n            margin-bottom: var(--space-sm, 16px);\n        }\n\n        .wp-block-chiefs-banner-brick-column.banner-image {\n            height: 260px;\n            order: 1;\n        }\n    }\n<\/style>\n<div id=\"chiefs-banner-block-block_092c5384ed28ca7f351fcd63f9f49248\" class=\"chiefs-banner-block\">\n    <div class=\"wp-block-chiefs-banner-brick\">\n\n                    <div class=\"wp-block-chiefs-banner-brick-column banner-body\" style=\"background-color:#b3d9e9\">\n                <h3 class=\"wp-block-chiefs-banner-brick-title\" style=\"color: #31272E;\">\n                    Distributeurs<\/h3>\n                                <div class=\"wp-block-button\"><a class=\"wp-block-button__link\" href=\"https:\/\/www.chiefslife.com\/fr-ch\/retrouve-tes-produits-chiefs-ici\/\" target=\"_self\" rel=\"noopener\">Lire maintenant<\/a><\/div>\n            <\/div>\n            <div class=\"wp-block-chiefs-banner-brick-column banner-image\" style=\"background-color:#b3d9e9\">\n                <a class=\"wp-block-chiefs-banner-brick-image-link\" href=\"https:\/\/www.chiefslife.com\/fr-ch\/retrouve-tes-produits-chiefs-ici\/\" target=\"_self\" rel=\"noopener\">\n                    <img decoding=\"async\" width=\"1500\" height=\"1000\" src=\"https:\/\/www.chiefslife.com\/fr-ch\/wp-content\/uploads\/sites\/7\/2023\/10\/Chiefs_Range.jpg\" class=\"wp-block-chiefs-banner-brick-image wp-image-21581\" alt=\"\" srcset=\"https:\/\/www.chiefslife.com\/fr-ch\/wp-content\/uploads\/sites\/7\/2023\/10\/Chiefs_Range.jpg 1500w, https:\/\/www.chiefslife.com\/fr-ch\/wp-content\/uploads\/sites\/7\/2023\/10\/Chiefs_Range-300x200.jpg 300w, https:\/\/www.chiefslife.com\/fr-ch\/wp-content\/uploads\/sites\/7\/2023\/10\/Chiefs_Range-1024x683.jpg 1024w, https:\/\/www.chiefslife.com\/fr-ch\/wp-content\/uploads\/sites\/7\/2023\/10\/Chiefs_Range-768x512.jpg 768w, https:\/\/www.chiefslife.com\/fr-ch\/wp-content\/uploads\/sites\/7\/2023\/10\/Chiefs_Range-336x224.jpg 336w, https:\/\/www.chiefslife.com\/fr-ch\/wp-content\/uploads\/sites\/7\/2023\/10\/Chiefs_Range-800x533.jpg 800w\" sizes=\"(max-width: 1500px) 100vw, 1500px\" \/>                <\/a>\n            <\/div>\n            <\/div>\n<\/div>\n\n<style>\n    .wp-block-chiefs-banner-brick {\n        display: grid;\n        grid-template-columns: 1fr 1fr;\n        width: 100%;\n        max-width: 1440px;\n        margin: 0 auto;\n    }\n\n    .wp-block-chiefs-banner-brick-column {\n        width: 100%;\n        max-height: 556px;\n        display: flex;\n        flex-direction: column;\n        justify-content: center;\n        align-items: center;\n        overflow: hidden;\n    }\n\n    .wp-block-chiefs-banner-brick-title {\n        text-align: center;\n        max-width: 500px;\n        margin-bottom: var(--space-md, 24px);\n    }\n\n    .wp-block-chiefs-banner-brick-body {\n        width: 57%;\n        text-align: center;\n    }\n\n    .wp-block-chiefs-banner-brick-image-link {\n        width: 100%;\n        height: 100%;\n        padding: 0;\n    }\n\n    .wp-block-chiefs-banner-brick-image {\n        object-fit: cover;\n        width: 100%;\n        height: 100%;\n    }\n\n    .wp-block-chiefs-banner-brick-column.banner-body {\n        padding: var(--space-xl, 48px);\n    }\n\n    .wp-block-chiefs-banner-brick-column.banner-image {\n        max-height: 556px;\n    }\n\n    @media (min-width: 1024px) {\n        .wp-block-chiefs-banner-brick-column.banner-body {\n            min-height: 352px;\n        }\n    }\n\n    @media (max-width: 768px) {\n        .wp-block-chiefs-banner-brick {\n            grid-template-columns: 1fr;\n        }\n\n        .wp-block-chiefs-banner-brick-column.banner-body {\n            padding: 32px var(--space-sm, 16px) 48px var(--space-sm, 16px);\n            order: 2;\n        }\n\n        .wp-block-chiefs-banner-brick-column.banner-body h3 {\n            margin: 0;\n            margin-bottom: var(--space-sm, 16px);\n        }\n\n        .wp-block-chiefs-banner-brick-column.banner-image {\n            height: 260px;\n            order: 1;\n        }\n    }\n<\/style>\n<div id=\"chiefs-banner-block-block_2c37c2157b3953bea82790d92598dcdd\" class=\"chiefs-banner-block\">\n    <div class=\"wp-block-chiefs-banner-brick\">\n\n                    <div class=\"wp-block-chiefs-banner-brick-column banner-image\" style=\"background-color:#d2c6bb\">\n                <a class=\"wp-block-chiefs-banner-brick-image-link\" href=\"https:\/\/www.chiefslife.com\/fr-ch\/qualite\/\" target=\"_self\" rel=\"noopener\">\n                    <img decoding=\"async\" width=\"1500\" height=\"1000\" src=\"https:\/\/www.chiefslife.com\/fr-ch\/wp-content\/uploads\/sites\/7\/2022\/10\/Audit_IFS-broker.jpg\" class=\"wp-block-chiefs-banner-brick-image wp-image-21581\" alt=\"IFS Broker Audit\" srcset=\"https:\/\/www.chiefslife.com\/fr-ch\/wp-content\/uploads\/sites\/7\/2022\/10\/Audit_IFS-broker.jpg 1500w, https:\/\/www.chiefslife.com\/fr-ch\/wp-content\/uploads\/sites\/7\/2022\/10\/Audit_IFS-broker-300x200.jpg 300w, https:\/\/www.chiefslife.com\/fr-ch\/wp-content\/uploads\/sites\/7\/2022\/10\/Audit_IFS-broker-1024x683.jpg 1024w, https:\/\/www.chiefslife.com\/fr-ch\/wp-content\/uploads\/sites\/7\/2022\/10\/Audit_IFS-broker-768x512.jpg 768w, https:\/\/www.chiefslife.com\/fr-ch\/wp-content\/uploads\/sites\/7\/2022\/10\/Audit_IFS-broker-500x333.jpg 500w, https:\/\/www.chiefslife.com\/fr-ch\/wp-content\/uploads\/sites\/7\/2022\/10\/Audit_IFS-broker-800x533.jpg 800w, https:\/\/www.chiefslife.com\/fr-ch\/wp-content\/uploads\/sites\/7\/2022\/10\/Audit_IFS-broker-1280x853.jpg 1280w, https:\/\/www.chiefslife.com\/fr-ch\/wp-content\/uploads\/sites\/7\/2022\/10\/Audit_IFS-broker-336x224.jpg 336w\" sizes=\"(max-width: 1500px) 100vw, 1500px\" \/>                <\/a>\n            <\/div>\n            <div class=\"wp-block-chiefs-banner-brick-column banner-body\" style=\"background-color:#d2c6bb\">\n                <h3 class=\"wp-block-chiefs-banner-brick-title\" style=\"color: #31272E;\">\n                    Qualit\u00e9<\/h3>\n                                <div class=\"wp-block-button\"><a class=\"wp-block-button__link\" href=\"https:\/\/www.chiefslife.com\/fr-ch\/qualite\/\" target=\"_self\" rel=\"noopener\">Lire maintenant<\/a><\/div>\n            <\/div>\n            <\/div>\n<\/div>\n\n<style>\n    .wp-block-chiefs-banner-brick {\n        display: grid;\n        grid-template-columns: 1fr 1fr;\n        width: 100%;\n        max-width: 1440px;\n        margin: 0 auto;\n    }\n\n    .wp-block-chiefs-banner-brick-column {\n        width: 100%;\n        max-height: 556px;\n        display: flex;\n        flex-direction: column;\n        justify-content: center;\n        align-items: center;\n        overflow: hidden;\n    }\n\n    .wp-block-chiefs-banner-brick-title {\n        text-align: center;\n        max-width: 500px;\n        margin-bottom: var(--space-md, 24px);\n    }\n\n    .wp-block-chiefs-banner-brick-body {\n        width: 57%;\n        text-align: center;\n    }\n\n    .wp-block-chiefs-banner-brick-image-link {\n        width: 100%;\n        height: 100%;\n        padding: 0;\n    }\n\n    .wp-block-chiefs-banner-brick-image {\n        object-fit: cover;\n        width: 100%;\n        height: 100%;\n    }\n\n    .wp-block-chiefs-banner-brick-column.banner-body {\n        padding: var(--space-xl, 48px);\n    }\n\n    .wp-block-chiefs-banner-brick-column.banner-image {\n        max-height: 556px;\n    }\n\n    @media (min-width: 1024px) {\n        .wp-block-chiefs-banner-brick-column.banner-body {\n            min-height: 352px;\n        }\n    }\n\n    @media (max-width: 768px) {\n        .wp-block-chiefs-banner-brick {\n            grid-template-columns: 1fr;\n        }\n\n        .wp-block-chiefs-banner-brick-column.banner-body {\n            padding: 32px var(--space-sm, 16px) 48px var(--space-sm, 16px);\n            order: 2;\n        }\n\n        .wp-block-chiefs-banner-brick-column.banner-body h3 {\n            margin: 0;\n            margin-bottom: var(--space-sm, 16px);\n        }\n\n        .wp-block-chiefs-banner-brick-column.banner-image {\n            height: 260px;\n            order: 1;\n        }\n    }\n<\/style>\n<div id=\"chiefs-banner-block-block_db06c46b2a6c7c6b3515d8fb551199c2\" class=\"chiefs-banner-block\">\n    <div class=\"wp-block-chiefs-banner-brick\">\n\n                    <div class=\"wp-block-chiefs-banner-brick-column banner-body\" style=\"background-color:#98c469\">\n                <h3 class=\"wp-block-chiefs-banner-brick-title\" style=\"color: #31272E;\">\n                    Travailler avec nous<\/h3>\n                                <div class=\"wp-block-button\"><a class=\"wp-block-button__link\" href=\"https:\/\/www.chiefslife.com\/fr-ch\/jobs\/\" target=\"_self\" rel=\"noopener\">Lire maintenant<\/a><\/div>\n            <\/div>\n            <div class=\"wp-block-chiefs-banner-brick-column banner-image\" style=\"background-color:#98c469\">\n                <a class=\"wp-block-chiefs-banner-brick-image-link\" href=\"https:\/\/www.chiefslife.com\/fr-ch\/jobs\/\" target=\"_self\" rel=\"noopener\">\n                    <img decoding=\"async\" width=\"1500\" height=\"1000\" src=\"https:\/\/www.chiefslife.com\/fr-ch\/wp-content\/uploads\/sites\/7\/2021\/05\/Chiefs-Career.jpg\" class=\"wp-block-chiefs-banner-brick-image wp-image-21581\" alt=\"Une femme sportive et un escalier symbolisent la carri\u00e8re professionnelle\" srcset=\"https:\/\/www.chiefslife.com\/fr-ch\/wp-content\/uploads\/sites\/7\/2021\/05\/Chiefs-Career.jpg 1500w, https:\/\/www.chiefslife.com\/fr-ch\/wp-content\/uploads\/sites\/7\/2021\/05\/Chiefs-Career-336x224.jpg 336w, https:\/\/www.chiefslife.com\/fr-ch\/wp-content\/uploads\/sites\/7\/2021\/05\/Chiefs-Career-800x533.jpg 800w, https:\/\/www.chiefslife.com\/fr-ch\/wp-content\/uploads\/sites\/7\/2021\/05\/Chiefs-Career-300x200.jpg 300w, https:\/\/www.chiefslife.com\/fr-ch\/wp-content\/uploads\/sites\/7\/2021\/05\/Chiefs-Career-1024x683.jpg 1024w, https:\/\/www.chiefslife.com\/fr-ch\/wp-content\/uploads\/sites\/7\/2021\/05\/Chiefs-Career-768x512.jpg 768w, https:\/\/www.chiefslife.com\/fr-ch\/wp-content\/uploads\/sites\/7\/2021\/05\/Chiefs-Career-500x333.jpg 500w, https:\/\/www.chiefslife.com\/fr-ch\/wp-content\/uploads\/sites\/7\/2021\/05\/Chiefs-Career-1280x853.jpg 1280w\" sizes=\"(max-width: 1500px) 100vw, 1500px\" \/>                <\/a>\n            <\/div>\n            <\/div>\n<\/div>\n\n\n<div style=\"height:50px\" aria-hidden=\"true\" class=\"wp-block-spacer\"><\/div>\n\n\n\n<h4 class=\"wp-block-heading has-text-align-center\">As-tu des questions ou des suggestions&nbsp;?<br>Nous sommes l\u00e0 pour toi !<\/h4>\n\n\n\n<div class=\"wp-block-buttons is-layout-flex wp-block-buttons-is-layout-flex\">\n<div class=\"wp-block-button\"><a class=\"wp-block-button__link wp-element-button\" href=\"https:\/\/www.chiefslife.com\/fr-ch\/contact\/\">Vers le formulaire de contact<\/a><\/div>\n<\/div>\n\n\n\n<div style=\"height:50px\" aria-hidden=\"true\" class=\"wp-block-spacer\"><\/div>\n","protected":false},"excerpt":{"rendered":"<p>\u00c0 propos de nous Chiefs\u00ae est une jeune entreprise suisse qui s\u2019est forg\u00e9 une r\u00e9putation depuis 2014 gr\u00e2ce \u00e0 ses produits innovants, d\u2019abord aupr\u00e8s des athl\u00e8tes et de leurs nutritionnistes, puis dans les segments du fitness, de la sant\u00e9 et du mode de vie. As-tu des questions ou des suggestions&nbsp;?Nous sommes l\u00e0 pour toi !<\/p>\n","protected":false},"author":2,"featured_media":0,"parent":0,"menu_order":0,"comment_status":"closed","ping_status":"closed","template":"","meta":{"_acf_changed":false,"inline_featured_image":false,"footnotes":""},"class_list":["post-73","page","type-page","status-publish","hentry"],"acf":[],"_links":{"self":[{"href":"https:\/\/www.chiefslife.com\/fr-ch\/wp-json\/wp\/v2\/pages\/73","targetHints":{"allow":["GET"]}}],"collection":[{"href":"https:\/\/www.chiefslife.com\/fr-ch\/wp-json\/wp\/v2\/pages"}],"about":[{"href":"https:\/\/www.chiefslife.com\/fr-ch\/wp-json\/wp\/v2\/types\/page"}],"author":[{"embeddable":true,"href":"https:\/\/www.chiefslife.com\/fr-ch\/wp-json\/wp\/v2\/users\/2"}],"replies":[{"embeddable":true,"href":"https:\/\/www.chiefslife.com\/fr-ch\/wp-json\/wp\/v2\/comments?post=73"}],"version-history":[{"count":0,"href":"https:\/\/www.chiefslife.com\/fr-ch\/wp-json\/wp\/v2\/pages\/73\/revisions"}],"wp:attachment":[{"href":"https:\/\/www.chiefslife.com\/fr-ch\/wp-json\/wp\/v2\/media?parent=73"}],"curies":[{"name":"wp","href":"https:\/\/api.w.org\/{rel}","templated":true}]}}