{"id":12495,"date":"2022-10-25T13:19:04","date_gmt":"2022-10-25T11:19:04","guid":{"rendered":"https:\/\/www.chiefslife.com\/fr-ch\/?post_type=product&#038;p=12495"},"modified":"2025-11-30T23:49:53","modified_gmt":"2025-11-30T22:49:53","slug":"protein-bakery-vanilla-drive","status":"publish","type":"product","link":"https:\/\/www.chiefslife.com\/fr-ch\/produit\/protein-bakery-vanilla-drive\/","title":{"rendered":"Protein Bakery Vanilla Drive"},"content":{"rendered":"<p>HIGH PROTEIN: 11 g par portion. Haute teneur en prot\u00e9ines.<br \/>\nNO ADDED SUGAR: Sans sucres ajout\u00e9s. Contient des sucres naturels.<br \/>\n-30% CARBS: 30% de glucides en moins par rapport aux petites boulangeries classiques.<\/p>\n<p class=\"p1\">Article de petite boulangerie pr\u00e9cuit et d\u00e9congel\u00e9, avec \u00e9dulcorants.<\/p>\n<p class=\"p1\">Ingr\u00e9dients: FARINE DE FROMENT, eau, s\u00e9rac brut (FROMAGE MAIGRE), FIBRES DE FROMENT, GLUTEN DE FROMENT, \u0152UFS (de poules \u00e9lev\u00e9es en plein air), riz souffl\u00e9, semoule de ma\u00efs extrud\u00e9e, levure, FARINE DE FROMENT DE GONFLEMENT, sel, BLANC D\u2019\u0152UF (de poules \u00e9lev\u00e9es en plein air), gaufrette (amidon de ma\u00efs, f\u00e9cule de pomme de terre, eau, cacao en poudre, \u00e9mulsifiant: l\u00e9cithine de tournesol), PROT\u00c9INES LACTIQUES, ar\u00f4me, \u00e9dulcorant: aspartame, ac\u00e9sulfame-K; curcuma, levain (SEIGLE), farine de malt (ORGE), agent de traitement de la farine: acide ascorbique.<\/p>\n<p>Peut contenir des traces de soja, d\u2019amandes, de noisettes, de noix, de s\u00e9same, de c\u00e9leri, de moutarde et de sulfites. Contient une source de ph\u00e9nylalanine.<\/p>\n","protected":false},"excerpt":{"rendered":"<p><em>Non disponible en ligne.<\/em><\/p>\n<p class=\"p1\">Protein Bakery Vanilla Drive est le premier produit de petit boulangerie prot\u00e9in\u00e9 au go\u00fbt de vanille ! Il est l\u00e9ger et se combine parfaitement avec nos boissons prot\u00e9in\u00e9es Chiefs Vanilla Drive Milk et nos puddings prot\u00e9in\u00e9s. Protein Bakery se distingue par ses 11 grammes de prot\u00e9ines, ses 30% de glucides en moins, son absence de sucre ajout\u00e9 et sa faible teneur en mati\u00e8res grasses. De plus, elle est riche en fibres et fabriqu\u00e9e de mani\u00e8re artisanale en Suisse \u00e0 partir des meilleures mati\u00e8res premi\u00e8res.<\/p>\n","protected":false},"featured_media":12489,"template":"","meta":{"_acf_changed":false,"inline_featured_image":false},"product_brand":[],"product_cat":[615],"product_tag":[618,620,516,145],"class_list":{"0":"post-12495","1":"product","2":"type-product","3":"status-publish","4":"has-post-thumbnail","6":"product_cat-protein-bakery","7":"product_tag-30-carbs","8":"product_tag-riche-en-fibres","9":"product_tag-high-protein","10":"product_tag-no-added-sugar","12":"first","13":"instock","14":"taxable","15":"shipping-taxable","16":"product-type-simple"},"acf":[],"tiered_pricing_type":"fixed","tiered_pricing_fixed_rules":[],"tiered_pricing_product_settings":{"layout":"default","base_unit_name":{"singular":null,"plural":null},"default_variation":null},"tiered_pricing_minimum_quantity":null,"tiered_pricing_roles_data":[],"tiered_pricing_percentage_rules":[],"tiered_pricing_maximum_quantity":null,"tiered_pricing_quantity_step":null,"_links":{"self":[{"href":"https:\/\/www.chiefslife.com\/fr-ch\/wp-json\/wp\/v2\/product\/12495","targetHints":{"allow":["GET"]}}],"collection":[{"href":"https:\/\/www.chiefslife.com\/fr-ch\/wp-json\/wp\/v2\/product"}],"about":[{"href":"https:\/\/www.chiefslife.com\/fr-ch\/wp-json\/wp\/v2\/types\/product"}],"wp:featuredmedia":[{"embeddable":true,"href":"https:\/\/www.chiefslife.com\/fr-ch\/wp-json\/wp\/v2\/media\/12489"}],"wp:attachment":[{"href":"https:\/\/www.chiefslife.com\/fr-ch\/wp-json\/wp\/v2\/media?parent=12495"}],"wp:term":[{"taxonomy":"product_brand","embeddable":true,"href":"https:\/\/www.chiefslife.com\/fr-ch\/wp-json\/wp\/v2\/product_brand?post=12495"},{"taxonomy":"product_cat","embeddable":true,"href":"https:\/\/www.chiefslife.com\/fr-ch\/wp-json\/wp\/v2\/product_cat?post=12495"},{"taxonomy":"product_tag","embeddable":true,"href":"https:\/\/www.chiefslife.com\/fr-ch\/wp-json\/wp\/v2\/product_tag?post=12495"}],"curies":[{"name":"wp","href":"https:\/\/api.w.org\/{rel}","templated":true}]}}