{"id":1277,"date":"2021-03-12T08:41:05","date_gmt":"2021-03-12T07:41:05","guid":{"rendered":"https:\/\/www.chiefslife.com\/fr-ch\/product\/salted-caramel\/"},"modified":"2026-01-20T08:40:06","modified_gmt":"2026-01-20T07:40:06","slug":"protein-ice-cream-salted-caramel","status":"publish","type":"product","link":"https:\/\/www.chiefslife.com\/fr-ch\/produit\/protein-ice-cream-salted-caramel\/","title":{"rendered":"Salted Caramel"},"content":{"rendered":"<div class=\"ewa-rteLine\">\n<div class=\"ewa-rteLine\">\n<div class=\"ewa-rteLine\">33G HIGH PROTEIN*par gobelet.<\/div>\n<div class=\"ewa-rteLine\">\n<p>ZERO ADDED SUGAR*Contient des sucres naturels.<\/p>\n<\/div>\n<\/div>\n<p>Glace prot\u00e9in\u00e9e avec sauce, avec \u00e9dulcorants. Go\u00fbt caramel sal\u00e9.<\/p>\n<p>Ingr\u00e9dients : LAIT \u00e9cr\u00e9m\u00e9, eau, 13 % sauce au saveur de caramel avec \u00e9dulcorant (BEURRE, \u00e9dulcorant : maltitol ; amidon modifi\u00e9, \u00e9paississant : carragh\u00e9nane ; ar\u00f4mes naturels, concentr\u00e9s de fruits et de plantes colorants de pomme, carotte et hibiscus, eau, 0,5 % sel, polydextrose, \u00e9mulsifiant : mono- et diglyc\u00e9rides d\u2018acides gras), prot\u00e9ines de LAIT, \u00e9dulcorants : \u00e9rythritol, glycosides de st\u00e9viol de st\u00e9via, xylitol, sorbitol ; inuline, LAIT \u00e9cr\u00e9m\u00e9 en poudre, graisse de coco, colorants : caramel, caramel au sulfite d\u2018ammonium ; 0,9 % sel, conservateur : sorbate de potassium ; acidifiant : acide tartrique ; ar\u00f4me, stabilisants : gomme de caroube, gomme de guar, carboxym\u00e9thylcellulose sodique.<\/p>\n<p>Cet emballage contient 2,7 portions. Une portion = 100 g<\/p>\n<p>Peut avoir des effets laxatifs en cas de consommation excessive.<\/p>\n<p>Produit dans l&rsquo;UE.<\/p>\n<\/div>\n","protected":false},"excerpt":{"rendered":"<p><em><span dir=\"auto\" style=\"vertical-align: inherit\"><span dir=\"auto\" style=\"vertical-align: inherit\">Not available online.<\/span><\/span><\/em><\/p>\n<p>&nbsp;<\/p>\n<p><span dir=\"auto\" style=\"vertical-align: inherit\"><span dir=\"auto\" style=\"vertical-align: inherit\">Happy ice cream day! Guaranteed fun with our salted caramel ice cream.<\/span><\/span><\/p>\n","protected":false},"featured_media":17926,"template":"","meta":{"_acf_changed":false,"inline_featured_image":false},"product_brand":[],"product_cat":[170],"product_tag":[675,145],"class_list":{"0":"post-1277","1":"product","2":"type-product","3":"status-publish","4":"has-post-thumbnail","6":"product_cat-protein-ice-cream","7":"product_tag-high-protein-2","8":"product_tag-no-added-sugar","10":"first","11":"instock","12":"taxable","13":"shipping-taxable","14":"product-type-simple"},"acf":[],"tiered_pricing_type":"fixed","tiered_pricing_fixed_rules":[],"tiered_pricing_product_settings":{"layout":"default","base_unit_name":{"singular":null,"plural":null},"default_variation":null},"tiered_pricing_minimum_quantity":null,"tiered_pricing_roles_data":[],"tiered_pricing_percentage_rules":[],"tiered_pricing_maximum_quantity":null,"tiered_pricing_quantity_step":null,"_links":{"self":[{"href":"https:\/\/www.chiefslife.com\/fr-ch\/wp-json\/wp\/v2\/product\/1277","targetHints":{"allow":["GET"]}}],"collection":[{"href":"https:\/\/www.chiefslife.com\/fr-ch\/wp-json\/wp\/v2\/product"}],"about":[{"href":"https:\/\/www.chiefslife.com\/fr-ch\/wp-json\/wp\/v2\/types\/product"}],"wp:featuredmedia":[{"embeddable":true,"href":"https:\/\/www.chiefslife.com\/fr-ch\/wp-json\/wp\/v2\/media\/17926"}],"wp:attachment":[{"href":"https:\/\/www.chiefslife.com\/fr-ch\/wp-json\/wp\/v2\/media?parent=1277"}],"wp:term":[{"taxonomy":"product_brand","embeddable":true,"href":"https:\/\/www.chiefslife.com\/fr-ch\/wp-json\/wp\/v2\/product_brand?post=1277"},{"taxonomy":"product_cat","embeddable":true,"href":"https:\/\/www.chiefslife.com\/fr-ch\/wp-json\/wp\/v2\/product_cat?post=1277"},{"taxonomy":"product_tag","embeddable":true,"href":"https:\/\/www.chiefslife.com\/fr-ch\/wp-json\/wp\/v2\/product_tag?post=1277"}],"curies":[{"name":"wp","href":"https:\/\/api.w.org\/{rel}","templated":true}]}}