{"id":1372,"date":"2021-03-12T17:29:02","date_gmt":"2021-03-12T16:29:02","guid":{"rendered":"https:\/\/www.chiefslife.com\/fr-ch\/?post_type=product&#038;p=1372"},"modified":"2025-11-30T23:50:13","modified_gmt":"2025-11-30T22:50:13","slug":"protein-bar-salty-caramel","status":"publish","type":"product","link":"https:\/\/www.chiefslife.com\/fr-ch\/produit\/protein-bar-salty-caramel\/","title":{"rendered":"Salty Caramel"},"content":{"rendered":"<p class=\"p1\">NO ADDED SUGAR: Sans sucres ajout\u00e9s. Contient des sucres naturels.<br \/>\nHIGH PROTEIN: 20 g protein par barre. Haute teneur en prot\u00e9ines.<br \/>\nPALM OIL FREE<\/p>\n<p>Barre prot\u00e9in\u00e9e avec de la couverture de chocolat au lait, avec \u00e9dulcorants. Au go\u00fbt de caramel sal\u00e9.<\/p>\n<p>Ingr\u00e9dients: M\u00e9lange de prot\u00e9ines (PROT\u00c9INES LACTIQUES, PROT\u00c9INES DE SOJA), 20% chocolat au lait avec \u00e9dulcorants (\u00e9dulcorants: maltitol; beurre de cacao, LAIT ENTIER EN POUDRE, cacao en p\u00e2te, \u00e9mulsifiant: l\u00e9cithine; ar\u00f4me); humectant: glyc\u00e9rol; hydrolysat de collag\u00e8ne, \u00e9dulcorants: maltitol, sucralose; eau, cacao en p\u00e2te, beurre de cacao, AMANDES effil\u00e9es, blanchies, torrefi\u00e9es, amidon de tapioca, LAIT ENTIER EN POUDRE, cacao maigre en poudre, \u00e9mulsifiant: l\u00e9cithine; huile de tournesol, ar\u00f4me, sel comestible.<\/p>\n<p>Peut contenir des traces de gluten, d\u2019oeuf, d\u2019arachide et d\u2019autres fruits \u00e0 coques.<br \/>\nPeut avoir des effets laxatifs en cas de consommation excessive.<\/p>\n<p>*Les prot\u00e9ines contribuent \u00e0 augmenter et au maintien de la masse musculaire.<br \/>\nProduit en Allemagne.<\/p>\n","protected":false},"excerpt":{"rendered":"<p>L\u2019association du caramel mou, du chocolat fondant et d\u2019une pinc\u00e9e de sel constitue une exp\u00e9rience gustative extraordinaire.<\/p>\n","protected":false},"featured_media":3033,"template":"","meta":{"_acf_changed":false,"inline_featured_image":false},"product_brand":[],"product_cat":[148],"product_tag":[516,110,145],"class_list":{"0":"post-1372","1":"product","2":"type-product","3":"status-publish","4":"has-post-thumbnail","6":"product_cat-protein-bars","7":"product_tag-high-protein","8":"product_tag-palm-oil-free","9":"product_tag-no-added-sugar","11":"first","12":"instock","13":"taxable","14":"shipping-taxable","15":"purchasable","16":"product-type-simple"},"acf":[],"tiered_pricing_type":"fixed","tiered_pricing_fixed_rules":[],"tiered_pricing_product_settings":{"layout":"default","base_unit_name":{"singular":null,"plural":null},"default_variation":null},"tiered_pricing_minimum_quantity":null,"tiered_pricing_roles_data":[],"tiered_pricing_percentage_rules":[],"tiered_pricing_maximum_quantity":null,"tiered_pricing_quantity_step":null,"_links":{"self":[{"href":"https:\/\/www.chiefslife.com\/fr-ch\/wp-json\/wp\/v2\/product\/1372","targetHints":{"allow":["GET"]}}],"collection":[{"href":"https:\/\/www.chiefslife.com\/fr-ch\/wp-json\/wp\/v2\/product"}],"about":[{"href":"https:\/\/www.chiefslife.com\/fr-ch\/wp-json\/wp\/v2\/types\/product"}],"wp:featuredmedia":[{"embeddable":true,"href":"https:\/\/www.chiefslife.com\/fr-ch\/wp-json\/wp\/v2\/media\/3033"}],"wp:attachment":[{"href":"https:\/\/www.chiefslife.com\/fr-ch\/wp-json\/wp\/v2\/media?parent=1372"}],"wp:term":[{"taxonomy":"product_brand","embeddable":true,"href":"https:\/\/www.chiefslife.com\/fr-ch\/wp-json\/wp\/v2\/product_brand?post=1372"},{"taxonomy":"product_cat","embeddable":true,"href":"https:\/\/www.chiefslife.com\/fr-ch\/wp-json\/wp\/v2\/product_cat?post=1372"},{"taxonomy":"product_tag","embeddable":true,"href":"https:\/\/www.chiefslife.com\/fr-ch\/wp-json\/wp\/v2\/product_tag?post=1372"}],"curies":[{"name":"wp","href":"https:\/\/api.w.org\/{rel}","templated":true}]}}