{"id":13731,"date":"2023-03-27T17:36:59","date_gmt":"2023-03-27T15:36:59","guid":{"rendered":"https:\/\/www.chiefslife.com\/fr-ch\/?post_type=product&#038;p=13731"},"modified":"2025-11-30T23:49:52","modified_gmt":"2025-11-30T22:49:52","slug":"protein-bar-double-choc","status":"publish","type":"product","link":"https:\/\/www.chiefslife.com\/fr-ch\/produit\/protein-bar-double-choc\/","title":{"rendered":"Double Choc"},"content":{"rendered":"<p class=\"p1\">NO ADDED SUGAR: Sans sucres ajout\u00e9s. Contient des sucres naturels.<br \/>\nHIGH PROTEIN: 20 g protein par barre. Haute teneur en prot\u00e9ines.<br \/>\nPALM OIL FREE<\/p>\n<p>Barre prot\u00e9in\u00e9e avec de la couverture de chocolat au lait, avec \u00e9dulcorants. Au go\u00fbt de Chocolate double.<\/p>\n<p>Ingr\u00e9dients: 30% chocolat au lait avec \u00e9dulcorants (\u00e9dulcorant: maltitol; beurre de cacao, LAIT entier en poudre, cacao en p\u00e2te, \u00e9mulsifiant: l\u00e9cithines; ar\u00f4me), PROT\u00c9INES LACTIQUES, humectant: glyc\u00e9rol; PROT\u00c9INES DE SOJA, hydrolysat de collag\u00e8ne, \u00e9dulcorants: maltitol, sucralose; cacao en p\u00e2te, cacao maigre en poudre, beurre de cacao, amidon, colorant: caramel ordinaire; \u00e9mulsifiant: l\u00e9cithine; huile de tournesol, ar\u00f4me, sel comestible.<\/p>\n<p>Peut contenir des traces de gluten, d\u2018oeuf, d\u2018arachide et de fruits \u00e0 coque.<br \/>\nPeut avoir des effets laxatifs en cas de consommation excessive.<\/p>\n<p>*Les prot\u00e9ines contribuent \u00e0 augmenter et au maintien de la masse musculaire.<br \/>\nProduit en Allemagne.<\/p>\n","protected":false},"excerpt":{"rendered":"<p>Satisfais tes envies de sucr\u00e9 et tes besoins en prot\u00e9ines avec notre nouvelle barre prot\u00e9in\u00e9e Double Chocolate ! Deux fois plus de chocolat, deux fois plus de plaisir avec un enrobage croquant au chocolat au lait et une charge de chocolat \u00e0 l\u2019int\u00e9rieur. Que tu aies besoin d\u2019une collation apr\u00e8s l\u2019entra\u00eenement ou d\u2019une bouch\u00e9e rapide sur le pouce, cette d\u00e9licieuse barre prot\u00e9in\u00e9e est toujours le choix id\u00e9al.<\/p>\n","protected":false},"featured_media":13730,"template":"","meta":{"_acf_changed":false,"inline_featured_image":false},"product_brand":[],"product_cat":[148],"product_tag":[516,110,145],"class_list":{"0":"post-13731","1":"product","2":"type-product","3":"status-publish","4":"has-post-thumbnail","6":"product_cat-protein-bars","7":"product_tag-high-protein","8":"product_tag-palm-oil-free","9":"product_tag-no-added-sugar","11":"first","12":"instock","13":"taxable","14":"shipping-taxable","15":"purchasable","16":"product-type-simple"},"acf":[],"tiered_pricing_type":"fixed","tiered_pricing_fixed_rules":[],"tiered_pricing_product_settings":{"layout":"default","base_unit_name":{"singular":null,"plural":null},"default_variation":null},"tiered_pricing_minimum_quantity":null,"tiered_pricing_roles_data":[],"tiered_pricing_percentage_rules":[],"tiered_pricing_maximum_quantity":null,"tiered_pricing_quantity_step":null,"_links":{"self":[{"href":"https:\/\/www.chiefslife.com\/fr-ch\/wp-json\/wp\/v2\/product\/13731","targetHints":{"allow":["GET"]}}],"collection":[{"href":"https:\/\/www.chiefslife.com\/fr-ch\/wp-json\/wp\/v2\/product"}],"about":[{"href":"https:\/\/www.chiefslife.com\/fr-ch\/wp-json\/wp\/v2\/types\/product"}],"wp:featuredmedia":[{"embeddable":true,"href":"https:\/\/www.chiefslife.com\/fr-ch\/wp-json\/wp\/v2\/media\/13730"}],"wp:attachment":[{"href":"https:\/\/www.chiefslife.com\/fr-ch\/wp-json\/wp\/v2\/media?parent=13731"}],"wp:term":[{"taxonomy":"product_brand","embeddable":true,"href":"https:\/\/www.chiefslife.com\/fr-ch\/wp-json\/wp\/v2\/product_brand?post=13731"},{"taxonomy":"product_cat","embeddable":true,"href":"https:\/\/www.chiefslife.com\/fr-ch\/wp-json\/wp\/v2\/product_cat?post=13731"},{"taxonomy":"product_tag","embeddable":true,"href":"https:\/\/www.chiefslife.com\/fr-ch\/wp-json\/wp\/v2\/product_tag?post=13731"}],"curies":[{"name":"wp","href":"https:\/\/api.w.org\/{rel}","templated":true}]}}