{"id":1499,"date":"2021-03-16T09:11:46","date_gmt":"2021-03-16T08:11:46","guid":{"rendered":"https:\/\/www.chiefslife.com\/fr-ch\/product\/cacao\/"},"modified":"2025-12-24T08:38:16","modified_gmt":"2025-12-24T07:38:16","slug":"whey-protein-chocolate","status":"publish","type":"product","link":"https:\/\/www.chiefslife.com\/fr-ch\/produit\/whey-protein-chocolate\/","title":{"rendered":"Chocolate"},"content":{"rendered":"<p>Poudre de prot\u00e9ines de petit-lait avec des vitamines et des sels min\u00e9raux, avec \u00e9dulcorants. Go\u00fbt chocolat.<\/p>\n<p>Ingr\u00e9dients : 60,0 % isolat de prot\u00e9ines de PETIT-LAIT, 23,1 % concentr\u00e9 de prot\u00e9ines de PETIT-LAIT, 11,6 % cacao maigre en poudre, ar\u00f4me, sel, \u00e9mulsifiant : l\u00e9cithine (tournesol) ; \u00e9paississant : gomme xanthane ; anti-agglom\u00e9rant : dioxyde de silicium ; \u00e9dulcorant : sucralose ; carbonate de calcium, carbonate de magn\u00e9sium, diphosphate <em>ferrique<\/em>, vitamines (C, E, thiamine, riboflavine, niacine, B6, acide folique, B12, biotine, acide pantoth\u00e9nique).<\/p>\n<p>Peut contenir des traces d&rsquo;oeufs, de lupins, de soja et de grain contenant du gluten.<\/p>\n<p>R\u00e9duit en lactose lorsqu\u2018il est pr\u00e9par\u00e9 avec de l\u2018eau.<\/p>\n<p class=\"ewa-rteLine\">\u00b9 per portion. <br data-start=\"272\" data-end=\"275\" \/>\u00b2 Contient des sucres naturels. <br data-start=\"305\" data-end=\"308\" \/>\u00b3 Sans gluten &lt; 20\u202fppm<\/p>\n<p>Ce pack contient 15 portions. Une portion = 30 g<\/p>\n<p>Produit en Allemagne. Origine de l\u2019isolat de prot\u00e9ines de petit-lait : UE et non-UE.<\/p>\n","protected":false},"excerpt":{"rendered":"<p>Pr\u00e9pare-toi un verre de boisson cacaot\u00e9e en quelques secondes seulement. M\u00e9lange la poudre de Whey Protein avec du lait ou de l\u2019eau, secoue et appr\u00e9cie\u00a0!<\/p>\n","protected":false},"featured_media":17952,"template":"","meta":{"_acf_changed":false,"inline_featured_image":false},"product_brand":[],"product_cat":[237],"product_tag":[710,712,711],"class_list":{"0":"post-1499","1":"product","2":"type-product","3":"status-publish","4":"has-post-thumbnail","6":"product_cat-whey-protein","7":"product_tag-riche-en-proteines","8":"product_tag-sans-gluten","9":"product_tag-sans-sucres-ajoutes","11":"first","12":"instock","13":"taxable","14":"shipping-taxable","15":"purchasable","16":"product-type-simple"},"acf":[],"tiered_pricing_type":"fixed","tiered_pricing_fixed_rules":[],"tiered_pricing_product_settings":{"layout":"default","base_unit_name":{"singular":null,"plural":null},"default_variation":null},"tiered_pricing_minimum_quantity":null,"tiered_pricing_roles_data":[],"tiered_pricing_percentage_rules":[],"tiered_pricing_maximum_quantity":null,"tiered_pricing_quantity_step":null,"_links":{"self":[{"href":"https:\/\/www.chiefslife.com\/fr-ch\/wp-json\/wp\/v2\/product\/1499","targetHints":{"allow":["GET"]}}],"collection":[{"href":"https:\/\/www.chiefslife.com\/fr-ch\/wp-json\/wp\/v2\/product"}],"about":[{"href":"https:\/\/www.chiefslife.com\/fr-ch\/wp-json\/wp\/v2\/types\/product"}],"wp:featuredmedia":[{"embeddable":true,"href":"https:\/\/www.chiefslife.com\/fr-ch\/wp-json\/wp\/v2\/media\/17952"}],"wp:attachment":[{"href":"https:\/\/www.chiefslife.com\/fr-ch\/wp-json\/wp\/v2\/media?parent=1499"}],"wp:term":[{"taxonomy":"product_brand","embeddable":true,"href":"https:\/\/www.chiefslife.com\/fr-ch\/wp-json\/wp\/v2\/product_brand?post=1499"},{"taxonomy":"product_cat","embeddable":true,"href":"https:\/\/www.chiefslife.com\/fr-ch\/wp-json\/wp\/v2\/product_cat?post=1499"},{"taxonomy":"product_tag","embeddable":true,"href":"https:\/\/www.chiefslife.com\/fr-ch\/wp-json\/wp\/v2\/product_tag?post=1499"}],"curies":[{"name":"wp","href":"https:\/\/api.w.org\/{rel}","templated":true}]}}