{"id":1500,"date":"2021-03-16T09:11:46","date_gmt":"2021-03-16T08:11:46","guid":{"rendered":"https:\/\/www.chiefslife.com\/fr-ch\/product\/vanilla\/"},"modified":"2025-12-24T08:39:18","modified_gmt":"2025-12-24T07:39:18","slug":"whey-protein-vanilla","status":"publish","type":"product","link":"https:\/\/www.chiefslife.com\/fr-ch\/produit\/whey-protein-vanilla\/","title":{"rendered":"Vanilla"},"content":{"rendered":"<p class=\"p1\">Poudre de prot\u00e9ines de petit-lait avec des vitamines et des sels min\u00e9raux, avec \u00e9dulcorants. Go\u00fbt vanille.<\/p>\n<p>Ingr\u00e9dients : 69,3 % isolat de prot\u00e9ines de PETIT-LAIT, 24,5 % concentr\u00e9 de prot\u00e9ines de PETIT-LAIT, ar\u00f4me, sel, \u00e9mulsifiant : l\u00e9cithine (tournesol) ; \u00e9paississant : gomme xanthane ; anti-agglom\u00e9rant : dioxyde de silicium ; \u00e9dulcorant : sucralose ; colorant : b\u00eata-carot\u00e8n ; carbonate de calcium, carbonate de magn\u00e9sium, diphosphate ferrique, vitamines (C, E, thiamine, riboflavine, niacine, B6, acide folique, B12, biotine, acide pantoth\u00e9nique).<\/p>\n<p>Peut contenir des traces d&rsquo;oeufs, de lupins, de soja et de grain contenant du gluten.<\/p>\n<p>R\u00e9duit en lactose lorsqu\u2018il est pr\u00e9par\u00e9 avec de l\u2018eau.<\/p>\n<p class=\"ewa-rteLine\">\u00b9 per portion.<br data-start=\"272\" data-end=\"275\" \/>\u00b2 Contient des sucres naturels.<br data-start=\"305\" data-end=\"308\" \/>\u00b3 Sans gluten &lt; 20\u202fppm<\/p>\n<p>Ce pack contient 15 portions. Une portion = 30 g<\/p>\n<p>Produit en Allemagne. Origine de l\u2019isolat de prot\u00e9ines de petit-lait : UE et non-UE.<\/p>\n","protected":false},"excerpt":{"rendered":"<p>Pr\u00e9f\u00e8res-tu cr\u00e9er ta propre Protein Drink ? Notre poudre de Whey Protein de haute qualit\u00e9 au d\u00e9licieux go\u00fbt de vanille t\u2019inspirera.<\/p>\n","protected":false},"featured_media":18039,"template":"","meta":{"_acf_changed":false,"inline_featured_image":false},"product_brand":[],"product_cat":[237],"product_tag":[710,712,711],"class_list":{"0":"post-1500","1":"product","2":"type-product","3":"status-publish","4":"has-post-thumbnail","6":"product_cat-whey-protein","7":"product_tag-riche-en-proteines","8":"product_tag-sans-gluten","9":"product_tag-sans-sucres-ajoutes","11":"first","12":"instock","13":"taxable","14":"shipping-taxable","15":"purchasable","16":"product-type-simple"},"acf":[],"tiered_pricing_type":"fixed","tiered_pricing_fixed_rules":[],"tiered_pricing_product_settings":{"layout":"default","base_unit_name":{"singular":null,"plural":null},"default_variation":null},"tiered_pricing_minimum_quantity":null,"tiered_pricing_roles_data":[],"tiered_pricing_percentage_rules":[],"tiered_pricing_maximum_quantity":null,"tiered_pricing_quantity_step":null,"_links":{"self":[{"href":"https:\/\/www.chiefslife.com\/fr-ch\/wp-json\/wp\/v2\/product\/1500","targetHints":{"allow":["GET"]}}],"collection":[{"href":"https:\/\/www.chiefslife.com\/fr-ch\/wp-json\/wp\/v2\/product"}],"about":[{"href":"https:\/\/www.chiefslife.com\/fr-ch\/wp-json\/wp\/v2\/types\/product"}],"wp:featuredmedia":[{"embeddable":true,"href":"https:\/\/www.chiefslife.com\/fr-ch\/wp-json\/wp\/v2\/media\/18039"}],"wp:attachment":[{"href":"https:\/\/www.chiefslife.com\/fr-ch\/wp-json\/wp\/v2\/media?parent=1500"}],"wp:term":[{"taxonomy":"product_brand","embeddable":true,"href":"https:\/\/www.chiefslife.com\/fr-ch\/wp-json\/wp\/v2\/product_brand?post=1500"},{"taxonomy":"product_cat","embeddable":true,"href":"https:\/\/www.chiefslife.com\/fr-ch\/wp-json\/wp\/v2\/product_cat?post=1500"},{"taxonomy":"product_tag","embeddable":true,"href":"https:\/\/www.chiefslife.com\/fr-ch\/wp-json\/wp\/v2\/product_tag?post=1500"}],"curies":[{"name":"wp","href":"https:\/\/api.w.org\/{rel}","templated":true}]}}