{"id":16774,"date":"2024-03-13T14:15:42","date_gmt":"2024-03-13T13:15:42","guid":{"rendered":"https:\/\/www.chiefslife.com\/fr-ch\/?post_type=product&#038;p=16774"},"modified":"2025-11-30T23:49:44","modified_gmt":"2025-11-30T22:49:44","slug":"protein-bar-birthday-cake","status":"publish","type":"product","link":"https:\/\/www.chiefslife.com\/fr-ch\/produit\/protein-bar-birthday-cake\/","title":{"rendered":"Birthday Cake"},"content":{"rendered":"<p class=\"p1\">NO ADDED SUGAR: Sans sucres ajout\u00e9s. Contient des sucres naturels.<br \/>\nHIGH PROTEIN: 20 g protein par barre. Haute teneur en prot\u00e9ines.<br \/>\nPALM OIL FREE<\/p>\n<p>Barre prot\u00e9in\u00e9e avec de la couverture de chocolat blanc, avec 5 % confettis, avec \u00e9dulcorants. Au go\u00fbt de g\u00e2teau d\u2019anniversaire.<\/p>\n<p>Ingr\u00e9dients : PROT\u00c9INES LACTIQUES, 24 % chocolat blanc avec \u00e9dulcorant (\u00e9dulcorant : maltitol ; beurre de cacao, LAIT ENTIER EN POUDRE, \u00e9mulsifiant : l\u00e9cithines; ar\u00f4me naturel de vanille), humectant : glyc\u00e9rol ; hydrolysat de collag\u00e8ne, polydextrose, crispies de prot\u00e9ines de soja (PROT\u00c9INES DE SOJA, amidon de tapioca, EXTRAIT DE MALT D\u2019ORGE (GLUTEN), sel), confettis (\u00e9dulcorant : maltitol ; amidon de pomme de terre, beurre de cacao, farine de riz, colorants: curcumine, bleu brillant FCF, rouge de betterave), eau, chocolat au lait avec \u00e9dulcorant (\u00e9dulcorant : maltitol ; beurre de cacao, LAIT ENTIER EN POUDRE, cacao en p\u00e2te, \u00e9mulsifiant : l\u00e9cithines ; ar\u00f4me naturel de vanille), huile de tournesol, ar\u00f4mes, poudre de framboise (concentr\u00e9 de pur\u00e9e de framboise, maltodextrine), acidifiant : acide citrique ; concentr\u00e9 (patate douce, carotte).<\/p>\n<p>Peut contenir des traces d\u2019autres c\u00e9r\u00e9ales contenant du gluten, des arachides et des fruits \u00e0 coque.<br \/>\nPeut avoir des effets laxatifs en cas de consommation excessive.<\/p>\n<p>*Les prot\u00e9ines contribuent \u00e0 augmenter et au maintien de la masse musculaire.<br \/>\nProduit en Allemagne.<\/p>\n","protected":false},"excerpt":{"rendered":"<p>Happy Birthday, Chiefs! Nous c\u00e9l\u00e9brons notre 10<sup>\u00e8me<\/sup> anniversaire avec la barre prot\u00e9in\u00e9e \u00ab Birthday Cake \u00bb au go\u00fbt d\u2019un g\u00e2teau d\u2019anniversaire. Enrob\u00e9e de chocolat blanc croustillant, elle r\u00e9v\u00e8le \u00e0 l\u2019int\u00e9rieur des baies fruit\u00e9es et des confettis croquants.<\/p>\n","protected":false},"featured_media":16765,"template":"","meta":{"_acf_changed":false,"inline_featured_image":false},"product_brand":[],"product_cat":[148],"product_tag":[516,110,145],"class_list":{"0":"post-16774","1":"product","2":"type-product","3":"status-publish","4":"has-post-thumbnail","6":"product_cat-protein-bars","7":"product_tag-high-protein","8":"product_tag-palm-oil-free","9":"product_tag-no-added-sugar","11":"first","12":"instock","13":"taxable","14":"shipping-taxable","15":"purchasable","16":"product-type-simple"},"acf":[],"tiered_pricing_type":"fixed","tiered_pricing_fixed_rules":[],"tiered_pricing_product_settings":{"layout":"default","base_unit_name":{"singular":null,"plural":null},"default_variation":null},"tiered_pricing_minimum_quantity":null,"tiered_pricing_roles_data":[],"tiered_pricing_percentage_rules":[],"tiered_pricing_maximum_quantity":null,"tiered_pricing_quantity_step":null,"_links":{"self":[{"href":"https:\/\/www.chiefslife.com\/fr-ch\/wp-json\/wp\/v2\/product\/16774","targetHints":{"allow":["GET"]}}],"collection":[{"href":"https:\/\/www.chiefslife.com\/fr-ch\/wp-json\/wp\/v2\/product"}],"about":[{"href":"https:\/\/www.chiefslife.com\/fr-ch\/wp-json\/wp\/v2\/types\/product"}],"wp:featuredmedia":[{"embeddable":true,"href":"https:\/\/www.chiefslife.com\/fr-ch\/wp-json\/wp\/v2\/media\/16765"}],"wp:attachment":[{"href":"https:\/\/www.chiefslife.com\/fr-ch\/wp-json\/wp\/v2\/media?parent=16774"}],"wp:term":[{"taxonomy":"product_brand","embeddable":true,"href":"https:\/\/www.chiefslife.com\/fr-ch\/wp-json\/wp\/v2\/product_brand?post=16774"},{"taxonomy":"product_cat","embeddable":true,"href":"https:\/\/www.chiefslife.com\/fr-ch\/wp-json\/wp\/v2\/product_cat?post=16774"},{"taxonomy":"product_tag","embeddable":true,"href":"https:\/\/www.chiefslife.com\/fr-ch\/wp-json\/wp\/v2\/product_tag?post=16774"}],"curies":[{"name":"wp","href":"https:\/\/api.w.org\/{rel}","templated":true}]}}