{"id":17059,"date":"2024-06-21T11:52:05","date_gmt":"2024-06-21T09:52:05","guid":{"rendered":"https:\/\/www.chiefslife.com\/fr-ch\/?post_type=product&#038;p=17059"},"modified":"2026-04-10T08:36:52","modified_gmt":"2026-04-10T06:36:52","slug":"protein-chips-sour-cream","status":"publish","type":"product","link":"https:\/\/www.chiefslife.com\/fr-ch\/produit\/protein-chips-sour-cream\/","title":{"rendered":"Sour Cream"},"content":{"rendered":"<p>-70% FAT: 70% de mati\u00e8res grasses en moins par rapport aux chips de pomme de terre.<br \/>\n21G PROTEIN: par sachet. Haute teneur en prot\u00e9ines.<\/p>\n<div class=\"ewa-rteLine\">Snack de pois et de lentilles avec des pommes de terre et du riz.<\/div>\n<div><\/div>\n<div class=\"ewa-rteLine\">Ingr\u00e9dients : 32% de prot\u00e9ines de pois, 20% de farine de lentilles, pomme de terre, farine de riz, m\u00e9lange d\u00ff\u00e9pices (poudre d&rsquo;oignon, poudre de paprika, poudre de curcuma, persil, poudre d\u2019ail, sel, dextrose, extrait de levure, conservateur: acide citrique), ar\u00f4me, huile de tournesol.<\/div>\n<div><\/div>\n<div>*Les prot\u00e9ines contribuent \u00e0 augmenter et au maintien de la masse musculaire.<br \/>\nProduit en Suisse.<\/div>\n","protected":false},"excerpt":{"rendered":"<p>Un go\u00fbt cr\u00e9meux et frais inimitable de Sour Cream. Avec des \u00e9pices de haute qualit\u00e9 et intenses \u2013 pour une v\u00e9ritable explosion de saveurs.<\/p>\n","protected":false},"featured_media":17060,"template":"","meta":{"_acf_changed":false,"inline_featured_image":false},"product_brand":[],"product_cat":[678],"product_tag":[687,516,143,105,220,81],"class_list":{"0":"post-17059","1":"product","2":"type-product","3":"status-publish","4":"has-post-thumbnail","6":"product_cat-protein-chips","7":"product_tag-fabrique-en-suisse","8":"product_tag-high-protein","9":"product_tag-gluten-free","10":"product_tag-lactose-free","11":"product_tag-soy-free","12":"product_tag-vegan","14":"first","15":"outofstock","16":"taxable","17":"shipping-taxable","18":"purchasable","19":"product-type-simple"},"acf":[],"tiered_pricing_type":"fixed","tiered_pricing_fixed_rules":[],"tiered_pricing_product_settings":{"layout":"default","base_unit_name":{"singular":null,"plural":null},"default_variation":null},"tiered_pricing_minimum_quantity":null,"tiered_pricing_roles_data":[],"tiered_pricing_percentage_rules":[],"tiered_pricing_maximum_quantity":null,"tiered_pricing_quantity_step":null,"_links":{"self":[{"href":"https:\/\/www.chiefslife.com\/fr-ch\/wp-json\/wp\/v2\/product\/17059","targetHints":{"allow":["GET"]}}],"collection":[{"href":"https:\/\/www.chiefslife.com\/fr-ch\/wp-json\/wp\/v2\/product"}],"about":[{"href":"https:\/\/www.chiefslife.com\/fr-ch\/wp-json\/wp\/v2\/types\/product"}],"wp:featuredmedia":[{"embeddable":true,"href":"https:\/\/www.chiefslife.com\/fr-ch\/wp-json\/wp\/v2\/media\/17060"}],"wp:attachment":[{"href":"https:\/\/www.chiefslife.com\/fr-ch\/wp-json\/wp\/v2\/media?parent=17059"}],"wp:term":[{"taxonomy":"product_brand","embeddable":true,"href":"https:\/\/www.chiefslife.com\/fr-ch\/wp-json\/wp\/v2\/product_brand?post=17059"},{"taxonomy":"product_cat","embeddable":true,"href":"https:\/\/www.chiefslife.com\/fr-ch\/wp-json\/wp\/v2\/product_cat?post=17059"},{"taxonomy":"product_tag","embeddable":true,"href":"https:\/\/www.chiefslife.com\/fr-ch\/wp-json\/wp\/v2\/product_tag?post=17059"}],"curies":[{"name":"wp","href":"https:\/\/api.w.org\/{rel}","templated":true}]}}