{"id":17061,"date":"2024-06-21T11:41:42","date_gmt":"2024-06-21T09:41:42","guid":{"rendered":"https:\/\/www.chiefslife.com\/fr-ch\/?post_type=product&#038;p=17061"},"modified":"2025-11-30T23:49:40","modified_gmt":"2025-11-30T22:49:40","slug":"protein-chips-sweet-paprika","status":"publish","type":"product","link":"https:\/\/www.chiefslife.com\/fr-ch\/produit\/protein-chips-sweet-paprika\/","title":{"rendered":"Sweet Paprika"},"content":{"rendered":"<p>-70% FAT: 70% de mati\u00e8res grasses en moins par rapport aux chips de pomme de terre.<br \/>\n21G PROTEIN: par sachet. Haute teneur en prot\u00e9ines.<\/p>\n<div class=\"ewa-rteLine\">Snack de pois et de lentilles avec des pommes de terre et du riz.<\/div>\n<div><\/div>\n<div class=\"ewa-rteLine\">Ingr\u00e9dients : 32% de prot\u00e9ines de pois, 20% de farine de lentilles, pomme de terre, farine de riz, m\u00e9lange d\u2019\u00e9pices (dextrose, maltodextrine, poudre de paprika, poudre d\u2019oignon, poudre de piment, poudre de curcuma), sel alimentaire, sucre, ar\u00f4me naturel, r\u00e9gulateur d\u2019acidit\u00e9: ac\u00e9tate de sodium; extrait de levure, ar\u00f4me de fum\u00e9e, huile de tournesol.<\/p>\n<p>*Les prot\u00e9ines contribuent \u00e0 augmenter et au maintien de la masse musculaire.<br \/>\nProduit en Suisse.<\/p><\/div>\n","protected":false},"excerpt":{"rendered":"<p>Le classique par excellence : Paprika pour une exp\u00e9rience gustative intense et unique \u2013 avec une l\u00e9g\u00e8re touche sucr\u00e9e.<\/p>\n","protected":false},"featured_media":17062,"template":"","meta":{"_acf_changed":false,"inline_featured_image":false},"product_brand":[],"product_cat":[678],"product_tag":[687,516,143,105,220,81],"class_list":{"0":"post-17061","1":"product","2":"type-product","3":"status-publish","4":"has-post-thumbnail","6":"product_cat-protein-chips","7":"product_tag-fabrique-en-suisse","8":"product_tag-high-protein","9":"product_tag-gluten-free","10":"product_tag-lactose-free","11":"product_tag-soy-free","12":"product_tag-vegan","14":"first","15":"instock","16":"taxable","17":"shipping-taxable","18":"purchasable","19":"product-type-simple"},"acf":[],"tiered_pricing_type":"fixed","tiered_pricing_fixed_rules":[],"tiered_pricing_product_settings":{"layout":"default","base_unit_name":{"singular":null,"plural":null},"default_variation":null},"tiered_pricing_minimum_quantity":null,"tiered_pricing_roles_data":[],"tiered_pricing_percentage_rules":[],"tiered_pricing_maximum_quantity":null,"tiered_pricing_quantity_step":null,"_links":{"self":[{"href":"https:\/\/www.chiefslife.com\/fr-ch\/wp-json\/wp\/v2\/product\/17061","targetHints":{"allow":["GET"]}}],"collection":[{"href":"https:\/\/www.chiefslife.com\/fr-ch\/wp-json\/wp\/v2\/product"}],"about":[{"href":"https:\/\/www.chiefslife.com\/fr-ch\/wp-json\/wp\/v2\/types\/product"}],"wp:featuredmedia":[{"embeddable":true,"href":"https:\/\/www.chiefslife.com\/fr-ch\/wp-json\/wp\/v2\/media\/17062"}],"wp:attachment":[{"href":"https:\/\/www.chiefslife.com\/fr-ch\/wp-json\/wp\/v2\/media?parent=17061"}],"wp:term":[{"taxonomy":"product_brand","embeddable":true,"href":"https:\/\/www.chiefslife.com\/fr-ch\/wp-json\/wp\/v2\/product_brand?post=17061"},{"taxonomy":"product_cat","embeddable":true,"href":"https:\/\/www.chiefslife.com\/fr-ch\/wp-json\/wp\/v2\/product_cat?post=17061"},{"taxonomy":"product_tag","embeddable":true,"href":"https:\/\/www.chiefslife.com\/fr-ch\/wp-json\/wp\/v2\/product_tag?post=17061"}],"curies":[{"name":"wp","href":"https:\/\/api.w.org\/{rel}","templated":true}]}}