{"id":17163,"date":"2024-07-02T10:29:44","date_gmt":"2024-07-02T08:29:44","guid":{"rendered":"https:\/\/www.chiefslife.com\/fr-ch\/?post_type=product&#038;p=17163"},"modified":"2026-04-10T08:36:40","modified_gmt":"2026-04-10T06:36:40","slug":"kit-de-degustation-protein-chips","status":"publish","type":"product","link":"https:\/\/www.chiefslife.com\/fr-ch\/produit\/kit-de-degustation-protein-chips\/","title":{"rendered":"Kit de d\u00e9gustation Protein Chips"},"content":{"rendered":"<p class=\"p1\">Les informations sur les ingr\u00e9dients et les valeurs nutritionnelles de nos chips prot\u00e9in\u00e9es se trouvent sous chaque produit. Clique simplement sur les chips pour trouver toutes les informations.<\/p>\n<p><a href=\"https:\/\/www.chiefslife.com\/fr-ch\/produit\/protein-chips-sweet-paprika\/\"><img decoding=\"async\" class=\"alignnone wp-image-17073\" src=\"https:\/\/www.chiefslife.com\/fr-ch\/wp-content\/uploads\/sites\/7\/2024\/06\/Chiefs_ProteinChips_SweetPaprika_front_shade-300x300.png\" alt=\"\" width=\"160\" height=\"160\" srcset=\"https:\/\/www.chiefslife.com\/fr-ch\/wp-content\/uploads\/sites\/7\/2024\/06\/Chiefs_ProteinChips_SweetPaprika_front_shade-300x300.png 300w, https:\/\/www.chiefslife.com\/fr-ch\/wp-content\/uploads\/sites\/7\/2024\/06\/Chiefs_ProteinChips_SweetPaprika_front_shade-150x150.png 150w, https:\/\/www.chiefslife.com\/fr-ch\/wp-content\/uploads\/sites\/7\/2024\/06\/Chiefs_ProteinChips_SweetPaprika_front_shade-768x768.png 768w, https:\/\/www.chiefslife.com\/fr-ch\/wp-content\/uploads\/sites\/7\/2024\/06\/Chiefs_ProteinChips_SweetPaprika_front_shade-336x336.png 336w, https:\/\/www.chiefslife.com\/fr-ch\/wp-content\/uploads\/sites\/7\/2024\/06\/Chiefs_ProteinChips_SweetPaprika_front_shade-800x800.png 800w, https:\/\/www.chiefslife.com\/fr-ch\/wp-content\/uploads\/sites\/7\/2024\/06\/Chiefs_ProteinChips_SweetPaprika_front_shade-100x100.png 100w, https:\/\/www.chiefslife.com\/fr-ch\/wp-content\/uploads\/sites\/7\/2024\/06\/Chiefs_ProteinChips_SweetPaprika_front_shade.png 1000w\" sizes=\"(max-width: 160px) 100vw, 160px\" \/><\/a><a href=\"https:\/\/www.chiefslife.com\/fr-ch\/produit\/protein-chips-sour-cream\/\"><img decoding=\"async\" class=\"alignnone wp-image-17070\" src=\"https:\/\/www.chiefslife.com\/fr-ch\/wp-content\/uploads\/sites\/7\/2024\/06\/Chiefs_ProteinChips_SourCream_front_shade-300x300.png\" alt=\"\" width=\"160\" height=\"160\" srcset=\"https:\/\/www.chiefslife.com\/fr-ch\/wp-content\/uploads\/sites\/7\/2024\/06\/Chiefs_ProteinChips_SourCream_front_shade-300x300.png 300w, https:\/\/www.chiefslife.com\/fr-ch\/wp-content\/uploads\/sites\/7\/2024\/06\/Chiefs_ProteinChips_SourCream_front_shade-150x150.png 150w, https:\/\/www.chiefslife.com\/fr-ch\/wp-content\/uploads\/sites\/7\/2024\/06\/Chiefs_ProteinChips_SourCream_front_shade-768x768.png 768w, https:\/\/www.chiefslife.com\/fr-ch\/wp-content\/uploads\/sites\/7\/2024\/06\/Chiefs_ProteinChips_SourCream_front_shade-336x336.png 336w, https:\/\/www.chiefslife.com\/fr-ch\/wp-content\/uploads\/sites\/7\/2024\/06\/Chiefs_ProteinChips_SourCream_front_shade-800x800.png 800w, https:\/\/www.chiefslife.com\/fr-ch\/wp-content\/uploads\/sites\/7\/2024\/06\/Chiefs_ProteinChips_SourCream_front_shade-100x100.png 100w, https:\/\/www.chiefslife.com\/fr-ch\/wp-content\/uploads\/sites\/7\/2024\/06\/Chiefs_ProteinChips_SourCream_front_shade.png 1000w\" sizes=\"(max-width: 160px) 100vw, 160px\" \/><\/a><\/p>\n","protected":false},"excerpt":{"rendered":"<p class=\"p1\"><strong>Teste et go\u00fbte !<\/strong> Connais-tu d\u00e9j\u00e0 nos chips prot\u00e9in\u00e9es ? Procure-toi notre pack d\u2019essai et essaie les deux saveurs pour trouver ta pr\u00e9f\u00e9r\u00e9e. Contenu : 2 x paquets de 80 g dans les saveurs Sweet Paprika et Sour Cream.<\/p>\n","protected":false},"featured_media":17076,"template":"","meta":{"_acf_changed":false,"inline_featured_image":false},"product_brand":[],"product_cat":[678],"product_tag":[687,516,143,105,220,81],"class_list":{"0":"post-17163","1":"product","2":"type-product","3":"status-publish","4":"has-post-thumbnail","6":"product_cat-protein-chips","7":"product_tag-fabrique-en-suisse","8":"product_tag-high-protein","9":"product_tag-gluten-free","10":"product_tag-lactose-free","11":"product_tag-soy-free","12":"product_tag-vegan","14":"first","15":"outofstock","16":"taxable","17":"shipping-taxable","18":"purchasable","19":"product-type-simple"},"acf":[],"tiered_pricing_type":"fixed","tiered_pricing_fixed_rules":[],"tiered_pricing_product_settings":{"layout":"default","base_unit_name":{"singular":null,"plural":null},"default_variation":null},"tiered_pricing_minimum_quantity":null,"tiered_pricing_roles_data":[],"tiered_pricing_percentage_rules":[],"tiered_pricing_maximum_quantity":null,"tiered_pricing_quantity_step":null,"_links":{"self":[{"href":"https:\/\/www.chiefslife.com\/fr-ch\/wp-json\/wp\/v2\/product\/17163","targetHints":{"allow":["GET"]}}],"collection":[{"href":"https:\/\/www.chiefslife.com\/fr-ch\/wp-json\/wp\/v2\/product"}],"about":[{"href":"https:\/\/www.chiefslife.com\/fr-ch\/wp-json\/wp\/v2\/types\/product"}],"wp:featuredmedia":[{"embeddable":true,"href":"https:\/\/www.chiefslife.com\/fr-ch\/wp-json\/wp\/v2\/media\/17076"}],"wp:attachment":[{"href":"https:\/\/www.chiefslife.com\/fr-ch\/wp-json\/wp\/v2\/media?parent=17163"}],"wp:term":[{"taxonomy":"product_brand","embeddable":true,"href":"https:\/\/www.chiefslife.com\/fr-ch\/wp-json\/wp\/v2\/product_brand?post=17163"},{"taxonomy":"product_cat","embeddable":true,"href":"https:\/\/www.chiefslife.com\/fr-ch\/wp-json\/wp\/v2\/product_cat?post=17163"},{"taxonomy":"product_tag","embeddable":true,"href":"https:\/\/www.chiefslife.com\/fr-ch\/wp-json\/wp\/v2\/product_tag?post=17163"}],"curies":[{"name":"wp","href":"https:\/\/api.w.org\/{rel}","templated":true}]}}