{"id":17329,"date":"2024-10-07T10:17:01","date_gmt":"2024-10-07T08:17:01","guid":{"rendered":"https:\/\/www.chiefslife.com\/fr-ch\/?post_type=product&#038;p=17329"},"modified":"2025-11-30T23:49:38","modified_gmt":"2025-11-30T22:49:38","slug":"protein-bar-fudge-brownie","status":"publish","type":"product","link":"https:\/\/www.chiefslife.com\/fr-ch\/produit\/protein-bar-fudge-brownie\/","title":{"rendered":"Fudge Brownie"},"content":{"rendered":"<p class=\"p1\">NO ADDED SUGAR: Sans sucres ajout\u00e9s. Contient des sucres naturels.<br \/>\nHIGH PROTEIN: 13 g protein par barre. Haute teneur en prot\u00e9ines.<br \/>\nPALM OIL FREE<br \/>\nVEGAN<\/p>\n<p>Barre prot\u00e9in\u00e9e v\u00e9g\u00e9talienne recouverte d\u2019un produit \u00e0 base de cacao finement amer, avec \u00e9dulcorants. Go\u00fbt de Fudge Brownie.<\/p>\n<p>Ingr\u00e9dients : 24% produit \u00e0 base de cacao finement amer avec \u00e9dulcorant (cacao en p\u00e2te, \u00e9dulcorant: maltitol; beurre de cacao, \u00e9mulsifiant: l\u00e9cithines; ar\u00f4me naturel de vanille), prot\u00e9ines v\u00e9g\u00e9tales (PROT\u00c9INES DE SOJA, prot\u00e9ines de pois, prot\u00e9ines de riz), humectant: glyc\u00e9rol; couverture de produit \u00e0 base de cacao l\u00e9g\u00e8rement amer (\u00e9dulcorant: maltitol; beurre de cacao, oligofructose, cacao en p\u00e2te, farine de riz, \u00e9mulsifiant: l\u00e9cithines; ar\u00f4me naturel de cacao, ar\u00f4me naturel de vanille), polydextrose, crispies au cacao de soja (PROT\u00c9INES DE SOJA, poudre de cacao, amidon de tapioca), huile de tournesol, cacao maigre en poudre, ar\u00f4mes, \u00e9dulcorant: sucralose.<\/p>\n<p>Peut contenir des traces des c\u00e9r\u00e9ales contenant du gluten, du lait, des fruits \u00e0 coque et des arachides.<\/p>\n<p>Peut avoir des effets laxatifs en cas de consommation excessive.<\/p>\n<p>*Les prot\u00e9ines contribuent \u00e0 augmenter et au maintien de la masse musculaire.<br \/>\nProduit en Allemagne.<\/p>\n","protected":false},"excerpt":{"rendered":"<p><strong>What the Fudge?<\/strong> La premi\u00e8re barre prot\u00e9in\u00e9e v\u00e9g\u00e9tale de Chiefs est arriv\u00e9e. \u00abFudge Brownie\u00bb associe un go\u00fbt intense de chocolat \u00e0 une texture fondante de fudge. Que vous souhaitiez \u00e9viter les produits d\u2019origine animale ou que vous soyez simplement \u00e0 la recherche de l\u2019exp\u00e9rience gustative ultime, cette barre est faite pour tous ceux qui aiment le chocolat bien moelleux et vraiment d\u00e9licieux !<\/p>\n","protected":false},"featured_media":17331,"template":"","meta":{"_acf_changed":false,"inline_featured_image":false},"product_brand":[],"product_cat":[148],"product_tag":[516,110,145],"class_list":{"0":"post-17329","1":"product","2":"type-product","3":"status-publish","4":"has-post-thumbnail","6":"product_cat-protein-bars","7":"product_tag-high-protein","8":"product_tag-palm-oil-free","9":"product_tag-no-added-sugar","11":"first","12":"instock","13":"taxable","14":"shipping-taxable","15":"purchasable","16":"product-type-simple"},"acf":[],"tiered_pricing_type":"fixed","tiered_pricing_fixed_rules":[],"tiered_pricing_product_settings":{"layout":"default","base_unit_name":{"singular":null,"plural":null},"default_variation":null},"tiered_pricing_minimum_quantity":null,"tiered_pricing_roles_data":[],"tiered_pricing_percentage_rules":[],"tiered_pricing_maximum_quantity":null,"tiered_pricing_quantity_step":null,"_links":{"self":[{"href":"https:\/\/www.chiefslife.com\/fr-ch\/wp-json\/wp\/v2\/product\/17329","targetHints":{"allow":["GET"]}}],"collection":[{"href":"https:\/\/www.chiefslife.com\/fr-ch\/wp-json\/wp\/v2\/product"}],"about":[{"href":"https:\/\/www.chiefslife.com\/fr-ch\/wp-json\/wp\/v2\/types\/product"}],"wp:featuredmedia":[{"embeddable":true,"href":"https:\/\/www.chiefslife.com\/fr-ch\/wp-json\/wp\/v2\/media\/17331"}],"wp:attachment":[{"href":"https:\/\/www.chiefslife.com\/fr-ch\/wp-json\/wp\/v2\/media?parent=17329"}],"wp:term":[{"taxonomy":"product_brand","embeddable":true,"href":"https:\/\/www.chiefslife.com\/fr-ch\/wp-json\/wp\/v2\/product_brand?post=17329"},{"taxonomy":"product_cat","embeddable":true,"href":"https:\/\/www.chiefslife.com\/fr-ch\/wp-json\/wp\/v2\/product_cat?post=17329"},{"taxonomy":"product_tag","embeddable":true,"href":"https:\/\/www.chiefslife.com\/fr-ch\/wp-json\/wp\/v2\/product_tag?post=17329"}],"curies":[{"name":"wp","href":"https:\/\/api.w.org\/{rel}","templated":true}]}}