{"id":17623,"date":"2025-03-19T16:52:38","date_gmt":"2025-03-19T15:52:38","guid":{"rendered":"https:\/\/www.chiefslife.com\/fr-ch\/?post_type=product&#038;p=17623"},"modified":"2025-11-30T23:49:36","modified_gmt":"2025-11-30T22:49:36","slug":"protein-soft-bar-choco-caramel","status":"publish","type":"product","link":"https:\/\/www.chiefslife.com\/fr-ch\/produit\/protein-soft-bar-choco-caramel\/","title":{"rendered":"Choco Caramel"},"content":{"rendered":"<p>16G PROTEIN*par barre. Haute teneur en prot\u00e9ines.<br \/>\nNO ADDED SUGAR*Sans sucres ajout\u00e9s. Contient des sucres naturels.<br \/>\nPALM OIL FREE<\/p>\n<p>Barre prot\u00e9in\u00e9e avec de la couverture de chocolat au lait, avec \u00e9dulcorants. Au go\u00fbt de chocolat-caramel.<\/p>\n<p>Ingr\u00e9dients : 29% chocolat au lait entier avec \u00e9dulcorant (\u00e9dulcorant : maltitol ; beurre de cacao, <u class=\"ql-und\">lait entier<\/u> en poudre, p\u00e2te de cacao, \u00e9mulsifiant : l\u00e9cithines ; ar\u00f4me naturel de vanille), <u class=\"ql-und\">prot\u00e9ines de lait<\/u>, humectant : glyc\u00e9rol ; polydextrose, hydrolysat de collag\u00e8ne , \u00e9dulcorants : sirop de maltitol, xylitol, sucralose ; huile de tournesol, 3,4% chocolat blanc avec \u00e9dulcorant (\u00e9dulcorant : maltitol ; beurre de cacao, <u class=\"ql-und\">lait entier<\/u> en poudre, \u00e9mulsifiant : l\u00e9cithines ; ar\u00f4me naturel de vanille), eau, cacao maigre en poudre (cacao maigre en poudre, correcteurs d&rsquo;acidit\u00e9 : carbonate d&rsquo;ammonium, carbonate de potassium, hydroxyde de potassium), <u class=\"ql-und\">prot\u00e9ines de soja<\/u>, ar\u00f4mes, sel, concentr\u00e9 de carotte, concentr\u00e9 de carotte caram\u00e9lis\u00e9, ar\u00f4me naturel.<\/p>\n<p>Peut contenir des traces des c\u00e9r\u00e9ales contenant du gluten, des arachides et des fruits \u00e0 coque.<br \/>\nPeut avoir des effets laxatifs en cas de consommation excessive.<\/p>\n","protected":false},"excerpt":{"rendered":"<p><strong>Le plaisir chocolat\u00e9 rencontre le caramel d\u00e9cadent !<\/strong><\/p>\n<p>Enrob\u00e9e de chocolat riche m\u00e9lang\u00e9 \u00e0 du caramel onctueux, cette barre fond dans la bouche, transformant chaque bouch\u00e9e en un moment de pur plaisir ! Avec 16g de prot\u00e9ines, elle est parfaite pour un encas \u00e0 emporter, la r\u00e9cup\u00e9ration apr\u00e8s l&rsquo;entra\u00eenement, ou simplement un plaisir sans culpabilit\u00e9 !<\/p>\n","protected":false},"featured_media":17621,"template":"","meta":{"_acf_changed":false,"inline_featured_image":false},"product_brand":[],"product_cat":[699],"product_tag":[516,110,145],"class_list":{"0":"post-17623","1":"product","2":"type-product","3":"status-publish","4":"has-post-thumbnail","6":"product_cat-protein-soft-bars","7":"product_tag-high-protein","8":"product_tag-palm-oil-free","9":"product_tag-no-added-sugar","11":"first","12":"instock","13":"taxable","14":"shipping-taxable","15":"purchasable","16":"product-type-simple"},"acf":[],"tiered_pricing_type":"fixed","tiered_pricing_fixed_rules":[],"tiered_pricing_product_settings":{"layout":"default","base_unit_name":{"singular":null,"plural":null},"default_variation":null},"tiered_pricing_minimum_quantity":null,"tiered_pricing_roles_data":[],"tiered_pricing_percentage_rules":[],"tiered_pricing_maximum_quantity":null,"tiered_pricing_quantity_step":null,"_links":{"self":[{"href":"https:\/\/www.chiefslife.com\/fr-ch\/wp-json\/wp\/v2\/product\/17623","targetHints":{"allow":["GET"]}}],"collection":[{"href":"https:\/\/www.chiefslife.com\/fr-ch\/wp-json\/wp\/v2\/product"}],"about":[{"href":"https:\/\/www.chiefslife.com\/fr-ch\/wp-json\/wp\/v2\/types\/product"}],"wp:featuredmedia":[{"embeddable":true,"href":"https:\/\/www.chiefslife.com\/fr-ch\/wp-json\/wp\/v2\/media\/17621"}],"wp:attachment":[{"href":"https:\/\/www.chiefslife.com\/fr-ch\/wp-json\/wp\/v2\/media?parent=17623"}],"wp:term":[{"taxonomy":"product_brand","embeddable":true,"href":"https:\/\/www.chiefslife.com\/fr-ch\/wp-json\/wp\/v2\/product_brand?post=17623"},{"taxonomy":"product_cat","embeddable":true,"href":"https:\/\/www.chiefslife.com\/fr-ch\/wp-json\/wp\/v2\/product_cat?post=17623"},{"taxonomy":"product_tag","embeddable":true,"href":"https:\/\/www.chiefslife.com\/fr-ch\/wp-json\/wp\/v2\/product_tag?post=17623"}],"curies":[{"name":"wp","href":"https:\/\/api.w.org\/{rel}","templated":true}]}}