{"id":17625,"date":"2025-03-19T16:52:25","date_gmt":"2025-03-19T15:52:25","guid":{"rendered":"https:\/\/www.chiefslife.com\/fr-ch\/?post_type=product&#038;p=17625"},"modified":"2025-11-30T23:49:37","modified_gmt":"2025-11-30T22:49:37","slug":"protein-soft-bar-peanut-caramel","status":"publish","type":"product","link":"https:\/\/www.chiefslife.com\/fr-ch\/produit\/protein-soft-bar-peanut-caramel\/","title":{"rendered":"Peanut Caramel"},"content":{"rendered":"<p>16G PROTEIN*par barre. Haute teneur en prot\u00e9ines.<br \/>\nNO ADDED SUGAR*Sans sucres ajout\u00e9s. Contient des sucres naturels.<br \/>\nPALM OIL FREE<\/p>\n<p>Barre prot\u00e9in\u00e9e avec de la couverture de chocolat au lait, avec 6,2% d&rsquo;arachides, avec \u00e9dulcorants. Au go\u00fbt d\u2019arachide-caramel.<\/p>\n<p class=\"ewa-rteLine\">Ingr\u00e9dients : 29% chocolat au lait entier avec \u00e9dulcorant (\u00e9dulcorant : maltitol ; beurre de cacao, <u class=\"ql-und\">lait entier <\/u>en poudre, p\u00e2te de cacao, \u00e9mulsifiant : l\u00e9cithines ; ar\u00f4me naturel de vanille), <u class=\"ql-und\">prot\u00e9ines de lait<\/u>, humectant : glyc\u00e9rol ; 6,8% p\u00e2te d&rsquo;<u class=\"ql-und\">arachide<\/u>, polydextrose, 6,2% morceaux d<u class=\"ql-und\">&lsquo;arachide<\/u> grill\u00e9s , hydrolysat de collag\u00e8ne, chocolat blanc avec \u00e9dulcorant<\/p>\n<p class=\"ewa-rteLine\">(\u00e9dulcorant : maltitol ; beurre de cacao, <u class=\"ql-und\">lait entier<\/u> en poudre, \u00e9mulsifiant : l\u00e9cithines ; ar\u00f4me naturel de vanille), eau, \u00e9dulcorants : sirop de maltitol, sucralose ; huile de tournesol, ar\u00f4mes, <u class=\"ql-und\">prot\u00e9ines de soja<\/u>, concentr\u00e9 de carottes caram\u00e9lis\u00e9es, concentr\u00e9 de carottes, sel, \u00e9mulsifiant : l\u00e9cithines.<\/p>\n<p>Peut contenir des traces des c\u00e9r\u00e9ales contenant du gluten et des fruits \u00e0 coque.<br \/>\nPeut avoir des effets laxatifs en cas de consommation excessive.<\/p>\n","protected":false},"excerpt":{"rendered":"<p><strong>Savourez le d\u00e9licieux m\u00e9lange de caramel moelleux et d&rsquo;arachides croquantes ! <\/strong><\/p>\n<p>Profitez du go\u00fbt de caramel onctueux, de morceaux d&rsquo;arachides croquants et d&rsquo;un enrobage de chocolat riche \u00e0 chaque bouch\u00e9e. Avec 16g de prot\u00e9ines, sans sucre ajout\u00e9 et sans huile de palme, c&rsquo;est l&rsquo;encas parfait pour alimenter votre journ\u00e9e !<\/p>\n","protected":false},"featured_media":17622,"template":"","meta":{"_acf_changed":false,"inline_featured_image":false},"product_brand":[],"product_cat":[699],"product_tag":[516,110,145],"class_list":{"0":"post-17625","1":"product","2":"type-product","3":"status-publish","4":"has-post-thumbnail","6":"product_cat-protein-soft-bars","7":"product_tag-high-protein","8":"product_tag-palm-oil-free","9":"product_tag-no-added-sugar","11":"first","12":"instock","13":"taxable","14":"shipping-taxable","15":"purchasable","16":"product-type-simple"},"acf":[],"tiered_pricing_type":"fixed","tiered_pricing_fixed_rules":[],"tiered_pricing_product_settings":{"layout":"default","base_unit_name":{"singular":null,"plural":null},"default_variation":null},"tiered_pricing_minimum_quantity":null,"tiered_pricing_roles_data":[],"tiered_pricing_percentage_rules":[],"tiered_pricing_maximum_quantity":null,"tiered_pricing_quantity_step":null,"_links":{"self":[{"href":"https:\/\/www.chiefslife.com\/fr-ch\/wp-json\/wp\/v2\/product\/17625","targetHints":{"allow":["GET"]}}],"collection":[{"href":"https:\/\/www.chiefslife.com\/fr-ch\/wp-json\/wp\/v2\/product"}],"about":[{"href":"https:\/\/www.chiefslife.com\/fr-ch\/wp-json\/wp\/v2\/types\/product"}],"wp:featuredmedia":[{"embeddable":true,"href":"https:\/\/www.chiefslife.com\/fr-ch\/wp-json\/wp\/v2\/media\/17622"}],"wp:attachment":[{"href":"https:\/\/www.chiefslife.com\/fr-ch\/wp-json\/wp\/v2\/media?parent=17625"}],"wp:term":[{"taxonomy":"product_brand","embeddable":true,"href":"https:\/\/www.chiefslife.com\/fr-ch\/wp-json\/wp\/v2\/product_brand?post=17625"},{"taxonomy":"product_cat","embeddable":true,"href":"https:\/\/www.chiefslife.com\/fr-ch\/wp-json\/wp\/v2\/product_cat?post=17625"},{"taxonomy":"product_tag","embeddable":true,"href":"https:\/\/www.chiefslife.com\/fr-ch\/wp-json\/wp\/v2\/product_tag?post=17625"}],"curies":[{"name":"wp","href":"https:\/\/api.w.org\/{rel}","templated":true}]}}