{"id":17645,"date":"2025-03-20T08:48:35","date_gmt":"2025-03-20T07:48:35","guid":{"rendered":"https:\/\/www.chiefslife.com\/fr-ch\/?post_type=product&#038;p=17645"},"modified":"2025-11-30T23:49:35","modified_gmt":"2025-11-30T22:49:35","slug":"banana-beach","status":"publish","type":"product","link":"https:\/\/www.chiefslife.com\/fr-ch\/produit\/banana-beach\/","title":{"rendered":"Banana Beach"},"content":{"rendered":"<p>NO ADDED SUGAR: Sans sucres ajout\u00e9s. Contient des sucres naturels.<br \/>\nHIGH PROTEIN: 25 g Protein par bouteille.<br \/>\nCONTAINS BCAAs: BCAAs (= Branched-chain amino acids) 5500 mg\/330ml. Lait contient des acides amin\u00e9s ramifi\u00e9s.<br \/>\nLOWER CARB: 65% de glucides en moins par rapport \u00e0 un produit similaire.<br \/>\nLACTOSE FREE: Sans lactose &lt;0,1 g\/100 ml.<\/p>\n<p><span style=\"vertical-align: inherit;\">Boisson sans lactose, \u00e0 base de lait (2,2% de mati\u00e8re grasse dans la partie lactique) contenant des prot\u00e9ines lactiques et des \u00e9dulcorants. Banana. UHT.<br \/>\n<\/span><\/p>\n<p><span style=\"vertical-align: inherit;\">Ingredients: Water, 34% MILK, 7.9% LACTIC PROTEIN concentrate, 2.5% banana puree, stabilizer: cellulose gel, cellulose gum; sweetener: sucralose, acesulfame K; natural flavoring, edible salt.<\/span><\/p>\n<p>*Les prot\u00e9ines contribuent \u00e0 augmenter et au maintien de la masse musculaire.<br \/>\nProduit en Austriche.<\/p>\n","protected":false},"excerpt":{"rendered":"<p>Ressentez les vibrations tropicales avec Banana Beach !<br \/>\nUne saveur de banane onctueuse, cr\u00e9meuse et riche, avec 25g de prot\u00e9ines, c&rsquo;est la boisson parfaite pour alimenter votre journ\u00e9e !<\/p>\n","protected":false},"featured_media":17646,"template":"","meta":{"_acf_changed":false,"inline_featured_image":false},"product_brand":[],"product_cat":[91],"product_tag":[147,82,516,143,105,145],"class_list":{"0":"post-17645","1":"product","2":"type-product","3":"status-publish","4":"has-post-thumbnail","6":"product_cat-protein-drink","7":"product_tag-low-fat","8":"product_tag-lower-carb","9":"product_tag-high-protein","10":"product_tag-gluten-free","11":"product_tag-lactose-free","12":"product_tag-no-added-sugar","14":"first","15":"instock","16":"taxable","17":"shipping-taxable","18":"purchasable","19":"product-type-simple"},"acf":[],"tiered_pricing_type":"fixed","tiered_pricing_fixed_rules":[],"tiered_pricing_product_settings":{"layout":"default","base_unit_name":{"singular":null,"plural":null},"default_variation":null},"tiered_pricing_minimum_quantity":null,"tiered_pricing_roles_data":[],"tiered_pricing_percentage_rules":[],"tiered_pricing_maximum_quantity":null,"tiered_pricing_quantity_step":null,"_links":{"self":[{"href":"https:\/\/www.chiefslife.com\/fr-ch\/wp-json\/wp\/v2\/product\/17645","targetHints":{"allow":["GET"]}}],"collection":[{"href":"https:\/\/www.chiefslife.com\/fr-ch\/wp-json\/wp\/v2\/product"}],"about":[{"href":"https:\/\/www.chiefslife.com\/fr-ch\/wp-json\/wp\/v2\/types\/product"}],"wp:featuredmedia":[{"embeddable":true,"href":"https:\/\/www.chiefslife.com\/fr-ch\/wp-json\/wp\/v2\/media\/17646"}],"wp:attachment":[{"href":"https:\/\/www.chiefslife.com\/fr-ch\/wp-json\/wp\/v2\/media?parent=17645"}],"wp:term":[{"taxonomy":"product_brand","embeddable":true,"href":"https:\/\/www.chiefslife.com\/fr-ch\/wp-json\/wp\/v2\/product_brand?post=17645"},{"taxonomy":"product_cat","embeddable":true,"href":"https:\/\/www.chiefslife.com\/fr-ch\/wp-json\/wp\/v2\/product_cat?post=17645"},{"taxonomy":"product_tag","embeddable":true,"href":"https:\/\/www.chiefslife.com\/fr-ch\/wp-json\/wp\/v2\/product_tag?post=17645"}],"curies":[{"name":"wp","href":"https:\/\/api.w.org\/{rel}","templated":true}]}}