{"id":17696,"date":"2025-04-11T12:24:06","date_gmt":"2025-04-11T10:24:06","guid":{"rendered":"https:\/\/www.chiefslife.com\/fr-ch\/?post_type=product&#038;p=17696"},"modified":"2026-02-10T08:16:35","modified_gmt":"2026-02-10T07:16:35","slug":"kaegi-chiefs-protein-wafer","status":"publish","type":"product","link":"https:\/\/www.chiefslife.com\/fr-ch\/produit\/kaegi-chiefs-protein-wafer\/","title":{"rendered":"K\u00e4gi x Chiefs Protein Wafer"},"content":{"rendered":"<p class=\"ewa-rteLine\"><span dir=\"auto\" style=\"vertical-align: inherit\"><span dir=\"auto\" style=\"vertical-align: inherit\"><span dir=\"auto\" style=\"vertical-align: inherit\"><span dir=\"auto\" style=\"vertical-align: inherit\">13g PROTEIN: per package. High protein content. <\/span><\/span><\/span><\/span><br \/>\n<span dir=\"auto\" style=\"vertical-align: inherit\"><span dir=\"auto\" style=\"vertical-align: inherit\"><span dir=\"auto\" style=\"vertical-align: inherit\"><span dir=\"auto\" style=\"vertical-align: inherit\">NO ADDED SUGAR: Contains naturally occurring sugars.<\/span><\/span><\/span><\/span><\/p>\n<p><span dir=\"auto\" style=\"vertical-align: inherit\"><span dir=\"auto\" style=\"vertical-align: inherit\"><span dir=\"auto\" style=\"vertical-align: inherit\"><span dir=\"auto\" style=\"vertical-align: inherit\">Swiss specialty of protein wafers coated in milk chocolate (38%) containing sweetener.<\/span><\/span><\/span><\/span><\/p>\n<div class=\"ewa-rteLine\">\n<p class=\"ewa-rteLine\"><span dir=\"auto\" style=\"vertical-align: inherit\"><span dir=\"auto\" style=\"vertical-align: inherit\"><span dir=\"auto\" style=\"vertical-align: inherit\"><span dir=\"auto\" style=\"vertical-align: inherit\">Ingredients: Milk chocolate with whey protein and sweetener (sweetener: maltitol; cocoa mass, whole MILK powder, cocoa butter, WHEY PROTEIN, emulsifier: lecithin (sunflower); vanilla extract), WHEAT flour, palm fat (sustainable; certified), sweetener: isomalt, sucralose; WHEAT PROTEIN, WHEY PROTEIN, collagen hydrolysate, skimmed MILK powder, cocoa powder, EGG YOLK powder, emulsifier: lecithin (SOYA); table salt, raising agent: sodium bicarbonate; bourbon vanilla extract.<\/span><\/span><\/span><\/span><\/p>\n<p class=\"ewa-rteLine\"><span dir=\"auto\" style=\"vertical-align: inherit\"><span dir=\"auto\" style=\"vertical-align: inherit\"><span dir=\"auto\" style=\"vertical-align: inherit\"><span dir=\"auto\" style=\"vertical-align: inherit\">May contain traces of nuts.<\/span><\/span><\/span><\/span><\/p>\n<p><span dir=\"auto\" style=\"vertical-align: inherit\"><span dir=\"auto\" style=\"vertical-align: inherit\"><span dir=\"auto\" style=\"vertical-align: inherit\"><span dir=\"auto\" style=\"vertical-align: inherit\">*Protein contributes to the growth and maintenance of muscle mass. <\/span><\/span><\/span><\/span><br \/>\n<span dir=\"auto\" style=\"vertical-align: inherit\"><span dir=\"auto\" style=\"vertical-align: inherit\"><span dir=\"auto\" style=\"vertical-align: inherit\"><span dir=\"auto\" style=\"vertical-align: inherit\">Produced in Switzerland.<\/span><\/span><\/span><\/span><\/p>\n<\/div>\n","protected":false},"excerpt":{"rendered":"<p>La tradition rencontre l\u2019innovation : le go\u00fbt classique des gaufrettes au chocolat K\u00e4gi combin\u00e9 \u00e0 la nutrition fonctionnelle de Chiefs. Gaufrettes croustillantes enrob\u00e9es du meilleur chocolat avec 13g de prot\u00e9ines de haute qualit\u00e9 et sans sucre ajout\u00e9. Savourez les gaufrettes au chocolat K\u00e4gi que vous aimez \u2013 avec Chiefs !<\/p>\n","protected":false},"featured_media":17697,"template":"","meta":{"_acf_changed":false,"inline_featured_image":false},"product_brand":[],"product_cat":[702],"product_tag":[516,145],"class_list":{"0":"post-17696","1":"product","2":"type-product","3":"status-publish","4":"has-post-thumbnail","6":"product_cat-protein-wafer","7":"product_tag-high-protein","8":"product_tag-no-added-sugar","10":"first","11":"instock","12":"taxable","13":"shipping-taxable","14":"purchasable","15":"product-type-variable","16":"has-default-attributes"},"acf":[],"tiered_pricing_type":"fixed","tiered_pricing_fixed_rules":[],"tiered_pricing_product_settings":{"layout":"default","base_unit_name":{"singular":null,"plural":null},"default_variation":null},"tiered_pricing_minimum_quantity":null,"tiered_pricing_roles_data":[],"tiered_pricing_percentage_rules":[],"tiered_pricing_maximum_quantity":null,"tiered_pricing_quantity_step":null,"_links":{"self":[{"href":"https:\/\/www.chiefslife.com\/fr-ch\/wp-json\/wp\/v2\/product\/17696","targetHints":{"allow":["GET"]}}],"collection":[{"href":"https:\/\/www.chiefslife.com\/fr-ch\/wp-json\/wp\/v2\/product"}],"about":[{"href":"https:\/\/www.chiefslife.com\/fr-ch\/wp-json\/wp\/v2\/types\/product"}],"wp:featuredmedia":[{"embeddable":true,"href":"https:\/\/www.chiefslife.com\/fr-ch\/wp-json\/wp\/v2\/media\/17697"}],"wp:attachment":[{"href":"https:\/\/www.chiefslife.com\/fr-ch\/wp-json\/wp\/v2\/media?parent=17696"}],"wp:term":[{"taxonomy":"product_brand","embeddable":true,"href":"https:\/\/www.chiefslife.com\/fr-ch\/wp-json\/wp\/v2\/product_brand?post=17696"},{"taxonomy":"product_cat","embeddable":true,"href":"https:\/\/www.chiefslife.com\/fr-ch\/wp-json\/wp\/v2\/product_cat?post=17696"},{"taxonomy":"product_tag","embeddable":true,"href":"https:\/\/www.chiefslife.com\/fr-ch\/wp-json\/wp\/v2\/product_tag?post=17696"}],"curies":[{"name":"wp","href":"https:\/\/api.w.org\/{rel}","templated":true}]}}