{"id":17892,"date":"2025-09-01T11:07:13","date_gmt":"2025-09-01T09:07:13","guid":{"rendered":"https:\/\/www.chiefslife.com\/fr-ch\/?post_type=product&#038;p=17892"},"modified":"2025-12-12T10:41:47","modified_gmt":"2025-12-12T09:41:47","slug":"chocolate","status":"publish","type":"product","link":"https:\/\/www.chiefslife.com\/fr-ch\/produit\/chocolate\/","title":{"rendered":"Chocolate"},"content":{"rendered":"<p>30G HIGH PROTEIN: 30g High Protein par bouteille.<br \/>\nZERO ADDED SUGAR: Z\u00e9ro sucres ajout\u00e9s. Contient des sucres naturels.<br \/>\nLACTOSE FREE: Teneur en lactose \/ &lt;0,1 g\/100 ml.<br \/>\nLOWER CARB: 65 % de glucides en moins par rapport aux boissons \u00e0 base de lait classiques.<br \/>\nCONTAINS BCAAs: BCAAs (Branched-chain amino acids) 5000 mg\/330ml. Lait contient des acides amin\u00e9s ramifi\u00e9s.<\/p>\n<p>Boisson sans lactose \u00e0 base de lait, avec des prot\u00e9ines de lait, avec des \u00e9dulcorants. Go\u00fbt chocolat. UHT.<\/p>\n<p>Ingr\u00e9dients : 45 % LAIT, eau, 8,6 % concentr\u00e9 de prot\u00e9ines de LAIT, 1,7 % cacao en poudre maigre5, stabilisants : gel de cellulose, gomme de cellulose ; ar\u00f4mes naturels, sel, \u00e9dulcorants : sucralose, ac\u00e9sulfame K ; lactase.<\/p>\n<p>*Les prot\u00e9ines contribuent \u00e0 augmenter et au maintien de la masse musculaire.<br \/>\nProduit en Austriche.<\/p>\n<p><a href=\"https:\/\/www.chiefslife.com\/fr-eu\/wp-content\/uploads\/sites\/9\/2021\/09\/Rainforest_Alliance_Cocoa_2.png\"><img decoding=\"async\" class=\"alignnone wp-image-14179\" src=\"https:\/\/www.chiefslife.com\/fr-eu\/wp-content\/uploads\/sites\/9\/2021\/09\/Rainforest_Alliance_Cocoa_2-250x300.png\" alt=\"\" width=\"100\" height=\"120\" \/><\/a><\/p>\n","protected":false},"excerpt":{"rendered":"<p>NOUVEAU : Chiefs 30g Chocolate Protein Drink \u2013 nouvelle recette, plus de prot\u00e9ines, nouveau look et go\u00fbt incroyable. \ud83d\udcaa\ud83d\udd25<\/p>\n<p>Cr\u00e9meux, intense et avec du cacao issu de sources durables \u2013 chaque bouteille t\u2019apporte 30 g de prot\u00e9ines avec la saveur chocolat classique que tu aimes d\u00e9j\u00e0.<\/p>\n","protected":false},"featured_media":17896,"template":"","meta":{"_acf_changed":false,"inline_featured_image":false},"product_brand":[],"product_cat":[91],"product_tag":[708,147,82,143,105,709],"class_list":{"0":"post-17892","1":"product","2":"type-product","3":"status-publish","4":"has-post-thumbnail","6":"product_cat-protein-drink","7":"product_tag-30g-de-proteines","8":"product_tag-low-fat","9":"product_tag-lower-carb","10":"product_tag-gluten-free","11":"product_tag-lactose-free","12":"product_tag-zero-sucre-ajoute","14":"first","15":"instock","16":"taxable","17":"shipping-taxable","18":"purchasable","19":"product-type-simple"},"acf":[],"tiered_pricing_type":"fixed","tiered_pricing_fixed_rules":[],"tiered_pricing_product_settings":{"layout":"default","base_unit_name":{"singular":null,"plural":null},"default_variation":null},"tiered_pricing_minimum_quantity":null,"tiered_pricing_roles_data":[],"tiered_pricing_percentage_rules":[],"tiered_pricing_maximum_quantity":null,"tiered_pricing_quantity_step":null,"_links":{"self":[{"href":"https:\/\/www.chiefslife.com\/fr-ch\/wp-json\/wp\/v2\/product\/17892","targetHints":{"allow":["GET"]}}],"collection":[{"href":"https:\/\/www.chiefslife.com\/fr-ch\/wp-json\/wp\/v2\/product"}],"about":[{"href":"https:\/\/www.chiefslife.com\/fr-ch\/wp-json\/wp\/v2\/types\/product"}],"wp:featuredmedia":[{"embeddable":true,"href":"https:\/\/www.chiefslife.com\/fr-ch\/wp-json\/wp\/v2\/media\/17896"}],"wp:attachment":[{"href":"https:\/\/www.chiefslife.com\/fr-ch\/wp-json\/wp\/v2\/media?parent=17892"}],"wp:term":[{"taxonomy":"product_brand","embeddable":true,"href":"https:\/\/www.chiefslife.com\/fr-ch\/wp-json\/wp\/v2\/product_brand?post=17892"},{"taxonomy":"product_cat","embeddable":true,"href":"https:\/\/www.chiefslife.com\/fr-ch\/wp-json\/wp\/v2\/product_cat?post=17892"},{"taxonomy":"product_tag","embeddable":true,"href":"https:\/\/www.chiefslife.com\/fr-ch\/wp-json\/wp\/v2\/product_tag?post=17892"}],"curies":[{"name":"wp","href":"https:\/\/api.w.org\/{rel}","templated":true}]}}