{"id":18182,"date":"2026-03-03T16:06:50","date_gmt":"2026-03-03T15:06:50","guid":{"rendered":"https:\/\/www.chiefslife.com\/fr-ch\/?post_type=product&#038;p=18182"},"modified":"2026-03-12T12:12:50","modified_gmt":"2026-03-12T11:12:50","slug":"performance-drink-lemon-lime","status":"publish","type":"product","link":"https:\/\/www.chiefslife.com\/fr-ch\/produit\/performance-drink-lemon-lime\/","title":{"rendered":"Lemon Lime"},"content":{"rendered":"<p><span dir=\"auto\" style=\"vertical-align: inherit\"><span dir=\"auto\" style=\"vertical-align: inherit\"><span dir=\"auto\" style=\"vertical-align: inherit\"><span dir=\"auto\" style=\"vertical-align: inherit\"><span dir=\"auto\" style=\"vertical-align: inherit\"><span dir=\"auto\" style=\"vertical-align: inherit\">180 MG CAFFEINE: par bo\u00eete<\/span><\/span><\/span><\/span><\/span><\/span><br \/>\n<span dir=\"auto\" style=\"vertical-align: inherit\"><span dir=\"auto\" style=\"vertical-align: inherit\"><span dir=\"auto\" style=\"vertical-align: inherit\"><span dir=\"auto\" style=\"vertical-align: inherit\"><span dir=\"auto\" style=\"vertical-align: inherit\"><span dir=\"auto\" style=\"vertical-align: inherit\">ZERO SUGAR<\/span><\/span><\/span><\/span><\/span><\/span><\/p>\n<div class=\"ewa-rteLine\">Boisson caf\u00e9in\u00e9e et gaz\u00e9ifi\u00e9e avec des BCAAs (acides amin\u00e9s \u00e0 cha\u00eene ramifi\u00e9e) et des vitamines, avec \u00e9dulcorants. Pasteuris\u00e9. Go\u00fbt de citron &amp; citron vert.<\/div>\n<div class=\"ewa-rteLine\">Aliment destin\u00e9 aux sportifs. De pr\u00e9f\u00e9rence 1 bo\u00eete par jour avant l\u2019entra\u00eenement.<\/div>\n<div><\/div>\n<p>Ingr\u00e9dients : eau, acidifiant : acide citrique ; gaz carbonique, correcteur d&rsquo;acidit\u00e9 : citrates de sodium ; L-leucine, L-valine, L-isoleucine, caf\u00e9ine, \u00e9dulcorants : ac\u00e9sulfame K, sucralose ; sel, ar\u00f4me, extrait de guarana, niacine, vitamine B6, acide folique, biotine, vitamine D3, vitamine B12.<\/p>\n<p>Teneur \u00e9lev\u00e9e en caf\u00e9ine, d\u00e9conseill\u00e9 aux enfants et aux femmes enceintes ou allaitantes (55 mg\/100 ml).<\/p>\n<p>Produit en Autriche.<\/p>\n","protected":false},"excerpt":{"rendered":"<p>Boostez vos entra\u00eenements avec notre BCAA au go\u00fbt citron-citron vert. Riche en BCAA, en vitamines et en caf\u00e9ine pour des performances optimales. \ud83c\udf4b\u26a1<\/p>\n","protected":false},"featured_media":18184,"template":"","meta":{"_acf_changed":false,"inline_featured_image":false},"product_brand":[],"product_cat":[692],"product_tag":[693,694,695,696],"class_list":{"0":"post-18182","1":"product","2":"type-product","3":"status-publish","4":"has-post-thumbnail","6":"product_cat-performance-drinks","7":"product_tag-180-mg-caffeine","8":"product_tag-2000-mg-bcaa","9":"product_tag-zero-calories","10":"product_tag-zero-sugar","12":"first","13":"instock","14":"taxable","15":"shipping-taxable","16":"purchasable","17":"product-type-simple"},"acf":[],"tiered_pricing_type":"fixed","tiered_pricing_fixed_rules":[],"tiered_pricing_product_settings":{"layout":"default","base_unit_name":{"singular":null,"plural":null},"default_variation":null},"tiered_pricing_minimum_quantity":null,"tiered_pricing_roles_data":[],"tiered_pricing_percentage_rules":[],"tiered_pricing_maximum_quantity":null,"tiered_pricing_quantity_step":null,"_links":{"self":[{"href":"https:\/\/www.chiefslife.com\/fr-ch\/wp-json\/wp\/v2\/product\/18182","targetHints":{"allow":["GET"]}}],"collection":[{"href":"https:\/\/www.chiefslife.com\/fr-ch\/wp-json\/wp\/v2\/product"}],"about":[{"href":"https:\/\/www.chiefslife.com\/fr-ch\/wp-json\/wp\/v2\/types\/product"}],"wp:featuredmedia":[{"embeddable":true,"href":"https:\/\/www.chiefslife.com\/fr-ch\/wp-json\/wp\/v2\/media\/18184"}],"wp:attachment":[{"href":"https:\/\/www.chiefslife.com\/fr-ch\/wp-json\/wp\/v2\/media?parent=18182"}],"wp:term":[{"taxonomy":"product_brand","embeddable":true,"href":"https:\/\/www.chiefslife.com\/fr-ch\/wp-json\/wp\/v2\/product_brand?post=18182"},{"taxonomy":"product_cat","embeddable":true,"href":"https:\/\/www.chiefslife.com\/fr-ch\/wp-json\/wp\/v2\/product_cat?post=18182"},{"taxonomy":"product_tag","embeddable":true,"href":"https:\/\/www.chiefslife.com\/fr-ch\/wp-json\/wp\/v2\/product_tag?post=18182"}],"curies":[{"name":"wp","href":"https:\/\/api.w.org\/{rel}","templated":true}]}}