{"id":18203,"date":"2026-03-13T13:35:28","date_gmt":"2026-03-13T12:35:28","guid":{"rendered":"https:\/\/www.chiefslife.com\/fr-ch\/?post_type=product&#038;p=18203"},"modified":"2026-03-18T14:24:49","modified_gmt":"2026-03-18T13:24:49","slug":"coupe-chantilly","status":"publish","type":"product","link":"https:\/\/www.chiefslife.com\/fr-ch\/produit\/coupe-chantilly\/","title":{"rendered":"Coupe Chantilly"},"content":{"rendered":"<p>20G HIGH PROTEIN: par gobelet<\/p>\n<p>ZERO ADDED SUGAR: Contient des sucres naturellement pr\u00e9sents.<\/p>\n<p>LACTOSE FREE: teneur en lactose &lt; 0,01 g\/100 g<\/p>\n<p>Pouding sans lactose avec topping, avec prot\u00e9ines de lait, avec \u00e9dulcorants. Go\u00fbt chocolat.<\/p>\n<p>Ingr\u00e9dients : LAIT \u00e9cr\u00e9m\u00e9, 8,0 % prot\u00e9ines de LAIT, CR\u00c8ME, 1,5 % cacao en poudre, amidon modifi\u00e9, \u00e9paississants : carragh\u00e9nanes, gomme de cellulose ; 0,2 % cacao maigre en poudre, g\u00e9latine (bovine), lactase, \u00e9mulsifiant : esters lactiques des mono- et diglyc\u00e9rides d&rsquo;acides gras ; ar\u00f4me naturel, \u00e9dulcorants : ac\u00e9sulfame K, sucralose.<br \/>\nTopping fouett\u00e9e \u00e0 l&rsquo;azote.<\/p>\n<p>Produit en Allemagne.<\/p>\n","protected":false},"excerpt":{"rendered":"<p><em>Non disponible en ligne<\/em>. Savourez un dessert au chocolat riche et onctueux, contenant 20 g de prot\u00e9ines et sans sucre ajout\u00e9. Un d\u00e9lice gourmand et r\u00e9confortant \u00e0 d\u00e9guster \u00e0 tout moment\u00a0: un plaisir sans culpabilit\u00e9.<\/p>\n","protected":false},"featured_media":18204,"template":"","meta":{"_acf_changed":false,"inline_featured_image":false},"product_brand":[],"product_cat":[164],"product_tag":[516,105,145],"class_list":{"0":"post-18203","1":"product","2":"type-product","3":"status-publish","4":"has-post-thumbnail","6":"product_cat-protein-pudding","7":"product_tag-high-protein","8":"product_tag-lactose-free","9":"product_tag-no-added-sugar","11":"first","12":"outofstock","13":"taxable","14":"shipping-taxable","15":"product-type-simple"},"acf":[],"tiered_pricing_type":"fixed","tiered_pricing_fixed_rules":[],"tiered_pricing_product_settings":{"layout":"default","base_unit_name":{"singular":null,"plural":null},"default_variation":null},"tiered_pricing_minimum_quantity":null,"tiered_pricing_roles_data":[],"tiered_pricing_percentage_rules":[],"tiered_pricing_maximum_quantity":null,"tiered_pricing_quantity_step":null,"_links":{"self":[{"href":"https:\/\/www.chiefslife.com\/fr-ch\/wp-json\/wp\/v2\/product\/18203","targetHints":{"allow":["GET"]}}],"collection":[{"href":"https:\/\/www.chiefslife.com\/fr-ch\/wp-json\/wp\/v2\/product"}],"about":[{"href":"https:\/\/www.chiefslife.com\/fr-ch\/wp-json\/wp\/v2\/types\/product"}],"wp:featuredmedia":[{"embeddable":true,"href":"https:\/\/www.chiefslife.com\/fr-ch\/wp-json\/wp\/v2\/media\/18204"}],"wp:attachment":[{"href":"https:\/\/www.chiefslife.com\/fr-ch\/wp-json\/wp\/v2\/media?parent=18203"}],"wp:term":[{"taxonomy":"product_brand","embeddable":true,"href":"https:\/\/www.chiefslife.com\/fr-ch\/wp-json\/wp\/v2\/product_brand?post=18203"},{"taxonomy":"product_cat","embeddable":true,"href":"https:\/\/www.chiefslife.com\/fr-ch\/wp-json\/wp\/v2\/product_cat?post=18203"},{"taxonomy":"product_tag","embeddable":true,"href":"https:\/\/www.chiefslife.com\/fr-ch\/wp-json\/wp\/v2\/product_tag?post=18203"}],"curies":[{"name":"wp","href":"https:\/\/api.w.org\/{rel}","templated":true}]}}