{"id":18275,"date":"2026-04-10T14:11:04","date_gmt":"2026-04-10T12:11:04","guid":{"rendered":"https:\/\/www.chiefslife.com\/fr-ch\/?post_type=product&#038;p=18275"},"modified":"2026-04-20T12:32:25","modified_gmt":"2026-04-20T10:32:25","slug":"chocolate-ice-cream","status":"publish","type":"product","link":"https:\/\/www.chiefslife.com\/fr-ch\/produit\/chocolate-ice-cream\/","title":{"rendered":"Chocolate"},"content":{"rendered":"<div class=\"ewa-rteLine\">\n<div class=\"ewa-rteLine\">\n<div class=\"ewa-rteLine\">\n<p>RICHE EN PROT\u00c9INES* par portion.<\/p>\n<p>SANS SUCRES AJOUT\u00c9S*. Contient des sucres naturellement pr\u00e9sents.<\/p>\n<p>Cr\u00e8me glac\u00e9e prot\u00e9in\u00e9e aux p\u00e9pites de chocolat, avec \u00e9dulcorants. Saveur chocolat.<\/p>\n<p>Ingr\u00e9dients\u00a0: LAIT \u00e9cr\u00e9m\u00e9, eau, sauce caramel 13\u00a0% avec \u00e9dulcorant (BEURRE, \u00e9dulcorant\u00a0: maltitol\u00a0; amidon modifi\u00e9, \u00e9paississant\u00a0: carragh\u00e9nane\u00a0; ar\u00f4mes naturels, colorants\u00a0: concentr\u00e9s de fruits et de plantes de pomme, carotte et hibiscus, eau, 0,5\u00a0% de sel, polydextrose, \u00e9mulsifiant\u00a0: mono- et diglyc\u00e9rides d\u2019acides gras), prot\u00e9ines de LAIT, \u00e9dulcorants\u00a0: \u00e9rythritol, glycosides de st\u00e9viol issus de st\u00e9via, xylitol, sorbitol\u00a0; inuline, LAIT \u00e9cr\u00e9m\u00e9 en poudre, graisse de coco, colorants\u00a0: caramel, caramel au sulfite d\u2019ammonium\u00a0; 0,9\u00a0% de sel, conservateur\u00a0: sorbate de potassium\u00a0; acidifiant\u00a0: acide tartrique. Ar\u00f4mes, stabilisants\u00a0: gomme de caroube, gomme de guar, carboxym\u00e9thylcellulose sodique.<\/p>\n<p>2,7 portions par paquet. Une portion = 100\u00a0g.<\/p>\n<p>Une consommation excessive peut avoir des effets laxatifs.<\/p>\n<p>Fabriqu\u00e9 dans l\u2019UE.<\/p>\n<\/div>\n<\/div>\n<\/div>\n","protected":false},"excerpt":{"rendered":"<p>Non disponible en ligne.<\/p>\n<p>Passez une journ\u00e9e glac\u00e9e ! C\u2019est garanti avec notre glace au chocolat.<\/p>\n","protected":false},"featured_media":18276,"template":"","meta":{"_acf_changed":false,"inline_featured_image":false},"product_brand":[],"product_cat":[170],"product_tag":[675,145],"class_list":{"0":"post-18275","1":"product","2":"type-product","3":"status-publish","4":"has-post-thumbnail","6":"product_cat-protein-ice-cream","7":"product_tag-high-protein-2","8":"product_tag-no-added-sugar","10":"first","11":"instock","12":"taxable","13":"shipping-taxable","14":"product-type-simple"},"acf":[],"tiered_pricing_type":"fixed","tiered_pricing_fixed_rules":[],"tiered_pricing_product_settings":{"layout":"default","base_unit_name":{"singular":null,"plural":null},"default_variation":null},"tiered_pricing_minimum_quantity":null,"tiered_pricing_roles_data":[],"tiered_pricing_percentage_rules":[],"tiered_pricing_maximum_quantity":null,"tiered_pricing_quantity_step":null,"_links":{"self":[{"href":"https:\/\/www.chiefslife.com\/fr-ch\/wp-json\/wp\/v2\/product\/18275","targetHints":{"allow":["GET"]}}],"collection":[{"href":"https:\/\/www.chiefslife.com\/fr-ch\/wp-json\/wp\/v2\/product"}],"about":[{"href":"https:\/\/www.chiefslife.com\/fr-ch\/wp-json\/wp\/v2\/types\/product"}],"wp:featuredmedia":[{"embeddable":true,"href":"https:\/\/www.chiefslife.com\/fr-ch\/wp-json\/wp\/v2\/media\/18276"}],"wp:attachment":[{"href":"https:\/\/www.chiefslife.com\/fr-ch\/wp-json\/wp\/v2\/media?parent=18275"}],"wp:term":[{"taxonomy":"product_brand","embeddable":true,"href":"https:\/\/www.chiefslife.com\/fr-ch\/wp-json\/wp\/v2\/product_brand?post=18275"},{"taxonomy":"product_cat","embeddable":true,"href":"https:\/\/www.chiefslife.com\/fr-ch\/wp-json\/wp\/v2\/product_cat?post=18275"},{"taxonomy":"product_tag","embeddable":true,"href":"https:\/\/www.chiefslife.com\/fr-ch\/wp-json\/wp\/v2\/product_tag?post=18275"}],"curies":[{"name":"wp","href":"https:\/\/api.w.org\/{rel}","templated":true}]}}