{"id":18300,"date":"2026-04-28T10:59:02","date_gmt":"2026-04-28T08:59:02","guid":{"rendered":"https:\/\/www.chiefslife.com\/fr-ch\/?post_type=product&#038;p=18300"},"modified":"2026-04-30T09:42:07","modified_gmt":"2026-04-30T07:42:07","slug":"double-zero-latte","status":"publish","type":"product","link":"https:\/\/www.chiefslife.com\/fr-ch\/produit\/double-zero-latte\/","title":{"rendered":"Double Zero Latte"},"content":{"rendered":"<p>Riche en prot\u00e9ines (20 g) : par gobelet<\/p>\n<p>Sans sucres ajout\u00e9s : Contient des sucres naturellement pr\u00e9sents.<\/p>\n<p><span style=\"letter-spacing: 0.15px\">Sans \u00e9dulcorants<\/span><\/p>\n<p><span style=\"letter-spacing: 0.15px\">Sans lactose : Teneur en lactose &lt; 0,1 g\/100 ml.<\/span><\/p>\n<p>Certifi\u00e9 Rainforest Alliance. Pour en savoir plus : www.ra.org<\/p>\n<p>Boisson sans lactose avec du lait, avec caf\u00e9, avec des prot\u00e9ines de lait. UHT.<\/p>\n<p>Ingr\u00e9dients: 55,3 % LAIT partiellement \u00e9cr\u00e9m\u00e9, 37,4 % caf\u00e9 Arabica (eau, extrait de caf\u00e9\u2074), 7 % concentr\u00e9 de prot\u00e9ines de LAIT, ar\u00f4me naturel de caf\u00e9, stabilisant: carragh\u00e9nanes; sel, lactase.<\/p>\n<p>Teneur \u00e9lev\u00e9e en caf\u00e9ine. D\u00e9conseill\u00e9 aux enfants et aux femmes enceintes ou allaitantes (26 mg\/100 ml).<\/p>\n<p>*Les prot\u00e9ines contribuent \u00e0 la croissance et au maintien de la masse musculaire.<\/p>\n<p>Produit en Autriche.<\/p>\n<p><a href=\"https:\/\/www.chiefslife.com\/de-ch\/wp-content\/uploads\/sites\/2\/2021\/03\/Rainforest_Alliance_Coffee.png\"><img decoding=\"async\" class=\"alignnone wp-image-2990\" src=\"https:\/\/www.chiefslife.com\/de-ch\/wp-content\/uploads\/sites\/2\/2021\/03\/Rainforest_Alliance_Coffee-250x300.png\" alt=\"\" width=\"100\" height=\"120\" srcset=\"https:\/\/www.chiefslife.com\/fr-ch\/wp-content\/uploads\/sites\/7\/2021\/03\/Rainforest_Alliance_Coffee-250x300.png 250w, https:\/\/www.chiefslife.com\/fr-ch\/wp-content\/uploads\/sites\/7\/2021\/03\/Rainforest_Alliance_Coffee-853x1024.png 853w, https:\/\/www.chiefslife.com\/fr-ch\/wp-content\/uploads\/sites\/7\/2021\/03\/Rainforest_Alliance_Coffee-768x922.png 768w, https:\/\/www.chiefslife.com\/fr-ch\/wp-content\/uploads\/sites\/7\/2021\/03\/Rainforest_Alliance_Coffee-500x600.png 500w, https:\/\/www.chiefslife.com\/fr-ch\/wp-content\/uploads\/sites\/7\/2021\/03\/Rainforest_Alliance_Coffee-800x960.png 800w, https:\/\/www.chiefslife.com\/fr-ch\/wp-content\/uploads\/sites\/7\/2021\/03\/Rainforest_Alliance_Coffee-336x403.png 336w, https:\/\/www.chiefslife.com\/fr-ch\/wp-content\/uploads\/sites\/7\/2021\/03\/Rainforest_Alliance_Coffee.png 965w\" sizes=\"(max-width: 100px) 100vw, 100px\" \/><\/a><\/p>\n","protected":false},"excerpt":{"rendered":"<p>Latte Double Z\u00e9ro pr\u00eat \u00e0 boire avec 20 g de prot\u00e9ines !<\/p>\n","protected":false},"featured_media":18310,"template":"","meta":{"_acf_changed":false,"inline_featured_image":false},"product_brand":[],"product_cat":[739],"product_tag":[516,742,105,145],"class_list":{"0":"post-18300","1":"product","2":"type-product","3":"status-publish","4":"has-post-thumbnail","6":"product_cat-protein-coffee","7":"product_tag-high-protein","8":"product_tag-sans-edulcorants","9":"product_tag-lactose-free","10":"product_tag-no-added-sugar","12":"first","13":"instock","14":"taxable","15":"shipping-taxable","16":"purchasable","17":"product-type-simple"},"acf":[],"tiered_pricing_type":"fixed","tiered_pricing_fixed_rules":[],"tiered_pricing_product_settings":{"layout":"default","base_unit_name":{"singular":null,"plural":null},"default_variation":null},"tiered_pricing_minimum_quantity":null,"tiered_pricing_roles_data":[],"tiered_pricing_percentage_rules":[],"tiered_pricing_maximum_quantity":null,"tiered_pricing_quantity_step":null,"_links":{"self":[{"href":"https:\/\/www.chiefslife.com\/fr-ch\/wp-json\/wp\/v2\/product\/18300","targetHints":{"allow":["GET"]}}],"collection":[{"href":"https:\/\/www.chiefslife.com\/fr-ch\/wp-json\/wp\/v2\/product"}],"about":[{"href":"https:\/\/www.chiefslife.com\/fr-ch\/wp-json\/wp\/v2\/types\/product"}],"wp:featuredmedia":[{"embeddable":true,"href":"https:\/\/www.chiefslife.com\/fr-ch\/wp-json\/wp\/v2\/media\/18310"}],"wp:attachment":[{"href":"https:\/\/www.chiefslife.com\/fr-ch\/wp-json\/wp\/v2\/media?parent=18300"}],"wp:term":[{"taxonomy":"product_brand","embeddable":true,"href":"https:\/\/www.chiefslife.com\/fr-ch\/wp-json\/wp\/v2\/product_brand?post=18300"},{"taxonomy":"product_cat","embeddable":true,"href":"https:\/\/www.chiefslife.com\/fr-ch\/wp-json\/wp\/v2\/product_cat?post=18300"},{"taxonomy":"product_tag","embeddable":true,"href":"https:\/\/www.chiefslife.com\/fr-ch\/wp-json\/wp\/v2\/product_tag?post=18300"}],"curies":[{"name":"wp","href":"https:\/\/api.w.org\/{rel}","templated":true}]}}