{"id":18328,"date":"2026-05-05T13:41:45","date_gmt":"2026-05-05T11:41:45","guid":{"rendered":"https:\/\/www.chiefslife.com\/fr-ch\/?post_type=product&#038;p=18328"},"modified":"2026-05-13T08:40:41","modified_gmt":"2026-05-13T06:40:41","slug":"choco-coco","status":"publish","type":"product","link":"https:\/\/www.chiefslife.com\/fr-ch\/produit\/choco-coco\/","title":{"rendered":"Choco Coco"},"content":{"rendered":"<p>16 g DE PROT\u00c9INES par barre.<\/p>\n<p>SANS SUCRES AJOUT\u00c9S\u00a0: Contient des sucres naturellement pr\u00e9sents.<\/p>\n<p>Barre prot\u00e9in\u00e9e enrob\u00e9e de chocolat au lait, avec 9,3 % flocons de noix de coco s\u00e9ch\u00e9s, avec \u00e9dulcorants. Go\u00fbt noix de coco. Ingr\u00e9dients : 23 % de chocolat au lait avec \u00e9dulcorant (\u00e9dulcorant : maltitol ; beurre de cacao, LAIT entier en poudre, p\u00e2te de cacao, \u00e9mulsifiant : l\u00e9cithines (SOJA) ; ar\u00f4me naturel), prot\u00e9ines de LAIT, humectant : glyc\u00e9rol ; hydrolysat de collag\u00e8ne, flocons de noix de coco s\u00e9ch\u00e9s, eau, \u00e9dulcorants : maltitol, sucralose ; polydextrose, fibres de ma\u00efs solubles, huile de tournesol, beurre de cacao, LAIT entier en poudre, ar\u00f4mes, ar\u00f4mes naturels, \u00e9mulsifiant : l\u00e9cithines (SOJA).<\/p>\n<p>Peut contenir des c\u00e9r\u00e9ales contenant du gluten, des arachides et des fruits \u00e0 coque.<\/p>\n<p>Une consommation excessive peut avoir des effets laxatifs.<\/p>\n","protected":false},"excerpt":{"rendered":"<p>Savourez l&rsquo;\u00e9quilibre parfait entre le chocolat et la noix de coco avec notre barre prot\u00e9in\u00e9e moelleuse Choco Coco : saveur riche, texture fondante, 16 g de prot\u00e9ines et z\u00e9ro sucre ajout\u00e9.<\/p>\n","protected":false},"featured_media":18330,"template":"","meta":{"_acf_changed":false,"inline_featured_image":false},"product_brand":[],"product_cat":[699],"product_tag":[516,145],"class_list":{"0":"post-18328","1":"product","2":"type-product","3":"status-publish","4":"has-post-thumbnail","6":"product_cat-protein-soft-bars","7":"product_tag-high-protein","8":"product_tag-no-added-sugar","10":"first","11":"instock","12":"taxable","13":"shipping-taxable","14":"purchasable","15":"product-type-simple"},"acf":[],"tiered_pricing_type":"fixed","tiered_pricing_fixed_rules":[],"tiered_pricing_product_settings":{"layout":"default","base_unit_name":{"singular":null,"plural":null},"default_variation":null},"tiered_pricing_minimum_quantity":null,"tiered_pricing_roles_data":[],"tiered_pricing_percentage_rules":[],"tiered_pricing_maximum_quantity":null,"tiered_pricing_quantity_step":null,"_links":{"self":[{"href":"https:\/\/www.chiefslife.com\/fr-ch\/wp-json\/wp\/v2\/product\/18328","targetHints":{"allow":["GET"]}}],"collection":[{"href":"https:\/\/www.chiefslife.com\/fr-ch\/wp-json\/wp\/v2\/product"}],"about":[{"href":"https:\/\/www.chiefslife.com\/fr-ch\/wp-json\/wp\/v2\/types\/product"}],"wp:featuredmedia":[{"embeddable":true,"href":"https:\/\/www.chiefslife.com\/fr-ch\/wp-json\/wp\/v2\/media\/18330"}],"wp:attachment":[{"href":"https:\/\/www.chiefslife.com\/fr-ch\/wp-json\/wp\/v2\/media?parent=18328"}],"wp:term":[{"taxonomy":"product_brand","embeddable":true,"href":"https:\/\/www.chiefslife.com\/fr-ch\/wp-json\/wp\/v2\/product_brand?post=18328"},{"taxonomy":"product_cat","embeddable":true,"href":"https:\/\/www.chiefslife.com\/fr-ch\/wp-json\/wp\/v2\/product_cat?post=18328"},{"taxonomy":"product_tag","embeddable":true,"href":"https:\/\/www.chiefslife.com\/fr-ch\/wp-json\/wp\/v2\/product_tag?post=18328"}],"curies":[{"name":"wp","href":"https:\/\/api.w.org\/{rel}","templated":true}]}}