{"id":2855,"date":"2021-07-06T10:00:33","date_gmt":"2021-07-06T08:00:33","guid":{"rendered":"https:\/\/www.chiefslife.com\/fr-ch\/?post_type=product&#038;p=2855"},"modified":"2025-11-30T23:50:10","modified_gmt":"2025-11-30T22:50:10","slug":"chiefs-shaker","status":"publish","type":"product","link":"https:\/\/www.chiefslife.com\/fr-ch\/produit\/chiefs-shaker\/","title":{"rendered":"Chiefs Shaker"},"content":{"rendered":"","protected":false},"excerpt":{"rendered":"<p>Secoue, secoue, secoue ! Choisis le shaker Chiefs<span style=\"font-size: 13.5px;vertical-align: super;letter-spacing: 0.15px\">\u00ae<\/span> original pour pr\u00e9parer ta boisson prot\u00e9in\u00e9e pr\u00e9f\u00e9r\u00e9e.<\/p>\n<p>&nbsp;<\/p>\n<p>Contents: 600 ml shaker consisting of container, screw lid with cap and strainer. Recommendation: Rinse before and after use.<\/p>\n","protected":false},"featured_media":2857,"template":"","meta":{"_acf_changed":false,"inline_featured_image":false},"product_brand":[],"product_cat":[429],"product_tag":[],"class_list":{"0":"post-2855","1":"product","2":"type-product","3":"status-publish","4":"has-post-thumbnail","6":"product_cat-accessories","8":"first","9":"instock","10":"taxable","11":"shipping-taxable","12":"purchasable","13":"product-type-simple"},"acf":[],"tiered_pricing_type":"fixed","tiered_pricing_fixed_rules":[],"tiered_pricing_product_settings":{"layout":"default","base_unit_name":{"singular":null,"plural":null},"default_variation":null},"tiered_pricing_minimum_quantity":null,"tiered_pricing_roles_data":[],"tiered_pricing_percentage_rules":[],"tiered_pricing_maximum_quantity":null,"tiered_pricing_quantity_step":null,"_links":{"self":[{"href":"https:\/\/www.chiefslife.com\/fr-ch\/wp-json\/wp\/v2\/product\/2855","targetHints":{"allow":["GET"]}}],"collection":[{"href":"https:\/\/www.chiefslife.com\/fr-ch\/wp-json\/wp\/v2\/product"}],"about":[{"href":"https:\/\/www.chiefslife.com\/fr-ch\/wp-json\/wp\/v2\/types\/product"}],"wp:featuredmedia":[{"embeddable":true,"href":"https:\/\/www.chiefslife.com\/fr-ch\/wp-json\/wp\/v2\/media\/2857"}],"wp:attachment":[{"href":"https:\/\/www.chiefslife.com\/fr-ch\/wp-json\/wp\/v2\/media?parent=2855"}],"wp:term":[{"taxonomy":"product_brand","embeddable":true,"href":"https:\/\/www.chiefslife.com\/fr-ch\/wp-json\/wp\/v2\/product_brand?post=2855"},{"taxonomy":"product_cat","embeddable":true,"href":"https:\/\/www.chiefslife.com\/fr-ch\/wp-json\/wp\/v2\/product_cat?post=2855"},{"taxonomy":"product_tag","embeddable":true,"href":"https:\/\/www.chiefslife.com\/fr-ch\/wp-json\/wp\/v2\/product_tag?post=2855"}],"curies":[{"name":"wp","href":"https:\/\/api.w.org\/{rel}","templated":true}]}}