{"id":4723,"date":"2021-09-29T14:08:00","date_gmt":"2021-09-29T12:08:00","guid":{"rendered":"https:\/\/www.chiefslife.com\/fr-ch\/?post_type=product&#038;p=4723"},"modified":"2025-11-30T23:50:03","modified_gmt":"2025-11-30T22:50:03","slug":"coffee-county","status":"publish","type":"product","link":"https:\/\/www.chiefslife.com\/fr-ch\/produit\/coffee-county\/","title":{"rendered":"Coffee County"},"content":{"rendered":"<p class=\"p1\">NO ADDED SUGAR: Sans sucres ajout\u00e9s. Contient des sucres naturels.<br \/>\nHIGH PROTEIN: 25 g Protein par bouteille.<br \/>\nCONTAINS BCAAs: BCAAs (= Branched-chain amino acids) 5500 mg\/330ml. Lait contient des acides amin\u00e9s ramifi\u00e9s.<br \/>\nLOWER CARB: 65% de glucides en moins par rapport \u00e0 un produit similaire.<br \/>\nLACTOSE FREE: Sans lactose &lt;0,1 g\/100 ml.<\/p>\n<p>Boisson sans lactose, \u00e0 base de lait (2,2% de mati\u00e8re grasse dans la partie lactique) contenant des prot\u00e9ines lactiques et des \u00e9dulcorants. Go\u00fbt de caf\u00e9 avec ar\u00f4me caramel. UHT.<\/p>\n<p>Ingr\u00e9dients: 51,5% pr\u00e9paration de caf\u00e9 (eau, extrait de caf\u00e9 Arabica, ar\u00f4mes naturels), 41% LAIT, 7,4% concentr\u00e9 de PROT\u00c9INES LACTIQUES, stabilisant: gel de cellulose, gomme de cellulose; correcteur d\u2019acidit\u00e9: citrate de sodium; \u00e9dulcorants: ac\u00e9sulfame K, sucralose; sel comestible.<\/p>\n<p>Teneur \u00e9lev\u00e9e en caf\u00e9ine (env. 25 mg\/100 ml). D\u00e9conseill\u00e9 aux enfants et aux femmes enceintes ou allaitantes.<\/p>\n<p><span style=\"vertical-align: inherit\">*Les prot\u00e9ines contribuent \u00e0 augmenter et au maintien de la masse musculaire.<br \/>\nProduit en Austriche.<\/span><\/p>\n<p><a href=\"https:\/\/www.chiefslife.com\/de-ch\/wp-content\/uploads\/sites\/2\/2021\/03\/Rainforest_Alliance_Coffee.png\"><img decoding=\"async\" class=\"alignnone wp-image-2990\" src=\"https:\/\/www.chiefslife.com\/de-ch\/wp-content\/uploads\/sites\/2\/2021\/03\/Rainforest_Alliance_Coffee-250x300.png\" alt=\"\" width=\"100\" height=\"120\" srcset=\"https:\/\/www.chiefslife.com\/fr-ch\/wp-content\/uploads\/sites\/7\/2021\/03\/Rainforest_Alliance_Coffee-250x300.png 250w, https:\/\/www.chiefslife.com\/fr-ch\/wp-content\/uploads\/sites\/7\/2021\/03\/Rainforest_Alliance_Coffee-853x1024.png 853w, https:\/\/www.chiefslife.com\/fr-ch\/wp-content\/uploads\/sites\/7\/2021\/03\/Rainforest_Alliance_Coffee-768x922.png 768w, https:\/\/www.chiefslife.com\/fr-ch\/wp-content\/uploads\/sites\/7\/2021\/03\/Rainforest_Alliance_Coffee-500x600.png 500w, https:\/\/www.chiefslife.com\/fr-ch\/wp-content\/uploads\/sites\/7\/2021\/03\/Rainforest_Alliance_Coffee-800x960.png 800w, https:\/\/www.chiefslife.com\/fr-ch\/wp-content\/uploads\/sites\/7\/2021\/03\/Rainforest_Alliance_Coffee-336x403.png 336w, https:\/\/www.chiefslife.com\/fr-ch\/wp-content\/uploads\/sites\/7\/2021\/03\/Rainforest_Alliance_Coffee.png 965w\" sizes=\"(max-width: 100px) 100vw, 100px\" \/><\/a><\/p>\n","protected":false},"excerpt":{"rendered":"<p>Notre Protein Drink est \u00e9galement disponible sous la forme d\u2019un Caramel Macchiato rafra\u00eechissant. Le go\u00fbt d\u2019un caf\u00e9 Arabica fort avec un soup\u00e7on de caramel dans un lait cr\u00e9meux, pour commencer id\u00e9alement ta journ\u00e9e.<\/p>\n","protected":false},"featured_media":17756,"template":"","meta":{"_acf_changed":false,"inline_featured_image":false},"product_brand":[],"product_cat":[91],"product_tag":[147,82,516,143,105,145],"class_list":{"0":"post-4723","1":"product","2":"type-product","3":"status-publish","4":"has-post-thumbnail","6":"product_cat-protein-drink","7":"product_tag-low-fat","8":"product_tag-lower-carb","9":"product_tag-high-protein","10":"product_tag-gluten-free","11":"product_tag-lactose-free","12":"product_tag-no-added-sugar","14":"first","15":"instock","16":"taxable","17":"shipping-taxable","18":"purchasable","19":"product-type-simple"},"acf":[],"tiered_pricing_type":"fixed","tiered_pricing_fixed_rules":[],"tiered_pricing_product_settings":{"layout":"default","base_unit_name":{"singular":null,"plural":null},"default_variation":null},"tiered_pricing_minimum_quantity":null,"tiered_pricing_roles_data":[],"tiered_pricing_percentage_rules":[],"tiered_pricing_maximum_quantity":null,"tiered_pricing_quantity_step":null,"_links":{"self":[{"href":"https:\/\/www.chiefslife.com\/fr-ch\/wp-json\/wp\/v2\/product\/4723","targetHints":{"allow":["GET"]}}],"collection":[{"href":"https:\/\/www.chiefslife.com\/fr-ch\/wp-json\/wp\/v2\/product"}],"about":[{"href":"https:\/\/www.chiefslife.com\/fr-ch\/wp-json\/wp\/v2\/types\/product"}],"wp:featuredmedia":[{"embeddable":true,"href":"https:\/\/www.chiefslife.com\/fr-ch\/wp-json\/wp\/v2\/media\/17756"}],"wp:attachment":[{"href":"https:\/\/www.chiefslife.com\/fr-ch\/wp-json\/wp\/v2\/media?parent=4723"}],"wp:term":[{"taxonomy":"product_brand","embeddable":true,"href":"https:\/\/www.chiefslife.com\/fr-ch\/wp-json\/wp\/v2\/product_brand?post=4723"},{"taxonomy":"product_cat","embeddable":true,"href":"https:\/\/www.chiefslife.com\/fr-ch\/wp-json\/wp\/v2\/product_cat?post=4723"},{"taxonomy":"product_tag","embeddable":true,"href":"https:\/\/www.chiefslife.com\/fr-ch\/wp-json\/wp\/v2\/product_tag?post=4723"}],"curies":[{"name":"wp","href":"https:\/\/api.w.org\/{rel}","templated":true}]}}