{"id":4727,"date":"2021-09-29T14:22:40","date_gmt":"2021-09-29T12:22:40","guid":{"rendered":"https:\/\/www.chiefslife.com\/fr-ch\/?post_type=product&#038;p=4727"},"modified":"2025-12-04T12:05:13","modified_gmt":"2025-12-04T11:05:13","slug":"kit-de-degustation-milk-protein-drinks","status":"publish","type":"product","link":"https:\/\/www.chiefslife.com\/fr-ch\/produit\/kit-de-degustation-milk-protein-drinks\/","title":{"rendered":"Kit de d\u00e9gustation Protein Drinks"},"content":{"rendered":"<p><span dir=\"auto\" style=\"vertical-align: inherit\"><span dir=\"auto\" style=\"vertical-align: inherit\">You&rsquo;ll find all the ingredients and nutritional values \u200b\u200bof the Protein Drinks in our trial kit, under each product description. Simply click on the drink of your choice to access the product information.<\/span><\/span><\/p>\n<p><a href=\"https:\/\/www.chiefslife.com\/en-ch\/product\/chocolate\/\"><img decoding=\"async\" class=\"alignnone wp-image-50140\" src=\"https:\/\/www.chiefslife.com\/de-ch\/wp-content\/uploads\/sites\/2\/2025\/09\/Chiefs_ProteinDrink_EU_Chocolate_Webshop_front-300x300.png\" alt=\"\" width=\"181\" height=\"181\" \/><\/a><a href=\"https:\/\/www.chiefslife.com\/it-ch\/prodotto\/vanilla\/\"><img decoding=\"async\" class=\"alignnone wp-image-50139\" src=\"https:\/\/www.chiefslife.com\/de-ch\/wp-content\/uploads\/sites\/2\/2025\/09\/Chiefs_ProteinDrink_EU_Vanilla_Webshop_front-300x300.png\" alt=\"\" width=\"180\" height=\"180\" \/><\/a><a href=\"https:\/\/www.chiefslife.com\/fr-ch\/produit\/caramel-city\/\"><img decoding=\"async\" class=\"alignnone wp-image-17385\" src=\"https:\/\/www.chiefslife.com\/en-ch\/wp-content\/uploads\/sites\/5\/2025\/03\/Chiefs_ProteinDrink_CaramelCity_front-300x300.png\" alt=\"\" width=\"189\" height=\"189\" \/><\/a><a href=\"https:\/\/www.chiefslife.com\/fr-ch\/produit\/coffee-county\/\"><img decoding=\"async\" class=\"alignnone wp-image-17567\" src=\"https:\/\/www.chiefslife.com\/en-ch\/wp-content\/uploads\/sites\/5\/2021\/09\/Chiefs_ProteinDrink_EU_CoffeeCounty_front-300x300.png\" alt=\"\" width=\"189\" height=\"189\" \/><\/a><a href=\"https:\/\/www.chiefslife.com\/fr-ch\/produit\/strawberry\/\" target=\"_blank\" rel=\"noopener\"><img decoding=\"async\" class=\"alignnone wp-image-17627\" src=\"https:\/\/www.chiefslife.com\/en-ch\/wp-content\/uploads\/sites\/5\/2021\/09\/Chiefs_ProteinDrink_EU_BerryFalls_front-1-300x300.png\" alt=\"\" width=\"189\" height=\"189\" \/><\/a><a href=\"https:\/\/www.chiefslife.com\/it-ch\/prodotto\/banana-beach\/\"><img decoding=\"async\" class=\"alignnone wp-image-48641\" src=\"https:\/\/www.chiefslife.com\/de-ch\/wp-content\/uploads\/sites\/2\/2025\/03\/Chiefs_ProteinDrink_EU_BananaBeach_front-300x300.png\" alt=\"\" width=\"185\" height=\"185\" \/><\/a><\/p>\n<p>&nbsp;<\/p>\n","protected":false},"excerpt":{"rendered":"<p>Pourquoi se limiter au chocolat et \u00e0 la vanille ? Trouve de l\u2019inspiration gr\u00e2ce \u00e0 notre kit de d\u00e9gustation pour d\u00e9couvrir ton nouveau go\u00fbt pr\u00e9f\u00e9r\u00e9. Ou fais simplement plaisir \u00e0 quelqu\u2019un en lui offrant un d\u00e9licieux Protein Drink Chiefs.<\/p>\n","protected":false},"featured_media":18021,"template":"","meta":{"_acf_changed":false,"inline_featured_image":false},"product_brand":[],"product_cat":[91],"product_tag":[147,82,516,143,105,145],"class_list":{"0":"post-4727","1":"product","2":"type-product","3":"status-publish","4":"has-post-thumbnail","6":"product_cat-protein-drink","7":"product_tag-low-fat","8":"product_tag-lower-carb","9":"product_tag-high-protein","10":"product_tag-gluten-free","11":"product_tag-lactose-free","12":"product_tag-no-added-sugar","14":"first","15":"instock","16":"taxable","17":"shipping-taxable","18":"purchasable","19":"product-type-simple"},"acf":[],"tiered_pricing_type":"fixed","tiered_pricing_fixed_rules":[],"tiered_pricing_product_settings":{"layout":"default","base_unit_name":{"singular":null,"plural":null},"default_variation":null},"tiered_pricing_minimum_quantity":null,"tiered_pricing_roles_data":[],"tiered_pricing_percentage_rules":[],"tiered_pricing_maximum_quantity":null,"tiered_pricing_quantity_step":null,"_links":{"self":[{"href":"https:\/\/www.chiefslife.com\/fr-ch\/wp-json\/wp\/v2\/product\/4727","targetHints":{"allow":["GET"]}}],"collection":[{"href":"https:\/\/www.chiefslife.com\/fr-ch\/wp-json\/wp\/v2\/product"}],"about":[{"href":"https:\/\/www.chiefslife.com\/fr-ch\/wp-json\/wp\/v2\/types\/product"}],"wp:featuredmedia":[{"embeddable":true,"href":"https:\/\/www.chiefslife.com\/fr-ch\/wp-json\/wp\/v2\/media\/18021"}],"wp:attachment":[{"href":"https:\/\/www.chiefslife.com\/fr-ch\/wp-json\/wp\/v2\/media?parent=4727"}],"wp:term":[{"taxonomy":"product_brand","embeddable":true,"href":"https:\/\/www.chiefslife.com\/fr-ch\/wp-json\/wp\/v2\/product_brand?post=4727"},{"taxonomy":"product_cat","embeddable":true,"href":"https:\/\/www.chiefslife.com\/fr-ch\/wp-json\/wp\/v2\/product_cat?post=4727"},{"taxonomy":"product_tag","embeddable":true,"href":"https:\/\/www.chiefslife.com\/fr-ch\/wp-json\/wp\/v2\/product_tag?post=4727"}],"curies":[{"name":"wp","href":"https:\/\/api.w.org\/{rel}","templated":true}]}}