{"id":4826,"date":"2021-09-29T16:04:19","date_gmt":"2021-09-29T14:04:19","guid":{"rendered":"https:\/\/www.chiefslife.com\/fr-ch\/?post_type=product&#038;p=4826"},"modified":"2026-03-30T08:29:46","modified_gmt":"2026-03-30T06:29:46","slug":"protein-pudding-vanilla-drive","status":"publish","type":"product","link":"https:\/\/www.chiefslife.com\/fr-ch\/produit\/protein-pudding-vanilla-drive\/","title":{"rendered":"Vanilla Drive"},"content":{"rendered":"<p>SANS LACTOSE : Teneur en lactose &lt; 0,1 g\/100 g<br \/>\nRICHE EN PROT\u00c9INES : 20 g de prot\u00e9ines par portion<br \/>\nSANS SUCRES AJOUT\u00c9S : Contient des sucres naturellement pr\u00e9sents.<\/p>\n<p>FAIBLE EN GLUCIDES : 75 % de glucides en moins qu&rsquo;un produit comparable.<\/p>\n<p>Poussin sans lactose aux prot\u00e9ines de lait et \u00e9dulcorants. Saveur vanille. UHT.<\/p>\n<p>Ingr\u00e9dients : LAIT \u00e9cr\u00e9m\u00e9, 8 % de PROT\u00c9INES DE LAIT, CR\u00c8ME, \u00e9paississants : carragh\u00e9nane, gomme de cellulose ; ar\u00f4me, amidon modifi\u00e9, colorant concentr\u00e9 de carthame, lactase, \u00e9dulcorants : ac\u00e9sulfame K, sucralose<\/p>\n<p>Les prot\u00e9ines contribuent \u00e0 la construction et au maintien de la masse musculaire.<\/p>\n<p>Fabriqu\u00e9 en Allemagne.<\/p>\n","protected":false},"excerpt":{"rendered":"<p><em>Non disponible en ligne.<\/em><\/p>\n<p>&nbsp;<\/p>\n<p>Un classique ? Oui ! Ennuyeux ? Absolument pas ! Parce que notre pudding \u00e0 la vanille est tout aussi d\u00e9licieux que ton dessert habituel.<\/p>\n","protected":false},"featured_media":18219,"template":"","meta":{"_acf_changed":false,"inline_featured_image":false},"product_brand":[],"product_cat":[164],"product_tag":[147,82,516,143,105,145],"class_list":{"0":"post-4826","1":"product","2":"type-product","3":"status-publish","4":"has-post-thumbnail","6":"product_cat-protein-pudding","7":"product_tag-low-fat","8":"product_tag-lower-carb","9":"product_tag-high-protein","10":"product_tag-gluten-free","11":"product_tag-lactose-free","12":"product_tag-no-added-sugar","14":"first","15":"instock","16":"taxable","17":"shipping-taxable","18":"product-type-simple"},"acf":[],"tiered_pricing_type":"fixed","tiered_pricing_fixed_rules":[],"tiered_pricing_product_settings":{"layout":"default","base_unit_name":{"singular":null,"plural":null},"default_variation":null},"tiered_pricing_minimum_quantity":null,"tiered_pricing_roles_data":[],"tiered_pricing_percentage_rules":[],"tiered_pricing_maximum_quantity":null,"tiered_pricing_quantity_step":null,"_links":{"self":[{"href":"https:\/\/www.chiefslife.com\/fr-ch\/wp-json\/wp\/v2\/product\/4826","targetHints":{"allow":["GET"]}}],"collection":[{"href":"https:\/\/www.chiefslife.com\/fr-ch\/wp-json\/wp\/v2\/product"}],"about":[{"href":"https:\/\/www.chiefslife.com\/fr-ch\/wp-json\/wp\/v2\/types\/product"}],"wp:featuredmedia":[{"embeddable":true,"href":"https:\/\/www.chiefslife.com\/fr-ch\/wp-json\/wp\/v2\/media\/18219"}],"wp:attachment":[{"href":"https:\/\/www.chiefslife.com\/fr-ch\/wp-json\/wp\/v2\/media?parent=4826"}],"wp:term":[{"taxonomy":"product_brand","embeddable":true,"href":"https:\/\/www.chiefslife.com\/fr-ch\/wp-json\/wp\/v2\/product_brand?post=4826"},{"taxonomy":"product_cat","embeddable":true,"href":"https:\/\/www.chiefslife.com\/fr-ch\/wp-json\/wp\/v2\/product_cat?post=4826"},{"taxonomy":"product_tag","embeddable":true,"href":"https:\/\/www.chiefslife.com\/fr-ch\/wp-json\/wp\/v2\/product_tag?post=4826"}],"curies":[{"name":"wp","href":"https:\/\/api.w.org\/{rel}","templated":true}]}}