{"id":151,"date":"2021-02-04T17:44:08","date_gmt":"2021-02-04T16:44:08","guid":{"rendered":"https:\/\/www.chiefslife.com\/fr-eu\/?page_id=151"},"modified":"2026-03-18T15:33:34","modified_gmt":"2026-03-18T14:33:34","slug":"protein-puddings","status":"publish","type":"page","link":"https:\/\/www.chiefslife.com\/fr-eu\/protein-puddings\/","title":{"rendered":"Protein Puddings"},"content":{"rendered":"\n<div class=\"wp-block-group\"><div class=\"wp-block-group__inner-container is-layout-flow wp-block-group-is-layout-flow\">\n<h1 class=\"wp-block-heading has-text-align-center\">Protein Puddings<\/h1>\n\n\n\n<p class=\"has-text-align-center has-body-1-font-size\">Presque trop gourmand pour \u00eatre vrai&nbsp;: nos puddings contiennent beaucoup de prot\u00e9ines, pas de sucre ajout\u00e9 et sont sans lactose ni gluten. Ne te prive plus jamais de dessert&nbsp;!<\/p>\n<\/div><\/div>\n\n\n<style>\n    .wp-block-chiefs-column-brick {\n        display: flex;\n        flex-wrap: wrap;\n        justify-content: center;\n        gap: 20px;\n    }\n\n    .wp-block-chiefs-column-brick-title-link {\n        flex: 0 0 100%;\n        text-align: center;\n    }\n\n    .wp-block-chiefs-column-brick-column {\n        flex: 0 1 calc(33.333% - 14px);\n        text-align: center;\n    }\n\n    .wp-block-chiefs-column-brick-text {\n        text-align: center;\n    }\n\n    @media (max-width: 768px) {\n        .wp-block-chiefs-column-brick-column {\n            flex: 0 1 100%;\n        }\n    }\n<\/style>\n<div id=\"chiefs-column-block-block_8a917da22f18102260054392c6b5a563\" class=\"chiefs-column-block\">\n    <div class=\"wp-block-chiefs-column-brick  chiefs-brick\">\n                                <div class=\"wp-block-chiefs-column-brick-column\">\n                    <div class=\"wp-block-chiefs-column-brick-image-container\">\n                        <a href=\"https:\/\/www.chiefslife.com\/fr-eu\/produit\/panna-cotta\" target=\"_self\" rel=\"noopener\">\n                            <img decoding=\"async\" width=\"2000\" height=\"2000\" src=\"https:\/\/www.chiefslife.com\/fr-eu\/wp-content\/uploads\/sites\/9\/2026\/03\/Chiefs_ProteinDessert_PannaCotta_Top2-1.png\" class=\"wp-block-chiefs-column-brick-image wp-image-500\" alt=\"\" srcset=\"https:\/\/www.chiefslife.com\/fr-eu\/wp-content\/uploads\/sites\/9\/2026\/03\/Chiefs_ProteinDessert_PannaCotta_Top2-1.png 2000w, https:\/\/www.chiefslife.com\/fr-eu\/wp-content\/uploads\/sites\/9\/2026\/03\/Chiefs_ProteinDessert_PannaCotta_Top2-1-300x300.png 300w, https:\/\/www.chiefslife.com\/fr-eu\/wp-content\/uploads\/sites\/9\/2026\/03\/Chiefs_ProteinDessert_PannaCotta_Top2-1-1024x1024.png 1024w, https:\/\/www.chiefslife.com\/fr-eu\/wp-content\/uploads\/sites\/9\/2026\/03\/Chiefs_ProteinDessert_PannaCotta_Top2-1-150x150.png 150w, https:\/\/www.chiefslife.com\/fr-eu\/wp-content\/uploads\/sites\/9\/2026\/03\/Chiefs_ProteinDessert_PannaCotta_Top2-1-768x768.png 768w, https:\/\/www.chiefslife.com\/fr-eu\/wp-content\/uploads\/sites\/9\/2026\/03\/Chiefs_ProteinDessert_PannaCotta_Top2-1-1536x1536.png 1536w, https:\/\/www.chiefslife.com\/fr-eu\/wp-content\/uploads\/sites\/9\/2026\/03\/Chiefs_ProteinDessert_PannaCotta_Top2-1-336x336.png 336w, https:\/\/www.chiefslife.com\/fr-eu\/wp-content\/uploads\/sites\/9\/2026\/03\/Chiefs_ProteinDessert_PannaCotta_Top2-1-800x800.png 800w, https:\/\/www.chiefslife.com\/fr-eu\/wp-content\/uploads\/sites\/9\/2026\/03\/Chiefs_ProteinDessert_PannaCotta_Top2-1-100x100.png 100w\" sizes=\"(max-width: 2000px) 100vw, 2000px\" \/>                        <\/a>\n                    <\/div>\n                    <a class=\"wp-block-chiefs-column-brick-text-link\" href=\"https:\/\/www.chiefslife.com\/fr-eu\/produit\/panna-cotta\" target=\"_self\" rel=\"noopener\">\n                        <h6 class=\"wp-block-chiefs-column-brick-text\">Panna Cotta<\/h6>\n                    <\/a>\n                <\/div>\n                        <div class=\"wp-block-chiefs-column-brick-column\">\n                    <div class=\"wp-block-chiefs-column-brick-image-container\">\n                        <a href=\"https:\/\/www.chiefslife.com\/fr-eu\/produit\/coupe-chantilly\" target=\"_self\" rel=\"noopener\">\n                            <img decoding=\"async\" width=\"2000\" height=\"2000\" src=\"https:\/\/www.chiefslife.com\/fr-eu\/wp-content\/uploads\/sites\/9\/2026\/03\/Coupe-Chantilly-Front-View.png\" class=\"wp-block-chiefs-column-brick-image wp-image-500\" alt=\"\" srcset=\"https:\/\/www.chiefslife.com\/fr-eu\/wp-content\/uploads\/sites\/9\/2026\/03\/Coupe-Chantilly-Front-View.png 2000w, https:\/\/www.chiefslife.com\/fr-eu\/wp-content\/uploads\/sites\/9\/2026\/03\/Coupe-Chantilly-Front-View-300x300.png 300w, https:\/\/www.chiefslife.com\/fr-eu\/wp-content\/uploads\/sites\/9\/2026\/03\/Coupe-Chantilly-Front-View-1024x1024.png 1024w, https:\/\/www.chiefslife.com\/fr-eu\/wp-content\/uploads\/sites\/9\/2026\/03\/Coupe-Chantilly-Front-View-150x150.png 150w, https:\/\/www.chiefslife.com\/fr-eu\/wp-content\/uploads\/sites\/9\/2026\/03\/Coupe-Chantilly-Front-View-768x768.png 768w, https:\/\/www.chiefslife.com\/fr-eu\/wp-content\/uploads\/sites\/9\/2026\/03\/Coupe-Chantilly-Front-View-1536x1536.png 1536w, https:\/\/www.chiefslife.com\/fr-eu\/wp-content\/uploads\/sites\/9\/2026\/03\/Coupe-Chantilly-Front-View-336x336.png 336w, https:\/\/www.chiefslife.com\/fr-eu\/wp-content\/uploads\/sites\/9\/2026\/03\/Coupe-Chantilly-Front-View-800x800.png 800w, https:\/\/www.chiefslife.com\/fr-eu\/wp-content\/uploads\/sites\/9\/2026\/03\/Coupe-Chantilly-Front-View-100x100.png 100w\" sizes=\"(max-width: 2000px) 100vw, 2000px\" \/>                        <\/a>\n                    <\/div>\n                    <a class=\"wp-block-chiefs-column-brick-text-link\" href=\"https:\/\/www.chiefslife.com\/fr-eu\/produit\/coupe-chantilly\" target=\"_self\" rel=\"noopener\">\n                        <h6 class=\"wp-block-chiefs-column-brick-text\">Coupe Chantilly<\/h6>\n                    <\/a>\n                <\/div>\n                        <div class=\"wp-block-chiefs-column-brick-column\">\n                    <div class=\"wp-block-chiefs-column-brick-image-container\">\n                        <a href=\"https:\/\/www.chiefslife.com\/fr-eu\/produit\/protein-pudding-vanilla-drive\/?\" target=\"_self\" rel=\"noopener\">\n                            <img decoding=\"async\" width=\"2560\" height=\"2560\" src=\"https:\/\/www.chiefslife.com\/fr-eu\/wp-content\/uploads\/sites\/9\/2026\/03\/Vanilla-Front-No-Shadow-scaled.png\" class=\"wp-block-chiefs-column-brick-image wp-image-500\" alt=\"\" srcset=\"https:\/\/www.chiefslife.com\/fr-eu\/wp-content\/uploads\/sites\/9\/2026\/03\/Vanilla-Front-No-Shadow-scaled.png 2560w, https:\/\/www.chiefslife.com\/fr-eu\/wp-content\/uploads\/sites\/9\/2026\/03\/Vanilla-Front-No-Shadow-300x300.png 300w, https:\/\/www.chiefslife.com\/fr-eu\/wp-content\/uploads\/sites\/9\/2026\/03\/Vanilla-Front-No-Shadow-1024x1024.png 1024w, https:\/\/www.chiefslife.com\/fr-eu\/wp-content\/uploads\/sites\/9\/2026\/03\/Vanilla-Front-No-Shadow-150x150.png 150w, https:\/\/www.chiefslife.com\/fr-eu\/wp-content\/uploads\/sites\/9\/2026\/03\/Vanilla-Front-No-Shadow-768x768.png 768w, https:\/\/www.chiefslife.com\/fr-eu\/wp-content\/uploads\/sites\/9\/2026\/03\/Vanilla-Front-No-Shadow-1536x1536.png 1536w, https:\/\/www.chiefslife.com\/fr-eu\/wp-content\/uploads\/sites\/9\/2026\/03\/Vanilla-Front-No-Shadow-2048x2048.png 2048w, https:\/\/www.chiefslife.com\/fr-eu\/wp-content\/uploads\/sites\/9\/2026\/03\/Vanilla-Front-No-Shadow-336x336.png 336w, https:\/\/www.chiefslife.com\/fr-eu\/wp-content\/uploads\/sites\/9\/2026\/03\/Vanilla-Front-No-Shadow-800x800.png 800w, https:\/\/www.chiefslife.com\/fr-eu\/wp-content\/uploads\/sites\/9\/2026\/03\/Vanilla-Front-No-Shadow-100x100.png 100w\" sizes=\"(max-width: 2560px) 100vw, 2560px\" \/>                        <\/a>\n                    <\/div>\n                    <a class=\"wp-block-chiefs-column-brick-text-link\" href=\"https:\/\/www.chiefslife.com\/fr-eu\/produit\/protein-pudding-vanilla-drive\/?\" target=\"_self\" rel=\"noopener\">\n                        <h6 class=\"wp-block-chiefs-column-brick-text\">Vanilla Pudding<\/h6>\n                    <\/a>\n                <\/div>\n            <\/div>\n<\/div>","protected":false},"excerpt":{"rendered":"<p>Protein Puddings Presque trop gourmand pour \u00eatre vrai&nbsp;: nos puddings contiennent beaucoup de prot\u00e9ines, pas de sucre ajout\u00e9 et sont sans lactose ni gluten. Ne te prive plus jamais de dessert&nbsp;!<\/p>\n","protected":false},"author":2,"featured_media":0,"parent":0,"menu_order":0,"comment_status":"closed","ping_status":"closed","template":"","meta":{"_acf_changed":false,"inline_featured_image":false,"footnotes":""},"class_list":["post-151","page","type-page","status-publish","hentry"],"acf":[],"_links":{"self":[{"href":"https:\/\/www.chiefslife.com\/fr-eu\/wp-json\/wp\/v2\/pages\/151","targetHints":{"allow":["GET"]}}],"collection":[{"href":"https:\/\/www.chiefslife.com\/fr-eu\/wp-json\/wp\/v2\/pages"}],"about":[{"href":"https:\/\/www.chiefslife.com\/fr-eu\/wp-json\/wp\/v2\/types\/page"}],"author":[{"embeddable":true,"href":"https:\/\/www.chiefslife.com\/fr-eu\/wp-json\/wp\/v2\/users\/2"}],"replies":[{"embeddable":true,"href":"https:\/\/www.chiefslife.com\/fr-eu\/wp-json\/wp\/v2\/comments?post=151"}],"version-history":[{"count":2,"href":"https:\/\/www.chiefslife.com\/fr-eu\/wp-json\/wp\/v2\/pages\/151\/revisions"}],"predecessor-version":[{"id":16322,"href":"https:\/\/www.chiefslife.com\/fr-eu\/wp-json\/wp\/v2\/pages\/151\/revisions\/16322"}],"wp:attachment":[{"href":"https:\/\/www.chiefslife.com\/fr-eu\/wp-json\/wp\/v2\/media?parent=151"}],"curies":[{"name":"wp","href":"https:\/\/api.w.org\/{rel}","templated":true}]}}