{"id":16069,"date":"2026-01-22T15:27:57","date_gmt":"2026-01-22T14:27:57","guid":{"rendered":"https:\/\/www.chiefslife.com\/fr-eu\/?page_id=16069"},"modified":"2026-01-22T15:27:59","modified_gmt":"2026-01-22T14:27:59","slug":"performance-drinks","status":"publish","type":"page","link":"https:\/\/www.chiefslife.com\/fr-eu\/performance-drinks\/","title":{"rendered":"Performance Drinks"},"content":{"rendered":"\n<h1 class=\"wp-block-heading has-text-align-center\">Performance Drinks<\/h1>\n\n\n\n<div class=\"wp-block-group\"><div class=\"wp-block-group__inner-container is-layout-flow wp-block-group-is-layout-flow\">\n<p class=\"has-text-align-center has-body-1-font-size\">Rafra\u00eechissants, fonctionnels et con\u00e7us pour des performances mentales et physiques optimales. Avec un m\u00e9lange de BCAA, 180 mg de caf\u00e9ine et des vitamines, nos Performance Drinks soutiennent la concentration, l\u2019endurance et la r\u00e9cup\u00e9ration musculaire \u2013 avec z\u00e9ro sucre et z\u00e9ro calorie. Parfaits pour les athl\u00e8tes, les \u00e9tudiants et les professionnels actifs qui veulent rester au sommet de leur forme.&nbsp;<\/p>\n<\/div><\/div>\n\n\n<style>\n    .wp-block-chiefs-column-brick {\n        display: flex;\n        flex-wrap: wrap;\n        justify-content: center;\n        gap: 20px;\n    }\n\n    .wp-block-chiefs-column-brick-title-link {\n        flex: 0 0 100%;\n        text-align: center;\n    }\n\n    .wp-block-chiefs-column-brick-column {\n        flex: 0 1 calc(33.333% - 14px);\n        text-align: center;\n    }\n\n    .wp-block-chiefs-column-brick-text {\n        text-align: center;\n    }\n\n    @media (max-width: 768px) {\n        .wp-block-chiefs-column-brick-column {\n            flex: 0 1 100%;\n        }\n    }\n<\/style>\n<div id=\"chiefs-column-block-block_c9485c0231d41e4b86cdf16aa8d9e596\" class=\"chiefs-column-block\">\n    <div class=\"wp-block-chiefs-column-brick  chiefs-brick\">\n                                <div class=\"wp-block-chiefs-column-brick-column\">\n                    <div class=\"wp-block-chiefs-column-brick-image-container\">\n                        <a href=\"\" target=\"_self\" rel=\"noopener\">\n                            <img decoding=\"async\" width=\"1000\" height=\"1000\" src=\"https:\/\/www.chiefslife.com\/fr-eu\/wp-content\/uploads\/sites\/9\/2026\/01\/Chiefs_PerformanceDrink_TropicOrange.png\" class=\"wp-block-chiefs-column-brick-image wp-image-500\" alt=\"Chiefs Performance Drink BCAA Tropic Orange\" srcset=\"https:\/\/www.chiefslife.com\/fr-eu\/wp-content\/uploads\/sites\/9\/2026\/01\/Chiefs_PerformanceDrink_TropicOrange.png 1000w, https:\/\/www.chiefslife.com\/fr-eu\/wp-content\/uploads\/sites\/9\/2026\/01\/Chiefs_PerformanceDrink_TropicOrange-300x300.png 300w, https:\/\/www.chiefslife.com\/fr-eu\/wp-content\/uploads\/sites\/9\/2026\/01\/Chiefs_PerformanceDrink_TropicOrange-150x150.png 150w, https:\/\/www.chiefslife.com\/fr-eu\/wp-content\/uploads\/sites\/9\/2026\/01\/Chiefs_PerformanceDrink_TropicOrange-768x768.png 768w, https:\/\/www.chiefslife.com\/fr-eu\/wp-content\/uploads\/sites\/9\/2026\/01\/Chiefs_PerformanceDrink_TropicOrange-336x336.png 336w, https:\/\/www.chiefslife.com\/fr-eu\/wp-content\/uploads\/sites\/9\/2026\/01\/Chiefs_PerformanceDrink_TropicOrange-800x800.png 800w, https:\/\/www.chiefslife.com\/fr-eu\/wp-content\/uploads\/sites\/9\/2026\/01\/Chiefs_PerformanceDrink_TropicOrange-100x100.png 100w\" sizes=\"(max-width: 1000px) 100vw, 1000px\" \/>                        <\/a>\n                    <\/div>\n                    <a class=\"wp-block-chiefs-column-brick-text-link\" href=\"\" target=\"_self\" rel=\"noopener\">\n                        <h6 class=\"wp-block-chiefs-column-brick-text\">Tropic Orange<\/h6>\n                    <\/a>\n                <\/div>\n                        <div class=\"wp-block-chiefs-column-brick-column\">\n                    <div class=\"wp-block-chiefs-column-brick-image-container\">\n                        <a href=\"\" target=\"_self\" rel=\"noopener\">\n                            <img decoding=\"async\" width=\"1000\" height=\"1000\" src=\"https:\/\/www.chiefslife.com\/fr-eu\/wp-content\/uploads\/sites\/9\/2026\/01\/Chiefs_PerformanceDrink_WhitePeach.png\" class=\"wp-block-chiefs-column-brick-image wp-image-500\" alt=\"Chiefs Performance Drink BCAA White Peach\" srcset=\"https:\/\/www.chiefslife.com\/fr-eu\/wp-content\/uploads\/sites\/9\/2026\/01\/Chiefs_PerformanceDrink_WhitePeach.png 1000w, https:\/\/www.chiefslife.com\/fr-eu\/wp-content\/uploads\/sites\/9\/2026\/01\/Chiefs_PerformanceDrink_WhitePeach-300x300.png 300w, https:\/\/www.chiefslife.com\/fr-eu\/wp-content\/uploads\/sites\/9\/2026\/01\/Chiefs_PerformanceDrink_WhitePeach-150x150.png 150w, https:\/\/www.chiefslife.com\/fr-eu\/wp-content\/uploads\/sites\/9\/2026\/01\/Chiefs_PerformanceDrink_WhitePeach-768x768.png 768w, https:\/\/www.chiefslife.com\/fr-eu\/wp-content\/uploads\/sites\/9\/2026\/01\/Chiefs_PerformanceDrink_WhitePeach-336x336.png 336w, https:\/\/www.chiefslife.com\/fr-eu\/wp-content\/uploads\/sites\/9\/2026\/01\/Chiefs_PerformanceDrink_WhitePeach-800x800.png 800w, https:\/\/www.chiefslife.com\/fr-eu\/wp-content\/uploads\/sites\/9\/2026\/01\/Chiefs_PerformanceDrink_WhitePeach-100x100.png 100w\" sizes=\"(max-width: 1000px) 100vw, 1000px\" \/>                        <\/a>\n                    <\/div>\n                    <a class=\"wp-block-chiefs-column-brick-text-link\" href=\"\" target=\"_self\" rel=\"noopener\">\n                        <h6 class=\"wp-block-chiefs-column-brick-text\">White Peach<\/h6>\n                    <\/a>\n                <\/div>\n            <\/div>\n<\/div>","protected":false},"excerpt":{"rendered":"<p>Performance Drinks Rafra\u00eechissants, fonctionnels et con\u00e7us pour des performances mentales et physiques optimales. Avec un m\u00e9lange de BCAA, 180 mg de caf\u00e9ine et des vitamines, nos Performance Drinks soutiennent la concentration, l\u2019endurance et la r\u00e9cup\u00e9ration musculaire \u2013 avec z\u00e9ro sucre et z\u00e9ro calorie. Parfaits pour les athl\u00e8tes, les \u00e9tudiants et les professionnels actifs qui veulent [&hellip;]<\/p>\n","protected":false},"author":6173,"featured_media":0,"parent":0,"menu_order":0,"comment_status":"closed","ping_status":"closed","template":"","meta":{"_acf_changed":false,"inline_featured_image":false,"footnotes":""},"class_list":["post-16069","page","type-page","status-publish","hentry"],"acf":[],"_links":{"self":[{"href":"https:\/\/www.chiefslife.com\/fr-eu\/wp-json\/wp\/v2\/pages\/16069","targetHints":{"allow":["GET"]}}],"collection":[{"href":"https:\/\/www.chiefslife.com\/fr-eu\/wp-json\/wp\/v2\/pages"}],"about":[{"href":"https:\/\/www.chiefslife.com\/fr-eu\/wp-json\/wp\/v2\/types\/page"}],"author":[{"embeddable":true,"href":"https:\/\/www.chiefslife.com\/fr-eu\/wp-json\/wp\/v2\/users\/6173"}],"replies":[{"embeddable":true,"href":"https:\/\/www.chiefslife.com\/fr-eu\/wp-json\/wp\/v2\/comments?post=16069"}],"version-history":[{"count":1,"href":"https:\/\/www.chiefslife.com\/fr-eu\/wp-json\/wp\/v2\/pages\/16069\/revisions"}],"predecessor-version":[{"id":16070,"href":"https:\/\/www.chiefslife.com\/fr-eu\/wp-json\/wp\/v2\/pages\/16069\/revisions\/16070"}],"wp:attachment":[{"href":"https:\/\/www.chiefslife.com\/fr-eu\/wp-json\/wp\/v2\/media?parent=16069"}],"curies":[{"name":"wp","href":"https:\/\/api.w.org\/{rel}","templated":true}]}}