{"id":371,"date":"2021-02-05T10:46:59","date_gmt":"2021-02-05T09:46:59","guid":{"rendered":"https:\/\/www.chiefslife.com\/fr-eu\/?page_id=371"},"modified":"2024-04-06T23:29:18","modified_gmt":"2024-04-06T21:29:18","slug":"fitness","status":"publish","type":"page","link":"https:\/\/www.chiefslife.com\/fr-eu\/fitness\/","title":{"rendered":"Fitness"},"content":{"rendered":"\n<div class=\"wp-block-group\"><div class=\"wp-block-group__inner-container is-layout-flow wp-block-group-is-layout-flow\">\n<h1 class=\"wp-block-heading has-text-align-center\">Fitness<\/h1>\n\n\n\n<p class=\"has-text-align-center has-body-1-font-size\">Que l\u2019on soit d\u00e9butant ou professionnel, on ne cesse jamais d\u2019apprendre. Dans cette section, tu trouveras des conseils et astuces utiles pour \u00e9viter les principaux pi\u00e8ges en mati\u00e8re d\u2019entra\u00eenement, optimiser ton entra\u00eenement et atteindre tes objectifs.<\/p>\n<\/div><\/div>\n\n\n\n<div class=\"wp-block-chiefs-banner-brick\"><div class=\"wp-block-chiefs-banner-brick-column banner-body\" style=\"background-color:#98c469\"><h3 class=\"wp-block-chiefs-banner-brick-title\" style=\"color:#31272E\">L&rsquo;inefficacit\u00e9 de la prise de prot\u00e9ines sans exercice physique <\/h3><div class=\"wp-block-button\"><a class=\"wp-block-button__link\" href=\"https:\/\/www.chiefslife.com\/fr-eu\/linefficacite-de-la-prise-de-proteines-sans-exercice-physique\/\" target=\"_self\" rel=\"noopener\">Lire maintenant<\/a><\/div><\/div><div class=\"wp-block-chiefs-banner-brick-column banner-image\" style=\"background-color:#98c469\"><a class=\"wp-block-chiefs-banner-brick-image-link\" href=\"https:\/\/www.chiefslife.com\/fr-eu\/linefficacite-de-la-prise-de-proteines-sans-exercice-physique\/\" target=\"_self\" rel=\"noopener\"><img decoding=\"async\" width=\"1500\" height=\"1000\" class=\"wp-block-chiefs-banner-brick-image wp-image-12755\" src=\"https:\/\/www.chiefslife.com\/fr-eu\/wp-content\/uploads\/sites\/9\/2023\/08\/protein-shakes-exercise-blog.png\" alt=\"Banner image\" sizes=\"(max-width: 768px) 100vw, 50vw\" srcset=\"https:\/\/www.chiefslife.com\/fr-eu\/wp-content\/uploads\/sites\/9\/2023\/08\/protein-shakes-exercise-blog.png 1500w, https:\/\/www.chiefslife.com\/fr-eu\/wp-content\/uploads\/sites\/9\/2023\/08\/protein-shakes-exercise-blog-300x200.png 300w, https:\/\/www.chiefslife.com\/fr-eu\/wp-content\/uploads\/sites\/9\/2023\/08\/protein-shakes-exercise-blog-1024x683.png 1024w, https:\/\/www.chiefslife.com\/fr-eu\/wp-content\/uploads\/sites\/9\/2023\/08\/protein-shakes-exercise-blog-768x512.png 768w, https:\/\/www.chiefslife.com\/fr-eu\/wp-content\/uploads\/sites\/9\/2023\/08\/protein-shakes-exercise-blog-336x224.png 336w, https:\/\/www.chiefslife.com\/fr-eu\/wp-content\/uploads\/sites\/9\/2023\/08\/protein-shakes-exercise-blog-800x533.png 800w\" \/><\/a><\/div><\/div>\n\n\n\n<div class=\"wp-block-chiefs-banner-brick\"><div class=\"wp-block-chiefs-banner-brick-column banner-image\" style=\"background-color:#d2c6bb\"><a class=\"wp-block-chiefs-banner-brick-image-link\" href=\"https:\/\/www.chiefslife.com\/fr-eu\/distinction-entre-concentre-et-isolate-de-proteines-de-lactoserum\/\" target=\"_self\" rel=\"noopener\"><img decoding=\"async\" width=\"1500\" height=\"1000\" class=\"wp-block-chiefs-banner-brick-image wp-image-12750\" src=\"https:\/\/www.chiefslife.com\/fr-eu\/wp-content\/uploads\/sites\/9\/2023\/08\/protein-concentrate-blog.png\" alt=\"Banner image\" sizes=\"(max-width: 768px) 100vw, 50vw\" srcset=\"https:\/\/www.chiefslife.com\/fr-eu\/wp-content\/uploads\/sites\/9\/2023\/08\/protein-concentrate-blog.png 1500w, https:\/\/www.chiefslife.com\/fr-eu\/wp-content\/uploads\/sites\/9\/2023\/08\/protein-concentrate-blog-300x200.png 300w, https:\/\/www.chiefslife.com\/fr-eu\/wp-content\/uploads\/sites\/9\/2023\/08\/protein-concentrate-blog-1024x683.png 1024w, https:\/\/www.chiefslife.com\/fr-eu\/wp-content\/uploads\/sites\/9\/2023\/08\/protein-concentrate-blog-768x512.png 768w, https:\/\/www.chiefslife.com\/fr-eu\/wp-content\/uploads\/sites\/9\/2023\/08\/protein-concentrate-blog-336x224.png 336w, https:\/\/www.chiefslife.com\/fr-eu\/wp-content\/uploads\/sites\/9\/2023\/08\/protein-concentrate-blog-800x533.png 800w\" \/><\/a><\/div><div class=\"wp-block-chiefs-banner-brick-column banner-body\" style=\"background-color:#d2c6bb\"><h3 class=\"wp-block-chiefs-banner-brick-title\" style=\"color:#31272E\">Distinction entre concentr\u00e9 et isolate de prot\u00e9ines de lactos\u00e9rum <\/h3><div class=\"wp-block-button\"><a class=\"wp-block-button__link\" href=\"https:\/\/www.chiefslife.com\/fr-eu\/distinction-entre-concentre-et-isolate-de-proteines-de-lactoserum\/\" target=\"_self\" rel=\"noopener\">Lire maintenant<\/a><\/div><\/div><\/div>\n\n\n\n<div class=\"wp-block-chiefs-banner-brick\"><div class=\"wp-block-chiefs-banner-brick-column banner-body\" style=\"background-color:#b3d9e9\"><h3 class=\"wp-block-chiefs-banner-brick-title\" style=\"color:#31272E\">Combien de calories sont brul\u00e9es pendant la musculation ? <\/h3><div class=\"wp-block-button\"><a class=\"wp-block-button__link\" href=\"https:\/\/www.chiefslife.com\/fr-eu\/combien-de-calories-sont-brulees-pendant-la-musculation\/\" target=\"_self\" rel=\"noopener\">Lire maintenant<\/a><\/div><\/div><div class=\"wp-block-chiefs-banner-brick-column banner-image\" style=\"background-color:#b3d9e9\"><a class=\"wp-block-chiefs-banner-brick-image-link\" href=\"https:\/\/www.chiefslife.com\/fr-eu\/combien-de-calories-sont-brulees-pendant-la-musculation\/\" target=\"_self\" rel=\"noopener\"><img decoding=\"async\" width=\"1500\" height=\"1000\" class=\"wp-block-chiefs-banner-brick-image wp-image-12672\" src=\"https:\/\/www.chiefslife.com\/fr-eu\/wp-content\/uploads\/sites\/9\/2023\/07\/woman-in-grey-train-silo.png\" alt=\"Banner image\" sizes=\"(max-width: 768px) 100vw, 50vw\" srcset=\"https:\/\/www.chiefslife.com\/fr-eu\/wp-content\/uploads\/sites\/9\/2023\/07\/woman-in-grey-train-silo.png 1500w, https:\/\/www.chiefslife.com\/fr-eu\/wp-content\/uploads\/sites\/9\/2023\/07\/woman-in-grey-train-silo-300x200.png 300w, https:\/\/www.chiefslife.com\/fr-eu\/wp-content\/uploads\/sites\/9\/2023\/07\/woman-in-grey-train-silo-1024x683.png 1024w, https:\/\/www.chiefslife.com\/fr-eu\/wp-content\/uploads\/sites\/9\/2023\/07\/woman-in-grey-train-silo-768x512.png 768w, https:\/\/www.chiefslife.com\/fr-eu\/wp-content\/uploads\/sites\/9\/2023\/07\/woman-in-grey-train-silo-336x224.png 336w, https:\/\/www.chiefslife.com\/fr-eu\/wp-content\/uploads\/sites\/9\/2023\/07\/woman-in-grey-train-silo-800x533.png 800w\" \/><\/a><\/div><\/div>\n\n\n\n<div class=\"wp-block-chiefs-banner-brick\"><div class=\"wp-block-chiefs-banner-brick-column banner-image\" style=\"background-color:#ffcd6e\"><a class=\"wp-block-chiefs-banner-brick-image-link\" href=\"https:\/\/www.chiefslife.com\/fr-eu\/musculation-le-meilleur-moment-pour-prendre-ses-proteines\/\" target=\"_self\" rel=\"noopener\"><img decoding=\"async\" width=\"1500\" height=\"1000\" class=\"wp-block-chiefs-banner-brick-image wp-image-12671\" src=\"https:\/\/www.chiefslife.com\/fr-eu\/wp-content\/uploads\/sites\/9\/2023\/07\/protein-shake-handed-silo-1.png\" alt=\"Banner image\" sizes=\"(max-width: 768px) 100vw, 50vw\" srcset=\"https:\/\/www.chiefslife.com\/fr-eu\/wp-content\/uploads\/sites\/9\/2023\/07\/protein-shake-handed-silo-1.png 1500w, https:\/\/www.chiefslife.com\/fr-eu\/wp-content\/uploads\/sites\/9\/2023\/07\/protein-shake-handed-silo-1-300x200.png 300w, https:\/\/www.chiefslife.com\/fr-eu\/wp-content\/uploads\/sites\/9\/2023\/07\/protein-shake-handed-silo-1-1024x683.png 1024w, https:\/\/www.chiefslife.com\/fr-eu\/wp-content\/uploads\/sites\/9\/2023\/07\/protein-shake-handed-silo-1-768x512.png 768w, https:\/\/www.chiefslife.com\/fr-eu\/wp-content\/uploads\/sites\/9\/2023\/07\/protein-shake-handed-silo-1-336x224.png 336w, https:\/\/www.chiefslife.com\/fr-eu\/wp-content\/uploads\/sites\/9\/2023\/07\/protein-shake-handed-silo-1-800x533.png 800w\" \/><\/a><\/div><div class=\"wp-block-chiefs-banner-brick-column banner-body\" style=\"background-color:#ffcd6e\"><h3 class=\"wp-block-chiefs-banner-brick-title\" style=\"color:#31272E\">Musculation : le meilleur moment pour prendre ses prot\u00e9ines <\/h3><div class=\"wp-block-button\"><a class=\"wp-block-button__link\" href=\"https:\/\/www.chiefslife.com\/fr-eu\/musculation-le-meilleur-moment-pour-prendre-ses-proteines\/\" target=\"_self\" rel=\"noopener\">Lire maintenant<\/a><\/div><\/div><\/div>\n\n\n\n<div class=\"wp-block-chiefs-banner-brick\"><div class=\"wp-block-chiefs-banner-brick-column banner-body\" style=\"background-color:#d2c6bb\"><h3 class=\"wp-block-chiefs-banner-brick-title\" style=\"color:#31272E\">Tout savoir pour un fessier galb\u00e9 au f\u00e9minin <\/h3><div class=\"wp-block-button\"><a class=\"wp-block-button__link\" href=\"https:\/\/www.chiefslife.com\/fr-eu\/exercices-pour-muscler-les-fessiers\/\" target=\"_self\" rel=\"noopener\">Lire maintenant<\/a><\/div><\/div><div class=\"wp-block-chiefs-banner-brick-column banner-image\" style=\"background-color:#d2c6bb\"><a class=\"wp-block-chiefs-banner-brick-image-link\" href=\"https:\/\/www.chiefslife.com\/fr-eu\/exercices-pour-muscler-les-fessiers\/\" target=\"_self\" rel=\"noopener\"><img decoding=\"async\" width=\"1500\" height=\"1000\" class=\"wp-block-chiefs-banner-brick-image wp-image-12668\" src=\"https:\/\/www.chiefslife.com\/fr-eu\/wp-content\/uploads\/sites\/9\/2023\/07\/woman-smiling-silo.png\" alt=\"Banner image\" sizes=\"(max-width: 768px) 100vw, 50vw\" srcset=\"https:\/\/www.chiefslife.com\/fr-eu\/wp-content\/uploads\/sites\/9\/2023\/07\/woman-smiling-silo.png 1500w, https:\/\/www.chiefslife.com\/fr-eu\/wp-content\/uploads\/sites\/9\/2023\/07\/woman-smiling-silo-300x200.png 300w, https:\/\/www.chiefslife.com\/fr-eu\/wp-content\/uploads\/sites\/9\/2023\/07\/woman-smiling-silo-1024x683.png 1024w, https:\/\/www.chiefslife.com\/fr-eu\/wp-content\/uploads\/sites\/9\/2023\/07\/woman-smiling-silo-768x512.png 768w, https:\/\/www.chiefslife.com\/fr-eu\/wp-content\/uploads\/sites\/9\/2023\/07\/woman-smiling-silo-336x224.png 336w, https:\/\/www.chiefslife.com\/fr-eu\/wp-content\/uploads\/sites\/9\/2023\/07\/woman-smiling-silo-800x533.png 800w\" \/><\/a><\/div><\/div>\n\n\n\n<div class=\"wp-block-chiefs-banner-brick\"><div class=\"wp-block-chiefs-banner-brick-column banner-image\" style=\"background-color:#98c469\"><a class=\"wp-block-chiefs-banner-brick-image-link\" href=\"https:\/\/www.chiefslife.com\/fr-eu\/combien-de-proteines-par-jour-pour-se-muscler\/\" target=\"_self\" rel=\"noopener\"><img decoding=\"async\" width=\"1500\" height=\"1000\" class=\"wp-block-chiefs-banner-brick-image wp-image-12135\" src=\"https:\/\/www.chiefslife.com\/fr-eu\/wp-content\/uploads\/sites\/9\/2023\/05\/woman-workout-1500x1000-1.jpg\" alt=\"Banner image\" sizes=\"(max-width: 768px) 100vw, 50vw\" srcset=\"https:\/\/www.chiefslife.com\/fr-eu\/wp-content\/uploads\/sites\/9\/2023\/05\/woman-workout-1500x1000-1.jpg 1500w, https:\/\/www.chiefslife.com\/fr-eu\/wp-content\/uploads\/sites\/9\/2023\/05\/woman-workout-1500x1000-1-300x200.jpg 300w, https:\/\/www.chiefslife.com\/fr-eu\/wp-content\/uploads\/sites\/9\/2023\/05\/woman-workout-1500x1000-1-1024x683.jpg 1024w, https:\/\/www.chiefslife.com\/fr-eu\/wp-content\/uploads\/sites\/9\/2023\/05\/woman-workout-1500x1000-1-768x512.jpg 768w, https:\/\/www.chiefslife.com\/fr-eu\/wp-content\/uploads\/sites\/9\/2023\/05\/woman-workout-1500x1000-1-500x333.jpg 500w, https:\/\/www.chiefslife.com\/fr-eu\/wp-content\/uploads\/sites\/9\/2023\/05\/woman-workout-1500x1000-1-800x533.jpg 800w, https:\/\/www.chiefslife.com\/fr-eu\/wp-content\/uploads\/sites\/9\/2023\/05\/woman-workout-1500x1000-1-1280x853.jpg 1280w, https:\/\/www.chiefslife.com\/fr-eu\/wp-content\/uploads\/sites\/9\/2023\/05\/woman-workout-1500x1000-1-336x224.jpg 336w\" \/><\/a><\/div><div class=\"wp-block-chiefs-banner-brick-column banner-body\" style=\"background-color:#98c469\"><h3 class=\"wp-block-chiefs-banner-brick-title\" style=\"color:#31272E\">Combien de prot\u00e9ines par jour pour se muscler? <\/h3><div class=\"wp-block-button\"><a class=\"wp-block-button__link\" href=\"https:\/\/www.chiefslife.com\/fr-eu\/combien-de-proteines-par-jour-pour-se-muscler\/\" target=\"_self\" rel=\"noopener\">Lire maintenant<\/a><\/div><\/div><\/div>\n\n\n\n<div class=\"wp-block-chiefs-banner-brick\"><div class=\"wp-block-chiefs-banner-brick-column banner-body\" style=\"background-color:#d2c6bb\"><h3 class=\"wp-block-chiefs-banner-brick-title\" style=\"color:#31272E\">Les pi\u00e8ges \u00e0 \u00e9viter en mati\u00e8re d\u2019entra\u00eenement <\/h3><div class=\"wp-block-button\"><a class=\"wp-block-button__link\" href=\"https:\/\/www.chiefslife.com\/fr-eu\/fitness-the-5-biggest-training-mistakes\/\" target=\"_self\" rel=\"noopener\">Lire maintenant<\/a><\/div><\/div><div class=\"wp-block-chiefs-banner-brick-column banner-image\" style=\"background-color:#d2c6bb\"><img decoding=\"async\" width=\"1500\" height=\"1000\" class=\"wp-block-chiefs-banner-brick-image wp-image-2267\" src=\"https:\/\/www.chiefslife.com\/fr-eu\/wp-content\/uploads\/sites\/2\/2021\/04\/Fitness-Trainingssuenden.jpg\" alt=\"Banner image\" sizes=\"(max-width: 768px) 100vw, 50vw\" srcset=\"https:\/\/www.chiefslife.com\/fr-eu\/wp-content\/uploads\/sites\/9\/2021\/04\/Fitness-Trainingssuenden.jpg 1500w, https:\/\/www.chiefslife.com\/fr-eu\/wp-content\/uploads\/sites\/9\/2021\/04\/Fitness-Trainingssuenden-300x200.jpg 300w, https:\/\/www.chiefslife.com\/fr-eu\/wp-content\/uploads\/sites\/9\/2021\/04\/Fitness-Trainingssuenden-1024x683.jpg 1024w, https:\/\/www.chiefslife.com\/fr-eu\/wp-content\/uploads\/sites\/9\/2021\/04\/Fitness-Trainingssuenden-768x512.jpg 768w, https:\/\/www.chiefslife.com\/fr-eu\/wp-content\/uploads\/sites\/9\/2021\/04\/Fitness-Trainingssuenden-500x333.jpg 500w, https:\/\/www.chiefslife.com\/fr-eu\/wp-content\/uploads\/sites\/9\/2021\/04\/Fitness-Trainingssuenden-800x533.jpg 800w, https:\/\/www.chiefslife.com\/fr-eu\/wp-content\/uploads\/sites\/9\/2021\/04\/Fitness-Trainingssuenden-1280x853.jpg 1280w, https:\/\/www.chiefslife.com\/fr-eu\/wp-content\/uploads\/sites\/9\/2021\/04\/Fitness-Trainingssuenden-336x224.jpg 336w\" \/><\/div><\/div>\n\n\n\n<div class=\"wp-block-chiefs-banner-brick\"><div class=\"wp-block-chiefs-banner-brick-column banner-image\" style=\"background-color:#b3d9e9\"><img decoding=\"async\" width=\"2560\" height=\"1707\" class=\"wp-block-chiefs-banner-brick-image wp-image-114\" src=\"https:\/\/www.chiefslife.com\/fr-eu\/wp-content\/uploads\/sites\/2\/2021\/01\/iStock-1241922532-min-scaled.jpg\" alt=\"Banner image\" sizes=\"(max-width: 768px) 100vw, 50vw\" srcset=\"https:\/\/www.chiefslife.com\/fr-eu\/wp-content\/uploads\/sites\/9\/2021\/01\/iStock-1241922532-min-scaled.jpg 2560w, https:\/\/www.chiefslife.com\/fr-eu\/wp-content\/uploads\/sites\/9\/2021\/01\/iStock-1241922532-min-scaled-300x200.jpg 300w, https:\/\/www.chiefslife.com\/fr-eu\/wp-content\/uploads\/sites\/9\/2021\/01\/iStock-1241922532-min-scaled-1024x683.jpg 1024w, https:\/\/www.chiefslife.com\/fr-eu\/wp-content\/uploads\/sites\/9\/2021\/01\/iStock-1241922532-min-scaled-768x512.jpg 768w, https:\/\/www.chiefslife.com\/fr-eu\/wp-content\/uploads\/sites\/9\/2021\/01\/iStock-1241922532-min-scaled-1536x1024.jpg 1536w, https:\/\/www.chiefslife.com\/fr-eu\/wp-content\/uploads\/sites\/9\/2021\/01\/iStock-1241922532-min-scaled-2048x1366.jpg 2048w, https:\/\/www.chiefslife.com\/fr-eu\/wp-content\/uploads\/sites\/9\/2021\/01\/iStock-1241922532-min-scaled-500x333.jpg 500w, https:\/\/www.chiefslife.com\/fr-eu\/wp-content\/uploads\/sites\/9\/2021\/01\/iStock-1241922532-min-scaled-800x533.jpg 800w, https:\/\/www.chiefslife.com\/fr-eu\/wp-content\/uploads\/sites\/9\/2021\/01\/iStock-1241922532-min-scaled-1280x854.jpg 1280w, https:\/\/www.chiefslife.com\/fr-eu\/wp-content\/uploads\/sites\/9\/2021\/01\/iStock-1241922532-min-scaled-1920x1280.jpg 1920w, https:\/\/www.chiefslife.com\/fr-eu\/wp-content\/uploads\/sites\/9\/2021\/01\/iStock-1241922532-min-scaled-336x224.jpg 336w\" \/><\/div><div class=\"wp-block-chiefs-banner-brick-column banner-body\" style=\"background-color:#b3d9e9\"><h3 class=\"wp-block-chiefs-banner-brick-title\" style=\"color:#31272E\">Musculation pour les d\u00e9butants <\/h3><div class=\"wp-block-button\"><a class=\"wp-block-button__link\" href=\"https:\/\/www.chiefslife.com\/fr-eu\/strength-training-for-beginners\/\" target=\"_self\" rel=\"noopener\">Lire maintenant<\/a><\/div><\/div><\/div>\n\n\n\n<div class=\"wp-block-chiefs-banner-brick\"><div class=\"wp-block-chiefs-banner-brick-column banner-body\" style=\"background-color:#d2c6bb\"><h3 class=\"wp-block-chiefs-banner-brick-title\" style=\"color:#31272E\">Les avantages du Functional Fitness <\/h3><div class=\"wp-block-button\"><a class=\"wp-block-button__link\" href=\"https:\/\/www.chiefslife.com\/fr-eu\/fitness-benefits-of-functional-fitness\/\" target=\"_self\" rel=\"noopener\">Lire maintenant<\/a><\/div><\/div><div class=\"wp-block-chiefs-banner-brick-column banner-image\" style=\"background-color:#d2c6bb\"><img decoding=\"async\" width=\"1500\" height=\"1000\" class=\"wp-block-chiefs-banner-brick-image wp-image-2265\" src=\"https:\/\/www.chiefslife.com\/fr-eu\/wp-content\/uploads\/sites\/2\/2021\/04\/Fitness-Functional-Fitness.jpg\" alt=\"Banner image\" sizes=\"(max-width: 768px) 100vw, 50vw\" srcset=\"https:\/\/www.chiefslife.com\/fr-eu\/wp-content\/uploads\/sites\/9\/2021\/04\/Fitness-Functional-Fitness.jpg 1500w, https:\/\/www.chiefslife.com\/fr-eu\/wp-content\/uploads\/sites\/9\/2021\/04\/Fitness-Functional-Fitness-300x200.jpg 300w, https:\/\/www.chiefslife.com\/fr-eu\/wp-content\/uploads\/sites\/9\/2021\/04\/Fitness-Functional-Fitness-1024x683.jpg 1024w, https:\/\/www.chiefslife.com\/fr-eu\/wp-content\/uploads\/sites\/9\/2021\/04\/Fitness-Functional-Fitness-768x512.jpg 768w, https:\/\/www.chiefslife.com\/fr-eu\/wp-content\/uploads\/sites\/9\/2021\/04\/Fitness-Functional-Fitness-500x333.jpg 500w, https:\/\/www.chiefslife.com\/fr-eu\/wp-content\/uploads\/sites\/9\/2021\/04\/Fitness-Functional-Fitness-800x533.jpg 800w, https:\/\/www.chiefslife.com\/fr-eu\/wp-content\/uploads\/sites\/9\/2021\/04\/Fitness-Functional-Fitness-1280x853.jpg 1280w, https:\/\/www.chiefslife.com\/fr-eu\/wp-content\/uploads\/sites\/9\/2021\/04\/Fitness-Functional-Fitness-336x224.jpg 336w\" \/><\/div><\/div>\n\n\n\n<div class=\"wp-block-chiefs-banner-brick\"><div class=\"wp-block-chiefs-banner-brick-column banner-image\" style=\"background-color:#f5b982\"><img decoding=\"async\" width=\"1500\" height=\"1000\" class=\"wp-block-chiefs-banner-brick-image wp-image-2266\" src=\"https:\/\/www.chiefslife.com\/fr-eu\/wp-content\/uploads\/sites\/2\/2021\/04\/Fitness-Stay-Motivated.jpg\" alt=\"Banner image\" sizes=\"(max-width: 768px) 100vw, 50vw\" srcset=\"https:\/\/www.chiefslife.com\/fr-eu\/wp-content\/uploads\/sites\/9\/2021\/04\/Fitness-Stay-Motivated.jpg 1500w, https:\/\/www.chiefslife.com\/fr-eu\/wp-content\/uploads\/sites\/9\/2021\/04\/Fitness-Stay-Motivated-300x200.jpg 300w, https:\/\/www.chiefslife.com\/fr-eu\/wp-content\/uploads\/sites\/9\/2021\/04\/Fitness-Stay-Motivated-1024x683.jpg 1024w, https:\/\/www.chiefslife.com\/fr-eu\/wp-content\/uploads\/sites\/9\/2021\/04\/Fitness-Stay-Motivated-768x512.jpg 768w, https:\/\/www.chiefslife.com\/fr-eu\/wp-content\/uploads\/sites\/9\/2021\/04\/Fitness-Stay-Motivated-500x333.jpg 500w, https:\/\/www.chiefslife.com\/fr-eu\/wp-content\/uploads\/sites\/9\/2021\/04\/Fitness-Stay-Motivated-800x533.jpg 800w, https:\/\/www.chiefslife.com\/fr-eu\/wp-content\/uploads\/sites\/9\/2021\/04\/Fitness-Stay-Motivated-1280x853.jpg 1280w, https:\/\/www.chiefslife.com\/fr-eu\/wp-content\/uploads\/sites\/9\/2021\/04\/Fitness-Stay-Motivated-336x224.jpg 336w\" \/><\/div><div class=\"wp-block-chiefs-banner-brick-column banner-body\" style=\"background-color:#f5b982\"><h3 class=\"wp-block-chiefs-banner-brick-title\" style=\"color:#31272E\">Reste motiv\u00e9 ! <\/h3><div class=\"wp-block-button\"><a class=\"wp-block-button__link\" href=\"https:\/\/www.chiefslife.com\/fr-eu\/fitness-reste-motive\/\" target=\"_self\" rel=\"noopener\">Lire maintenant<\/a><\/div><\/div><\/div>\n","protected":false},"excerpt":{"rendered":"<p>Fitness Que l\u2019on soit d\u00e9butant ou professionnel, on ne cesse jamais d\u2019apprendre. Dans cette section, tu trouveras des conseils et astuces utiles pour \u00e9viter les principaux pi\u00e8ges en mati\u00e8re d\u2019entra\u00eenement, optimiser ton entra\u00eenement et atteindre tes objectifs.<\/p>\n","protected":false},"author":2,"featured_media":0,"parent":0,"menu_order":0,"comment_status":"closed","ping_status":"closed","template":"","meta":{"_acf_changed":false,"inline_featured_image":false,"footnotes":""},"class_list":["post-371","page","type-page","status-publish","hentry"],"acf":[],"_links":{"self":[{"href":"https:\/\/www.chiefslife.com\/fr-eu\/wp-json\/wp\/v2\/pages\/371","targetHints":{"allow":["GET"]}}],"collection":[{"href":"https:\/\/www.chiefslife.com\/fr-eu\/wp-json\/wp\/v2\/pages"}],"about":[{"href":"https:\/\/www.chiefslife.com\/fr-eu\/wp-json\/wp\/v2\/types\/page"}],"author":[{"embeddable":true,"href":"https:\/\/www.chiefslife.com\/fr-eu\/wp-json\/wp\/v2\/users\/2"}],"replies":[{"embeddable":true,"href":"https:\/\/www.chiefslife.com\/fr-eu\/wp-json\/wp\/v2\/comments?post=371"}],"version-history":[{"count":0,"href":"https:\/\/www.chiefslife.com\/fr-eu\/wp-json\/wp\/v2\/pages\/371\/revisions"}],"wp:attachment":[{"href":"https:\/\/www.chiefslife.com\/fr-eu\/wp-json\/wp\/v2\/media?parent=371"}],"curies":[{"name":"wp","href":"https:\/\/api.w.org\/{rel}","templated":true}]}}