{"id":780,"date":"2021-03-09T16:34:44","date_gmt":"2021-03-09T15:34:44","guid":{"rendered":"https:\/\/www.chiefslife.com\/fr-eu\/?page_id=780"},"modified":"2023-02-21T14:16:38","modified_gmt":"2023-02-21T13:16:38","slug":"motivation","status":"publish","type":"page","link":"https:\/\/www.chiefslife.com\/fr-eu\/motivation\/","title":{"rendered":"Motivation"},"content":{"rendered":"\n<div class=\"wp-block-group\"><div class=\"wp-block-group__inner-container is-layout-flow wp-block-group-is-layout-flow\">\n<h1 class=\"has-text-align-center wp-block-heading\">Motivation<\/h1>\n\n\n\n<p class=\"has-text-align-center has-body-1-font-size\">Une alimentation saine est une condition pr\u00e9alable essentielle au bien-\u00eatre physique et mental. M\u00eame de petits changements d\u2019habitudes peuvent faire une grande diff\u00e9rence. Apprends \u00e0 am\u00e9liorer ton autodiscipline et \u00e0 r\u00e9duire ton stress au quotidien. Ne te laisse pas abattre&nbsp;!<\/p>\n<\/div><\/div>\n\n\n\n<div class=\"wp-block-chiefs-banner-brick\"><div class=\"wp-block-chiefs-banner-brick-column banner-body\" style=\"background-color:#b3d9e9\"><h3 class=\"wp-block-chiefs-banner-brick-title\" style=\"color:#31272E\">Comment am\u00e9liorer ton autodiscipline <\/h3><div class=\"wp-block-button\"><a class=\"wp-block-button__link\" href=\"https:\/\/www.chiefslife.com\/fr-eu\/motivation-comment-ameliorer-ton-autodiscipline\/\" target=\"_self\" rel=\"noopener\">Lire maintenant<\/a><\/div><\/div><div class=\"wp-block-chiefs-banner-brick-column banner-image\" style=\"background-color:#b3d9e9\"><a class=\"wp-block-chiefs-banner-brick-image-link\" href=\"https:\/\/www.chiefslife.com\/fr-eu\/motivation-comment-ameliorer-ton-autodiscipline\/\" target=\"_self\" rel=\"noopener\"><img decoding=\"async\" class=\"wp-block-chiefs-banner-brick-image wp-image-undefined\" src=\"https:\/\/www.chiefslife.com\/fr-eu\/wp-content\/uploads\/sites\/2\/2021\/04\/Lifestyle-Disziplin.jpg\" alt=\"Banner image\" sizes=\"(max-width: 768px) 100vw, 50vw\" \/><\/a><\/div><\/div>\n\n\n\n<div class=\"wp-block-chiefs-banner-brick\"><div class=\"wp-block-chiefs-banner-brick-column banner-image\" style=\"background-color:#d2c6bb\"><a class=\"wp-block-chiefs-banner-brick-image-link\" href=\"https:\/\/www.chiefslife.com\/fr-eu\/motivation-ne-te-laisse-pas-abattre\/\" target=\"_self\" rel=\"noopener\"><img decoding=\"async\" class=\"wp-block-chiefs-banner-brick-image wp-image-undefined\" src=\"https:\/\/www.chiefslife.com\/fr-eu\/wp-content\/uploads\/sites\/2\/2021\/04\/Lifestyle-Raus-aus-Energieloch-1.jpg\" alt=\"Banner image\" sizes=\"(max-width: 768px) 100vw, 50vw\" \/><\/a><\/div><div class=\"wp-block-chiefs-banner-brick-column banner-body\" style=\"background-color:#d2c6bb\"><h3 class=\"wp-block-chiefs-banner-brick-title\" style=\"color:#31272E\">Ne te laisse pas abattre\u00a0! <\/h3><div class=\"wp-block-button\"><a class=\"wp-block-button__link\" href=\"https:\/\/www.chiefslife.com\/fr-eu\/motivation-ne-te-laisse-pas-abattre\/\" target=\"_self\" rel=\"noopener\">Lire maintenant<\/a><\/div><\/div><\/div>\n\n\n\n<div class=\"wp-block-chiefs-banner-brick\"><div class=\"wp-block-chiefs-banner-brick-column banner-body\" style=\"background-color:#f5b982\"><h3 class=\"wp-block-chiefs-banner-brick-title\" style=\"color:#31272E\">R\u00e9duire le stress au quotidien <\/h3><div class=\"wp-block-button\"><a class=\"wp-block-button__link\" href=\"https:\/\/www.chiefslife.com\/fr-eu\/motivation-limite-le-stress-au-quotidien\/\" target=\"_self\" rel=\"noopener\">Lire maintenant<\/a><\/div><\/div><div class=\"wp-block-chiefs-banner-brick-column banner-image\" style=\"background-color:#f5b982\"><a class=\"wp-block-chiefs-banner-brick-image-link\" href=\"https:\/\/www.chiefslife.com\/fr-eu\/motivation-limite-le-stress-au-quotidien\/\" target=\"_self\" rel=\"noopener\"><img decoding=\"async\" class=\"wp-block-chiefs-banner-brick-image wp-image-undefined\" src=\"https:\/\/www.chiefslife.com\/fr-eu\/wp-content\/uploads\/sites\/2\/2021\/04\/Lifestyle-Stress-reduzieren.jpg\" alt=\"Banner image\" sizes=\"(max-width: 768px) 100vw, 50vw\" \/><\/a><\/div><\/div>\n\n\n\n<p><\/p>\n","protected":false},"excerpt":{"rendered":"<p>Motivation Une alimentation saine est une condition pr\u00e9alable essentielle au bien-\u00eatre physique et mental. M\u00eame de petits changements d\u2019habitudes peuvent faire une grande diff\u00e9rence. Apprends \u00e0 am\u00e9liorer ton autodiscipline et \u00e0 r\u00e9duire ton stress au quotidien. Ne te laisse pas abattre&nbsp;!<\/p>\n","protected":false},"author":2,"featured_media":0,"parent":0,"menu_order":0,"comment_status":"closed","ping_status":"closed","template":"","meta":{"_acf_changed":false,"inline_featured_image":false,"footnotes":""},"class_list":["post-780","page","type-page","status-publish","hentry"],"acf":[],"_links":{"self":[{"href":"https:\/\/www.chiefslife.com\/fr-eu\/wp-json\/wp\/v2\/pages\/780","targetHints":{"allow":["GET"]}}],"collection":[{"href":"https:\/\/www.chiefslife.com\/fr-eu\/wp-json\/wp\/v2\/pages"}],"about":[{"href":"https:\/\/www.chiefslife.com\/fr-eu\/wp-json\/wp\/v2\/types\/page"}],"author":[{"embeddable":true,"href":"https:\/\/www.chiefslife.com\/fr-eu\/wp-json\/wp\/v2\/users\/2"}],"replies":[{"embeddable":true,"href":"https:\/\/www.chiefslife.com\/fr-eu\/wp-json\/wp\/v2\/comments?post=780"}],"version-history":[{"count":0,"href":"https:\/\/www.chiefslife.com\/fr-eu\/wp-json\/wp\/v2\/pages\/780\/revisions"}],"wp:attachment":[{"href":"https:\/\/www.chiefslife.com\/fr-eu\/wp-json\/wp\/v2\/media?parent=780"}],"curies":[{"name":"wp","href":"https:\/\/api.w.org\/{rel}","templated":true}]}}