{"id":10967,"date":"2022-10-11T17:06:12","date_gmt":"2022-10-11T15:06:12","guid":{"rendered":"https:\/\/www.chiefslife.com\/fr-eu\/?post_type=product&#038;p=10967"},"modified":"2026-01-07T08:38:21","modified_gmt":"2026-01-07T07:38:21","slug":"core-bar-vanilla-cheesecake","status":"publish","type":"product","link":"https:\/\/www.chiefslife.com\/fr-eu\/produit\/core-bar-vanilla-cheesecake\/","title":{"rendered":"Vanilla Cheesecake"},"content":{"rendered":"<p>NO ADDED SUGAR: Sans sucres ajout\u00e9s. Contient des sucres naturels.<br \/>\nHIGH PROTEIN: 13 g protein par barre. Haute teneur en prot\u00e9ines.<br \/>\nPALM OIL FREE<\/p>\n<p>Barre prot\u00e9in\u00e9e avec de la couverture produit de beurre de cacao, avec \u00e9dulcorants. Go\u00fbt de Vanille-Cheesecake.<\/p>\n<p>Ingr\u00e9dients: 30% produit de beurre de cacao avec \u00e9dulcorants (\u00e9dulcorant: maltitol; beurre de cacao, LAIT ENTIER EN POUDRE, \u00e9mulsifiant: l\u00e9cithines), \u00e9dulcorants: maltitol, sucralose; humectant: glyc\u00e9rol; PROT\u00c9INES DE SOJA, PROT\u00c9INES LACTIQUES, hydrolysat de collag\u00e8ne, beurre de cacao, prot\u00e9ines de germes de caroube, ar\u00f4mes, huile de tournesol, sel comestible, acidifiant: acide citrique; \u00e9mulsifiant: l\u00e9cithines; huile de citron.<\/p>\n<p>Peut contenir des traces de gluten, d\u2018oeuf, d\u2018arachide et de fruits \u00e0 coque.<br \/>\nPeut avoir des effets laxatifs en cas de consommation excessive.<\/p>\n","protected":false},"excerpt":{"rendered":"<p><strong><span lang=\"FR-CH\">Salutations \u00e0 tous les amateurs de cheesecake ! <\/span><\/strong> <span lang=\"FR-CH\">Le c\u0153ur cr\u00e9meux et moelleux du cheesecake \u00e0 la vanille<\/span><span lang=\"FR-CH\"> et la couverture croquante <b>au <\/b>chocolat blanc font de la barre CORE un dessert hyperprot\u00e9in\u00e9 unique en son genre. 40 g de plaisir \u2013 la taille parfaite pour les petites faims entre les repas. Dessert with benefits : 13 g de prot\u00e9ines pour seulement 1,4 g de sucre par barre.<\/span><\/p>\n","protected":false},"featured_media":10982,"template":"","meta":{"_acf_changed":false,"inline_featured_image":false},"product_brand":[],"product_cat":[615],"product_tag":[516,110,145],"class_list":{"0":"post-10967","1":"product","2":"type-product","3":"status-publish","4":"has-post-thumbnail","6":"product_cat-protein-core-bars","7":"product_tag-high-protein","8":"product_tag-palm-oil-free","9":"product_tag-no-added-sugar","11":"first","12":"instock","13":"taxable","14":"shipping-taxable","15":"purchasable","16":"product-type-simple"},"acf":[],"tiered_pricing_type":"fixed","tiered_pricing_fixed_rules":[],"tiered_pricing_product_settings":{"layout":"default","base_unit_name":{"singular":null,"plural":null},"default_variation":null},"tiered_pricing_minimum_quantity":null,"tiered_pricing_roles_data":[],"tiered_pricing_percentage_rules":[],"tiered_pricing_maximum_quantity":null,"tiered_pricing_quantity_step":null,"_links":{"self":[{"href":"https:\/\/www.chiefslife.com\/fr-eu\/wp-json\/wp\/v2\/product\/10967","targetHints":{"allow":["GET"]}}],"collection":[{"href":"https:\/\/www.chiefslife.com\/fr-eu\/wp-json\/wp\/v2\/product"}],"about":[{"href":"https:\/\/www.chiefslife.com\/fr-eu\/wp-json\/wp\/v2\/types\/product"}],"wp:featuredmedia":[{"embeddable":true,"href":"https:\/\/www.chiefslife.com\/fr-eu\/wp-json\/wp\/v2\/media\/10982"}],"wp:attachment":[{"href":"https:\/\/www.chiefslife.com\/fr-eu\/wp-json\/wp\/v2\/media?parent=10967"}],"wp:term":[{"taxonomy":"product_brand","embeddable":true,"href":"https:\/\/www.chiefslife.com\/fr-eu\/wp-json\/wp\/v2\/product_brand?post=10967"},{"taxonomy":"product_cat","embeddable":true,"href":"https:\/\/www.chiefslife.com\/fr-eu\/wp-json\/wp\/v2\/product_cat?post=10967"},{"taxonomy":"product_tag","embeddable":true,"href":"https:\/\/www.chiefslife.com\/fr-eu\/wp-json\/wp\/v2\/product_tag?post=10967"}],"curies":[{"name":"wp","href":"https:\/\/api.w.org\/{rel}","templated":true}]}}