{"id":11792,"date":"2023-03-28T10:54:46","date_gmt":"2023-03-28T08:54:46","guid":{"rendered":"https:\/\/www.chiefslife.com\/fr-eu\/?post_type=product&#038;p=11792"},"modified":"2026-03-31T09:33:52","modified_gmt":"2026-03-31T07:33:52","slug":"protein-bar-double-choc","status":"publish","type":"product","link":"https:\/\/www.chiefslife.com\/fr-eu\/produit\/protein-bar-double-choc\/","title":{"rendered":"Double Choc"},"content":{"rendered":"<p class=\"p1\">NO ADDED SUGAR: Sans sucres ajout\u00e9s. Contient des sucres naturels.<br \/>\nHIGH PROTEIN: 20 g protein par barre. Haute teneur en prot\u00e9ines.<br \/>\nPALM OIL FREE<\/p>\n<p>Barre prot\u00e9in\u00e9e avec de la couverture de chocolat au lait, avec \u00e9dulcorants. Au go\u00fbt de Chocolate double.<\/p>\n<p>Ingr\u00e9dients : 26 % chocolat au lait entier avec \u00e9dulcorant (\u00e9dulcorant: maltitol ; beurre de cacao, POUDRE DE LAIT ENTIER, cacao en p\u00e2te, \u00e9mulsifiant : l\u00e9cithines ; ar\u00f4me naturel de vanille), PROT\u00c9INES DE LAIT, humectant : glyc\u00e9rine ; hydrolysat de collag\u00e8ne, polydextrose, (PROT\u00c9INES DE SOJA, cacao en poudre, amidon de tapioca), eau, 4,4 % chocolat avec \u00e9dulcorant (cacao en p\u00e2te, \u00e9dulcorant : maltitol ; beurre de cacao, \u00e9mulsifiant : l\u00e9cithines ; ar\u00f4me naturel de vanille), huile de tournesol, concentr\u00e9 (carotte caram\u00e9lis\u00e9e, carotte), cacao maigre en poudre, extrait de cacao, ar\u00f4me.<\/p>\n<p>Peut contenir des traces de gluten, d\u2018oeuf, d\u2018arachide et de fruits \u00e0 coque.<br \/>\nPeut avoir des effets laxatifs en cas de consommation excessive.<\/p>\n","protected":false},"excerpt":{"rendered":"<p>Deux fois plus de chocolat, deux fois plus de plaisir avec un enrobage croquant au chocolat au lait gr\u00e2ce \u00e0 une charge de chocolat \u00e0 l&rsquo;int\u00e9rieur.<\/p>\n","protected":false},"featured_media":11791,"template":"","meta":{"_acf_changed":false,"inline_featured_image":false},"product_brand":[],"product_cat":[148],"product_tag":[516,110,145],"class_list":{"0":"post-11792","1":"product","2":"type-product","3":"status-publish","4":"has-post-thumbnail","6":"product_cat-protein-bars","7":"product_tag-high-protein","8":"product_tag-palm-oil-free","9":"product_tag-no-added-sugar","11":"first","12":"instock","13":"taxable","14":"shipping-taxable","15":"purchasable","16":"product-type-simple"},"acf":[],"tiered_pricing_type":"fixed","tiered_pricing_fixed_rules":[],"tiered_pricing_product_settings":{"layout":"default","base_unit_name":{"singular":null,"plural":null},"default_variation":null},"tiered_pricing_minimum_quantity":null,"tiered_pricing_roles_data":[],"tiered_pricing_percentage_rules":[],"tiered_pricing_maximum_quantity":null,"tiered_pricing_quantity_step":null,"_links":{"self":[{"href":"https:\/\/www.chiefslife.com\/fr-eu\/wp-json\/wp\/v2\/product\/11792","targetHints":{"allow":["GET"]}}],"collection":[{"href":"https:\/\/www.chiefslife.com\/fr-eu\/wp-json\/wp\/v2\/product"}],"about":[{"href":"https:\/\/www.chiefslife.com\/fr-eu\/wp-json\/wp\/v2\/types\/product"}],"wp:featuredmedia":[{"embeddable":true,"href":"https:\/\/www.chiefslife.com\/fr-eu\/wp-json\/wp\/v2\/media\/11791"}],"wp:attachment":[{"href":"https:\/\/www.chiefslife.com\/fr-eu\/wp-json\/wp\/v2\/media?parent=11792"}],"wp:term":[{"taxonomy":"product_brand","embeddable":true,"href":"https:\/\/www.chiefslife.com\/fr-eu\/wp-json\/wp\/v2\/product_brand?post=11792"},{"taxonomy":"product_cat","embeddable":true,"href":"https:\/\/www.chiefslife.com\/fr-eu\/wp-json\/wp\/v2\/product_cat?post=11792"},{"taxonomy":"product_tag","embeddable":true,"href":"https:\/\/www.chiefslife.com\/fr-eu\/wp-json\/wp\/v2\/product_tag?post=11792"}],"curies":[{"name":"wp","href":"https:\/\/api.w.org\/{rel}","templated":true}]}}