{"id":1277,"date":"2021-03-12T08:41:05","date_gmt":"2021-03-12T07:41:05","guid":{"rendered":"https:\/\/www.chiefslife.com\/fr-eu\/product\/salted-caramel\/"},"modified":"2026-01-23T08:11:30","modified_gmt":"2026-01-23T07:11:30","slug":"protein-ice-cream-salted-caramel","status":"publish","type":"product","link":"https:\/\/www.chiefslife.com\/fr-eu\/produit\/protein-ice-cream-salted-caramel\/","title":{"rendered":"Salted Caramel"},"content":{"rendered":"<div class=\"ewa-rteLine\">\n<div class=\"ewa-rteLine\"><span dir=\"auto\" style=\"vertical-align: inherit\"><span dir=\"auto\" style=\"vertical-align: inherit\">33G HIGH PROTEIN* per cup.<\/span><\/span><\/div>\n<div class=\"ewa-rteLine\">\n<p><span dir=\"auto\" style=\"vertical-align: inherit\"><span dir=\"auto\" style=\"vertical-align: inherit\">ZERO ADDED SUGAR*Contains natural sugars.<\/span><\/span><\/p>\n<\/div>\n<\/div>\n<p><span dir=\"auto\" style=\"vertical-align: inherit\"><span dir=\"auto\" style=\"vertical-align: inherit\">Protein ice cream with sauce, with sweeteners. Salted caramel flavor.<\/span><\/span><\/p>\n<p><span dir=\"auto\" style=\"vertical-align: inherit\"><span dir=\"auto\" style=\"vertical-align: inherit\">Ingredients: Skimmed MILK, water, 13% caramel flavouring sauce with sweetener (BUTTER, sweetener: maltitol; modified starch, thickener: carrageenan; natural flavourings, colouring fruit and plant concentrates of apple, carrot and hibiscus, water, 0.5% salt, polydextrose, emulsifier: mono- and diglycerides of fatty acids), MILK proteins, sweeteners: erythritol, steviol glycosides of stevia, xylitol, sorbitol; inulin, skimmed MILK powder, coconut fat, colours: caramel, ammonium sulfite caramel; 0.9% salt, preservative: potassium sorbate; acid: tartaric acid; flavouring, stabilisers: locust bean gum, guar gum, sodium carboxymethylcellulose.<\/span><\/span><\/p>\n<p><span dir=\"auto\" style=\"vertical-align: inherit\"><span dir=\"auto\" style=\"vertical-align: inherit\">This pack contains 2.7 servings. One serving = 100g<\/span><\/span><\/p>\n<p><span dir=\"auto\" style=\"vertical-align: inherit\"><span dir=\"auto\" style=\"vertical-align: inherit\">May have laxative effects if consumed excessively.<\/span><\/span><\/p>\n<p><span dir=\"auto\" style=\"vertical-align: inherit\"><span dir=\"auto\" style=\"vertical-align: inherit\">Produced in the EU.<\/span><\/span><\/p>\n","protected":false},"excerpt":{"rendered":"<p><em>Non disponible en ligne.<\/em><\/p>\n<p>&nbsp;<\/p>\n<p>Bonne journ\u00e9e glac\u00e9e ! Plaisir garanti avec notre glace au caramel sal\u00e9.<\/p>\n","protected":false},"featured_media":15551,"template":"","meta":{"_acf_changed":false,"inline_featured_image":false},"product_brand":[],"product_cat":[170],"product_tag":[516,145],"class_list":{"0":"post-1277","1":"product","2":"type-product","3":"status-publish","4":"has-post-thumbnail","6":"product_cat-protein-ice-cream","7":"product_tag-high-protein","8":"product_tag-no-added-sugar","10":"first","11":"instock","12":"taxable","13":"shipping-taxable","14":"product-type-simple"},"acf":[],"tiered_pricing_type":"fixed","tiered_pricing_fixed_rules":[],"tiered_pricing_product_settings":{"layout":"default","base_unit_name":{"singular":null,"plural":null},"default_variation":null},"tiered_pricing_minimum_quantity":null,"tiered_pricing_roles_data":[],"tiered_pricing_percentage_rules":[],"tiered_pricing_maximum_quantity":null,"tiered_pricing_quantity_step":null,"_links":{"self":[{"href":"https:\/\/www.chiefslife.com\/fr-eu\/wp-json\/wp\/v2\/product\/1277","targetHints":{"allow":["GET"]}}],"collection":[{"href":"https:\/\/www.chiefslife.com\/fr-eu\/wp-json\/wp\/v2\/product"}],"about":[{"href":"https:\/\/www.chiefslife.com\/fr-eu\/wp-json\/wp\/v2\/types\/product"}],"wp:featuredmedia":[{"embeddable":true,"href":"https:\/\/www.chiefslife.com\/fr-eu\/wp-json\/wp\/v2\/media\/15551"}],"wp:attachment":[{"href":"https:\/\/www.chiefslife.com\/fr-eu\/wp-json\/wp\/v2\/media?parent=1277"}],"wp:term":[{"taxonomy":"product_brand","embeddable":true,"href":"https:\/\/www.chiefslife.com\/fr-eu\/wp-json\/wp\/v2\/product_brand?post=1277"},{"taxonomy":"product_cat","embeddable":true,"href":"https:\/\/www.chiefslife.com\/fr-eu\/wp-json\/wp\/v2\/product_cat?post=1277"},{"taxonomy":"product_tag","embeddable":true,"href":"https:\/\/www.chiefslife.com\/fr-eu\/wp-json\/wp\/v2\/product_tag?post=1277"}],"curies":[{"name":"wp","href":"https:\/\/api.w.org\/{rel}","templated":true}]}}