{"id":1370,"date":"2021-03-12T17:14:31","date_gmt":"2021-03-12T16:14:31","guid":{"rendered":"https:\/\/www.chiefslife.com\/fr-eu\/product\/crispy-cookie\/"},"modified":"2025-11-30T23:47:49","modified_gmt":"2025-11-30T22:47:49","slug":"protein-bar-crispy-cookie","status":"publish","type":"product","link":"https:\/\/www.chiefslife.com\/fr-eu\/produit\/protein-bar-crispy-cookie\/","title":{"rendered":"Crispy Cookie"},"content":{"rendered":"<p class=\"p1\">NO ADDED SUGAR: Sans sucres ajout\u00e9s. Contient des sucres naturels.<br \/>\nHIGH PROTEIN: 20 g protein par barre. Haute teneur en prot\u00e9ines.<br \/>\nPALM OIL FREE<\/p>\n<p>Barre prot\u00e9in\u00e9e avec de la couverture de chocolat au lait, avec 8 % crispies, avec \u00e9dulcorants. Au go\u00fbt de Cookies-Cream.<\/p>\n<p>Ingr\u00e9dients : 25 % chocolat au lait avec \u00e9dulcorants (\u00e9dulcorant : maltitol ; beurre de cacao, LAIT ENTIER EN POUDRE, cacao en p\u00e2te, \u00e9mulsifiant : l\u00e9cithines ; ar\u00f4me naturel de vanille), PROT\u00c9INES LACTIQUES, humectant : glyc\u00e9rol ; hydrolysat de collag\u00e8ne, polydextrose, 8 % crispies de soja (PROT\u00c9INES DE SOJA, cacao en poudre, amidon de tapioca), chocolat blanc avec \u00e9dulcorants (\u00e9dulcorant : maltitol ; beurre de cacao, LAIT ENTIER EN POUDRE, \u00e9mulsifiant : l\u00e9cithines ; ar\u00f4me naturel de vanille), eau, huile de tournesol, ar\u00f4me.<\/p>\n<p>Peut contenir des traces d\u2019autres c\u00e9r\u00e9ales contenant du gluten, des arachides et des fruits \u00e0 coque.<br \/>\nPeut avoir des effets laxatifs en cas de consommation excessive.<\/p>\n","protected":false},"excerpt":{"rendered":"<p>Cookies &amp; Cream \u2013 tu dois absolument go\u00fbter cette saveur populaire et tendance. Avec son c\u00f4t\u00e9 croustillant, elle est tout simplement irr\u00e9sistible.<\/p>\n","protected":false},"featured_media":3032,"template":"","meta":{"_acf_changed":false,"inline_featured_image":false},"product_brand":[],"product_cat":[148],"product_tag":[516,110,145],"class_list":{"0":"post-1370","1":"product","2":"type-product","3":"status-publish","4":"has-post-thumbnail","6":"product_cat-protein-bars","7":"product_tag-high-protein","8":"product_tag-palm-oil-free","9":"product_tag-no-added-sugar","11":"first","12":"instock","13":"taxable","14":"shipping-taxable","15":"purchasable","16":"product-type-simple"},"acf":[],"tiered_pricing_type":"fixed","tiered_pricing_fixed_rules":[],"tiered_pricing_product_settings":{"layout":"default","base_unit_name":{"singular":null,"plural":null},"default_variation":null},"tiered_pricing_minimum_quantity":null,"tiered_pricing_roles_data":[],"tiered_pricing_percentage_rules":[],"tiered_pricing_maximum_quantity":null,"tiered_pricing_quantity_step":null,"_links":{"self":[{"href":"https:\/\/www.chiefslife.com\/fr-eu\/wp-json\/wp\/v2\/product\/1370","targetHints":{"allow":["GET"]}}],"collection":[{"href":"https:\/\/www.chiefslife.com\/fr-eu\/wp-json\/wp\/v2\/product"}],"about":[{"href":"https:\/\/www.chiefslife.com\/fr-eu\/wp-json\/wp\/v2\/types\/product"}],"wp:featuredmedia":[{"embeddable":true,"href":"https:\/\/www.chiefslife.com\/fr-eu\/wp-json\/wp\/v2\/media\/3032"}],"wp:attachment":[{"href":"https:\/\/www.chiefslife.com\/fr-eu\/wp-json\/wp\/v2\/media?parent=1370"}],"wp:term":[{"taxonomy":"product_brand","embeddable":true,"href":"https:\/\/www.chiefslife.com\/fr-eu\/wp-json\/wp\/v2\/product_brand?post=1370"},{"taxonomy":"product_cat","embeddable":true,"href":"https:\/\/www.chiefslife.com\/fr-eu\/wp-json\/wp\/v2\/product_cat?post=1370"},{"taxonomy":"product_tag","embeddable":true,"href":"https:\/\/www.chiefslife.com\/fr-eu\/wp-json\/wp\/v2\/product_tag?post=1370"}],"curies":[{"name":"wp","href":"https:\/\/api.w.org\/{rel}","templated":true}]}}