{"id":15229,"date":"2025-06-27T11:22:53","date_gmt":"2025-06-27T09:22:53","guid":{"rendered":"https:\/\/www.chiefslife.com\/fr-eu\/?post_type=product&#038;p=15229"},"modified":"2025-11-30T23:47:18","modified_gmt":"2025-11-30T22:47:18","slug":"raspberry","status":"publish","type":"product","link":"https:\/\/www.chiefslife.com\/fr-eu\/produit\/raspberry\/","title":{"rendered":"Raspberry"},"content":{"rendered":"<p>Sans sucre<br \/>\nSans calories<\/p>\n<p>Sirop pour la pr\u00e9paration d&rsquo;une boisson rafra\u00eechissante. Framboise.<\/p>\n<div class=\"ewa-rteLine\">\n<p class=\"ewa-rteLine\">Ingr\u00e9dients : Eau, acidifiant : acide citrique ; 5,4 % jus concentr\u00e9 de framboise, ar\u00f4me naturel, \u00e9dulcorants : ac\u00e9sulfame K, sucralose ; sel, colorant alimentaire (carotte noire), conservateur : sorbate de potassium ; \u00e9paississant : gomme xanthane.<\/p>\n<\/div>\n","protected":false},"excerpt":{"rendered":"<p>Une saveur de framboise rafra\u00eechissante \u2013 sans sucre, sans calories, et pleine de go\u00fbt. Une bouteille permet de pr\u00e9parer plus de 8 litres.<\/p>\n","protected":false},"featured_media":15230,"template":"","meta":{"_acf_changed":false,"inline_featured_image":false},"product_brand":[],"product_cat":[660],"product_tag":[81,658,659],"class_list":{"0":"post-15229","1":"product","2":"type-product","3":"status-publish","4":"has-post-thumbnail","6":"product_cat-syrup-zero","7":"product_tag-vegan","8":"product_tag-zero-calories","9":"product_tag-zero-sugar","11":"first","12":"instock","13":"taxable","14":"shipping-taxable","15":"purchasable","16":"product-type-simple"},"acf":[],"tiered_pricing_type":"fixed","tiered_pricing_fixed_rules":[],"tiered_pricing_product_settings":{"layout":"default","base_unit_name":{"singular":null,"plural":null},"default_variation":null},"tiered_pricing_minimum_quantity":null,"tiered_pricing_roles_data":[],"tiered_pricing_percentage_rules":[],"tiered_pricing_maximum_quantity":null,"tiered_pricing_quantity_step":null,"_links":{"self":[{"href":"https:\/\/www.chiefslife.com\/fr-eu\/wp-json\/wp\/v2\/product\/15229","targetHints":{"allow":["GET"]}}],"collection":[{"href":"https:\/\/www.chiefslife.com\/fr-eu\/wp-json\/wp\/v2\/product"}],"about":[{"href":"https:\/\/www.chiefslife.com\/fr-eu\/wp-json\/wp\/v2\/types\/product"}],"wp:featuredmedia":[{"embeddable":true,"href":"https:\/\/www.chiefslife.com\/fr-eu\/wp-json\/wp\/v2\/media\/15230"}],"wp:attachment":[{"href":"https:\/\/www.chiefslife.com\/fr-eu\/wp-json\/wp\/v2\/media?parent=15229"}],"wp:term":[{"taxonomy":"product_brand","embeddable":true,"href":"https:\/\/www.chiefslife.com\/fr-eu\/wp-json\/wp\/v2\/product_brand?post=15229"},{"taxonomy":"product_cat","embeddable":true,"href":"https:\/\/www.chiefslife.com\/fr-eu\/wp-json\/wp\/v2\/product_cat?post=15229"},{"taxonomy":"product_tag","embeddable":true,"href":"https:\/\/www.chiefslife.com\/fr-eu\/wp-json\/wp\/v2\/product_tag?post=15229"}],"curies":[{"name":"wp","href":"https:\/\/api.w.org\/{rel}","templated":true}]}}