{"id":15235,"date":"2025-06-27T11:25:12","date_gmt":"2025-06-27T09:25:12","guid":{"rendered":"https:\/\/www.chiefslife.com\/fr-eu\/?post_type=product&#038;p=15235"},"modified":"2026-04-20T13:43:03","modified_gmt":"2026-04-20T11:43:03","slug":"cassis","status":"publish","type":"product","link":"https:\/\/www.chiefslife.com\/fr-eu\/produit\/cassis\/","title":{"rendered":"Cassis"},"content":{"rendered":"<p class=\"ewa-rteLine\">Sans sucre<br \/>\nSans calories<\/p>\n<p>Sirop pour la pr\u00e9paration d&rsquo;une boisson rafra\u00eechissante. Cassis.<\/p>\n<div class=\"ewa-rteLine\">\n<p class=\"ewa-rteLine\">Ingr\u00e9dients : Eau, acidifiant : acide citrique ; 4,6 % jus concentr\u00e9 de cassis, ar\u00f4me naturel, \u00e9dulcorants : ac\u00e9sulfame K, sucralose ; sel, colorant alimentaire (carotte noire), conservateur : sorbate de potassium ; \u00e9paississant : gomme xanthane.<\/p>\n<\/div>\n","protected":false},"excerpt":{"rendered":"<p>Chiefs Syrup Zero Cassis transforme l\u2019eau en une d\u00e9licieuse boisson fruit\u00e9e au cassis \u2013 sans sucre et sans calories. Une bouteille permet de pr\u00e9parer plus de 8 litres. V\u00e9gan et irr\u00e9sistiblement rafra\u00eechissant !<\/p>\n","protected":false},"featured_media":15236,"template":"","meta":{"_acf_changed":false,"inline_featured_image":false},"product_brand":[],"product_cat":[660],"product_tag":[81,658,659],"class_list":{"0":"post-15235","1":"product","2":"type-product","3":"status-publish","4":"has-post-thumbnail","6":"product_cat-syrup-zero","7":"product_tag-vegan","8":"product_tag-zero-calories","9":"product_tag-zero-sugar","11":"first","12":"instock","13":"taxable","14":"shipping-taxable","15":"purchasable","16":"product-type-simple"},"acf":[],"tiered_pricing_type":"fixed","tiered_pricing_fixed_rules":[],"tiered_pricing_product_settings":{"layout":"default","base_unit_name":{"singular":null,"plural":null},"default_variation":null},"tiered_pricing_minimum_quantity":null,"tiered_pricing_roles_data":[],"tiered_pricing_percentage_rules":[],"tiered_pricing_maximum_quantity":null,"tiered_pricing_quantity_step":null,"_links":{"self":[{"href":"https:\/\/www.chiefslife.com\/fr-eu\/wp-json\/wp\/v2\/product\/15235","targetHints":{"allow":["GET"]}}],"collection":[{"href":"https:\/\/www.chiefslife.com\/fr-eu\/wp-json\/wp\/v2\/product"}],"about":[{"href":"https:\/\/www.chiefslife.com\/fr-eu\/wp-json\/wp\/v2\/types\/product"}],"wp:featuredmedia":[{"embeddable":true,"href":"https:\/\/www.chiefslife.com\/fr-eu\/wp-json\/wp\/v2\/media\/15236"}],"wp:attachment":[{"href":"https:\/\/www.chiefslife.com\/fr-eu\/wp-json\/wp\/v2\/media?parent=15235"}],"wp:term":[{"taxonomy":"product_brand","embeddable":true,"href":"https:\/\/www.chiefslife.com\/fr-eu\/wp-json\/wp\/v2\/product_brand?post=15235"},{"taxonomy":"product_cat","embeddable":true,"href":"https:\/\/www.chiefslife.com\/fr-eu\/wp-json\/wp\/v2\/product_cat?post=15235"},{"taxonomy":"product_tag","embeddable":true,"href":"https:\/\/www.chiefslife.com\/fr-eu\/wp-json\/wp\/v2\/product_tag?post=15235"}],"curies":[{"name":"wp","href":"https:\/\/api.w.org\/{rel}","templated":true}]}}