{"id":16273,"date":"2026-03-10T11:30:25","date_gmt":"2026-03-10T10:30:25","guid":{"rendered":"https:\/\/www.chiefslife.com\/fr-eu\/?post_type=product&#038;p=16273"},"modified":"2026-03-18T14:43:17","modified_gmt":"2026-03-18T13:43:17","slug":"panna-cotta","status":"publish","type":"product","link":"https:\/\/www.chiefslife.com\/fr-eu\/produit\/panna-cotta\/","title":{"rendered":"Panna Cotta"},"content":{"rendered":"<p>20G HIGH PROTEIN: par gobelet<br \/>\nZERO ADDED SUGAR: Contient des sucres naturellement pr\u00e9sents.<br \/>\nLACTOSE FREE: teneur en lactose &lt;0,01g\/100g<\/p>\n<p>Pouding sans lactose avec topping, avec pr\u00e9paration aux fruits, avec prot\u00e9ines de lait, avec \u00e9dulcorants. Go\u00fbt framboise &amp; chocolat blanc.<\/p>\n<div class=\"ewa-rteLine\">Ingr\u00e9dients : 60 % prot\u00e9ines de LAIT, LAIT \u00e9cr\u00e9m\u00e9, CR\u00c8ME, 2,0 % pur\u00e9e de framboises de concentr\u00e9, \u00e9dulcorants : \u00e9rythritol, ac\u00e9sulfame K, sucralose ; 1,5 % de framboises, amidon modifi\u00e9, collag\u00e8ne bovin, \u00e9paississants : carragh\u00e9nanes, pectines, gomme de cellulose, gomme de guar ; ar\u00f4me (LAIT), g\u00e9latine (bovine), \u00e9mulsifiant : esters lactiques des mono- et diglyc\u00e9rides d&rsquo;acides gras ; lactase, colorant : carmin.<br \/>\nTopping fouett\u00e9e \u00e0 l&rsquo;azote.<\/div>\n<div><\/div>\n<p>Produit en Allemagne.<\/p>\n","protected":false},"excerpt":{"rendered":"<p><em>Non disponible en ligne<\/em>. Savourez une panna cotta prot\u00e9in\u00e9e onctueuse et cr\u00e9meuse, napp\u00e9e d&rsquo;un d\u00e9licieux coulis de framboises. Riche en prot\u00e9ines (20 g), sans lactose et sans sucre ajout\u00e9, c&rsquo;est le dessert id\u00e9al pour se faire plaisir sans culpabiliser\u00a0!<\/p>\n","protected":false},"featured_media":16274,"template":"","meta":{"_acf_changed":false,"inline_featured_image":false},"product_brand":[],"product_cat":[164],"product_tag":[516,105,145],"class_list":{"0":"post-16273","1":"product","2":"type-product","3":"status-publish","4":"has-post-thumbnail","6":"product_cat-protein-pudding","7":"product_tag-high-protein","8":"product_tag-lactose-free","9":"product_tag-no-added-sugar","11":"first","12":"outofstock","13":"taxable","14":"shipping-taxable","15":"product-type-simple"},"acf":[],"tiered_pricing_type":"fixed","tiered_pricing_fixed_rules":[],"tiered_pricing_product_settings":{"layout":"default","base_unit_name":{"singular":null,"plural":null},"default_variation":null},"tiered_pricing_minimum_quantity":null,"tiered_pricing_roles_data":[],"tiered_pricing_percentage_rules":[],"tiered_pricing_maximum_quantity":null,"tiered_pricing_quantity_step":null,"_links":{"self":[{"href":"https:\/\/www.chiefslife.com\/fr-eu\/wp-json\/wp\/v2\/product\/16273","targetHints":{"allow":["GET"]}}],"collection":[{"href":"https:\/\/www.chiefslife.com\/fr-eu\/wp-json\/wp\/v2\/product"}],"about":[{"href":"https:\/\/www.chiefslife.com\/fr-eu\/wp-json\/wp\/v2\/types\/product"}],"wp:featuredmedia":[{"embeddable":true,"href":"https:\/\/www.chiefslife.com\/fr-eu\/wp-json\/wp\/v2\/media\/16274"}],"wp:attachment":[{"href":"https:\/\/www.chiefslife.com\/fr-eu\/wp-json\/wp\/v2\/media?parent=16273"}],"wp:term":[{"taxonomy":"product_brand","embeddable":true,"href":"https:\/\/www.chiefslife.com\/fr-eu\/wp-json\/wp\/v2\/product_brand?post=16273"},{"taxonomy":"product_cat","embeddable":true,"href":"https:\/\/www.chiefslife.com\/fr-eu\/wp-json\/wp\/v2\/product_cat?post=16273"},{"taxonomy":"product_tag","embeddable":true,"href":"https:\/\/www.chiefslife.com\/fr-eu\/wp-json\/wp\/v2\/product_tag?post=16273"}],"curies":[{"name":"wp","href":"https:\/\/api.w.org\/{rel}","templated":true}]}}