{"id":16283,"date":"2026-03-12T13:44:35","date_gmt":"2026-03-12T12:44:35","guid":{"rendered":"https:\/\/www.chiefslife.com\/fr-eu\/?post_type=product&#038;p=16283"},"modified":"2026-03-18T14:11:53","modified_gmt":"2026-03-18T13:11:53","slug":"milk-snack","status":"publish","type":"product","link":"https:\/\/www.chiefslife.com\/fr-eu\/produit\/milk-snack\/","title":{"rendered":"Milk Snack"},"content":{"rendered":"<p>SOURCE OF PROTEIN<\/p>\n<p>ZERO ADDED SUGAR: Contient des sucres naturellement pr\u00e9sents.<\/p>\n<p>Barre compos\u00e9e de deux couches de biscuit prot\u00e9in\u00e9 au cacao, fourr\u00e9e d&rsquo;une cr\u00e8me au lait \u00e0 50 % de prot\u00e9ines, avec \u00e9dulcorants.<\/p>\n<p>Ingr\u00e9dients : 35 % LAIT entier, \u00e9dulcorants : maltitol, \u00e9rythritol ; \u0152UFS entiers, graisse v\u00e9g\u00e9tale (palme), farine de BL\u00c9, 9,8 % concentr\u00e9 de prot\u00e9ines de LAIT, stabilisant : sirop de sorbitol ; GLUTEN DE BL\u00c9, maltodextrine, f\u00e9cule de pomme de terre, 1,7 % cacao maigre en poudre, \u00e9mulsifiant : mono- et diglyc\u00e9rides d&rsquo;acides gras ; ar\u00f4mes, poudre \u00e0 lever : diphosphates, carbonates de sodium ; sel.<br \/>\nPeut contenir des fruits \u00e0 coque, du soja et de la moutarde.<\/p>\n<p>Une consommation excessive peut avoir des effets laxatifs.<\/p>\n<p>Produit en Italie.<\/p>\n","protected":false},"excerpt":{"rendered":"<p>Non disponible en ligne. Un g\u00e2teau au lait cr\u00e9meux, moelleux et fourr\u00e9 d&rsquo;un c\u0153ur fondant au lait. L\u00e9ger et savoureux, il est id\u00e9al pour une petite pause gourmande \u00e0 tout moment.<\/p>\n","protected":false},"featured_media":16287,"template":"","meta":{"_acf_changed":false,"inline_featured_image":false},"product_brand":[],"product_cat":[678],"product_tag":[680,679],"class_list":{"0":"post-16283","1":"product","2":"type-product","3":"status-publish","4":"has-post-thumbnail","6":"product_cat-protein-snack","7":"product_tag-source-of-protein","8":"product_tag-zero-added-sugar","10":"first","11":"outofstock","12":"taxable","13":"shipping-taxable","14":"product-type-simple"},"acf":[],"tiered_pricing_type":"fixed","tiered_pricing_fixed_rules":[],"tiered_pricing_product_settings":{"layout":"default","base_unit_name":{"singular":null,"plural":null},"default_variation":null},"tiered_pricing_minimum_quantity":null,"tiered_pricing_roles_data":[],"tiered_pricing_percentage_rules":[],"tiered_pricing_maximum_quantity":null,"tiered_pricing_quantity_step":null,"_links":{"self":[{"href":"https:\/\/www.chiefslife.com\/fr-eu\/wp-json\/wp\/v2\/product\/16283","targetHints":{"allow":["GET"]}}],"collection":[{"href":"https:\/\/www.chiefslife.com\/fr-eu\/wp-json\/wp\/v2\/product"}],"about":[{"href":"https:\/\/www.chiefslife.com\/fr-eu\/wp-json\/wp\/v2\/types\/product"}],"wp:featuredmedia":[{"embeddable":true,"href":"https:\/\/www.chiefslife.com\/fr-eu\/wp-json\/wp\/v2\/media\/16287"}],"wp:attachment":[{"href":"https:\/\/www.chiefslife.com\/fr-eu\/wp-json\/wp\/v2\/media?parent=16283"}],"wp:term":[{"taxonomy":"product_brand","embeddable":true,"href":"https:\/\/www.chiefslife.com\/fr-eu\/wp-json\/wp\/v2\/product_brand?post=16283"},{"taxonomy":"product_cat","embeddable":true,"href":"https:\/\/www.chiefslife.com\/fr-eu\/wp-json\/wp\/v2\/product_cat?post=16283"},{"taxonomy":"product_tag","embeddable":true,"href":"https:\/\/www.chiefslife.com\/fr-eu\/wp-json\/wp\/v2\/product_tag?post=16283"}],"curies":[{"name":"wp","href":"https:\/\/api.w.org\/{rel}","templated":true}]}}