{"id":16366,"date":"2026-03-27T11:47:12","date_gmt":"2026-03-27T10:47:12","guid":{"rendered":"https:\/\/www.chiefslife.com\/fr-eu\/?post_type=product&#038;p=16366"},"modified":"2026-04-06T08:55:55","modified_gmt":"2026-04-06T06:55:55","slug":"salty-caramel","status":"publish","type":"product","link":"https:\/\/www.chiefslife.com\/fr-eu\/produit\/salty-caramel\/","title":{"rendered":"Salty Caramel"},"content":{"rendered":"<p>Prot\u00e9ines de lactos\u00e9rum en poudre avec vitamines et min\u00e9raux, et \u00e9dulcorants. Saveur caramel.<\/p>\n<p>Ingr\u00e9dients : 69,3 % d&rsquo;isolat de prot\u00e9ines de lactos\u00e9rum, 24,6 % de concentr\u00e9 de prot\u00e9ines de lactos\u00e9rum, \u00e9mulsifiant : l\u00e9cithines (tournesol) ; 1,3 % de sel, ar\u00f4me, cacao maigre en poudre, \u00e9paississant : gomme xanthane ; antiagglom\u00e9rant : dioxyde de silicium ; \u00e9dulcorant : sucralose ; colorant : b\u00eata-carot\u00e8ne ; carbonate de calcium, carbonate de magn\u00e9sium, diphosphate ferrique, vitamines (C, E, thiamine, riboflavine, niacine, B6, biotine, acide folique, B12, acide pantoth\u00e9nique).<\/p>\n<p>Peut contenir des traces d&rsquo;\u0153uf, de lupin, de soja et de c\u00e9r\u00e9ales contenant du gluten.<\/p>\n<p>Teneur r\u00e9duite en lactose lorsqu&rsquo;il est pr\u00e9par\u00e9 avec de l&rsquo;eau.<\/p>\n<p>24 g DE PROT\u00c9INES par portion<\/p>\n<p>SANS SUCRES AJOUT\u00c9S : Contient des sucres naturellement pr\u00e9sents. Sans gluten (&lt; 20 ppm)<\/p>\n<p>Ce paquet contient 15 portions. Une portion = 30 g<\/p>\n<p>Fabriqu\u00e9 en Allemagne. Origine de l&rsquo;isolat de prot\u00e9ines de lactos\u00e9rum\u00a0: UE et hors UE.<\/p>\n<p>&nbsp;<\/p>\n","protected":false},"excerpt":{"rendered":"<p>La poudre de prot\u00e9ines de lactos\u00e9rum Chiefs saveur caramel sal\u00e9 vous apporte 24 g de prot\u00e9ines par portion et offre un go\u00fbt riche et gourmand. Faible en lactose et sans gluten, elle est con\u00e7ue pour vous accompagner dans vos objectifs de remise en forme, sans compromis.<\/p>\n","protected":false},"featured_media":16373,"template":"","meta":{"_acf_changed":false,"inline_featured_image":false},"product_brand":[],"product_cat":[237],"product_tag":[685,516,143,145],"class_list":{"0":"post-16366","1":"product","2":"type-product","3":"status-publish","4":"has-post-thumbnail","6":"product_cat-whey-protein","7":"product_tag-faible-teneur-en-lactose","8":"product_tag-high-protein","9":"product_tag-gluten-free","10":"product_tag-no-added-sugar","12":"first","13":"instock","14":"taxable","15":"shipping-taxable","16":"purchasable","17":"product-type-simple"},"acf":[],"tiered_pricing_type":"fixed","tiered_pricing_fixed_rules":[],"tiered_pricing_product_settings":{"layout":"default","base_unit_name":{"singular":null,"plural":null},"default_variation":null},"tiered_pricing_minimum_quantity":null,"tiered_pricing_roles_data":[],"tiered_pricing_percentage_rules":[],"tiered_pricing_maximum_quantity":null,"tiered_pricing_quantity_step":null,"_links":{"self":[{"href":"https:\/\/www.chiefslife.com\/fr-eu\/wp-json\/wp\/v2\/product\/16366","targetHints":{"allow":["GET"]}}],"collection":[{"href":"https:\/\/www.chiefslife.com\/fr-eu\/wp-json\/wp\/v2\/product"}],"about":[{"href":"https:\/\/www.chiefslife.com\/fr-eu\/wp-json\/wp\/v2\/types\/product"}],"wp:featuredmedia":[{"embeddable":true,"href":"https:\/\/www.chiefslife.com\/fr-eu\/wp-json\/wp\/v2\/media\/16373"}],"wp:attachment":[{"href":"https:\/\/www.chiefslife.com\/fr-eu\/wp-json\/wp\/v2\/media?parent=16366"}],"wp:term":[{"taxonomy":"product_brand","embeddable":true,"href":"https:\/\/www.chiefslife.com\/fr-eu\/wp-json\/wp\/v2\/product_brand?post=16366"},{"taxonomy":"product_cat","embeddable":true,"href":"https:\/\/www.chiefslife.com\/fr-eu\/wp-json\/wp\/v2\/product_cat?post=16366"},{"taxonomy":"product_tag","embeddable":true,"href":"https:\/\/www.chiefslife.com\/fr-eu\/wp-json\/wp\/v2\/product_tag?post=16366"}],"curies":[{"name":"wp","href":"https:\/\/api.w.org\/{rel}","templated":true}]}}