{"id":16441,"date":"2026-04-13T08:48:23","date_gmt":"2026-04-13T06:48:23","guid":{"rendered":"https:\/\/www.chiefslife.com\/fr-eu\/?post_type=product&#038;p=16441"},"modified":"2026-04-13T08:48:24","modified_gmt":"2026-04-13T06:48:24","slug":"choco-pretzel","status":"publish","type":"product","link":"https:\/\/www.chiefslife.com\/fr-eu\/produit\/choco-pretzel\/","title":{"rendered":"Choco Pretzel"},"content":{"rendered":"<p>HIGH PROTEIN: 11 g protein par barre. Haute teneur en prot\u00e9ines.<br \/>\nZERO ADDED SUGAR: Sans sucres ajout\u00e9s. Contient des sucres naturels.<br \/>\nPALM OIL FREE<\/p>\n<p><span data-teams=\"true\">Barre prot\u00e9in\u00e9e parsem\u00e9e de 4 % morceaux de bretzel enrob\u00e9e de chocolat au lait, avec \u00e9dulcorants. Go\u00fbt Chocolat-Bretzel.<\/span><\/p>\n<p><span data-teams=\"true\">Ingr\u00e9dients : 32 % chocolat au lait avec \u00e9dulcorant (\u00e9dulcorant : maltitol, beurre de cacao, LAIT entier en poudre, p\u00e2te de cacao, \u00e9mulsifiant : l\u00e9cithines ; ar\u00f4me naturel de vanille), \u00e9dulcorants : maltitol, glycosides de st\u00e9viol; humectant : glyc\u00e9rol; prot\u00e9ines de LAIT, hydrolysat de collag\u00e8ne, prot\u00e9ines de SOJA, p\u00e2te de cacao, farine de BL\u00c9, beurre de cacao, ar\u00f4me naturel (LAIT), sel, poudre de cacao maigre, \u00e9mulsifiant : l\u00e9cithines ; huile de tournesol, amidon, farine de malt de BL\u00c9, levure, r\u00e9gulateur d&rsquo;acidit\u00e9 : hydroxyde de sodium.<\/span><\/p>\n<p>Peut contenir des traces d&rsquo;\u0153uf, d\u2019arachides et de fruits \u00e0 coque.<\/p>\n<p>Peut avoir des effets laxatifs en cas de consommation excessive.<\/p>\n<p>*Les prot\u00e9ines contribuent \u00e0 augmenter et au maintien de la masse musculaire.<\/p>\n<p>Produit en Allemagne.<\/p>\n","protected":false},"excerpt":{"rendered":"<p><span lang=\"EN-US\">Pretzel-Perfect Indulgence! La barre Chiefs Choco Pretzel Core associe un c\u0153ur fondant et cr\u00e9meux \u00e0 un enrobage croquant au chocolat et \u00e0 de v\u00e9ritables \u00e9clats de bretzel, pour un dessert hyperprot\u00e9in\u00e9 irr\u00e9sistible.<\/span><\/p>\n","protected":false},"featured_media":16443,"template":"","meta":{"_acf_changed":false,"inline_featured_image":false},"product_brand":[],"product_cat":[615],"product_tag":[516,110,145],"class_list":{"0":"post-16441","1":"product","2":"type-product","3":"status-publish","4":"has-post-thumbnail","6":"product_cat-protein-core-bars","7":"product_tag-high-protein","8":"product_tag-palm-oil-free","9":"product_tag-no-added-sugar","11":"first","12":"instock","13":"taxable","14":"shipping-taxable","15":"purchasable","16":"product-type-simple"},"acf":[],"tiered_pricing_type":"fixed","tiered_pricing_fixed_rules":[],"tiered_pricing_product_settings":{"layout":"default","base_unit_name":{"singular":null,"plural":null},"default_variation":null},"tiered_pricing_minimum_quantity":null,"tiered_pricing_roles_data":[],"tiered_pricing_percentage_rules":[],"tiered_pricing_maximum_quantity":null,"tiered_pricing_quantity_step":null,"_links":{"self":[{"href":"https:\/\/www.chiefslife.com\/fr-eu\/wp-json\/wp\/v2\/product\/16441","targetHints":{"allow":["GET"]}}],"collection":[{"href":"https:\/\/www.chiefslife.com\/fr-eu\/wp-json\/wp\/v2\/product"}],"about":[{"href":"https:\/\/www.chiefslife.com\/fr-eu\/wp-json\/wp\/v2\/types\/product"}],"wp:featuredmedia":[{"embeddable":true,"href":"https:\/\/www.chiefslife.com\/fr-eu\/wp-json\/wp\/v2\/media\/16443"}],"wp:attachment":[{"href":"https:\/\/www.chiefslife.com\/fr-eu\/wp-json\/wp\/v2\/media?parent=16441"}],"wp:term":[{"taxonomy":"product_brand","embeddable":true,"href":"https:\/\/www.chiefslife.com\/fr-eu\/wp-json\/wp\/v2\/product_brand?post=16441"},{"taxonomy":"product_cat","embeddable":true,"href":"https:\/\/www.chiefslife.com\/fr-eu\/wp-json\/wp\/v2\/product_cat?post=16441"},{"taxonomy":"product_tag","embeddable":true,"href":"https:\/\/www.chiefslife.com\/fr-eu\/wp-json\/wp\/v2\/product_tag?post=16441"}],"curies":[{"name":"wp","href":"https:\/\/api.w.org\/{rel}","templated":true}]}}