{"id":2933,"date":"2021-07-07T13:11:27","date_gmt":"2021-07-07T11:11:27","guid":{"rendered":"https:\/\/www.chiefslife.com\/fr-eu\/?post_type=product&#038;p=2933"},"modified":"2026-02-13T14:22:57","modified_gmt":"2026-02-13T13:22:57","slug":"kit-de-degustatione-protein-bars","status":"publish","type":"product","link":"https:\/\/www.chiefslife.com\/fr-eu\/produit\/kit-de-degustatione-protein-bars\/","title":{"rendered":"Kit de d\u00e9gustation Protein Bars"},"content":{"rendered":"<p><span lang=\"FR-CH\">Nos barres sont croustillantes \u00e0 l\u2019ext\u00e9rieur, moelleuses \u00e0 l&rsquo;int\u00e9rieur et recouvertes d\u2019un chocolat de qualit\u00e9. Mieux encore, une barre prot\u00e9in\u00e9e Chiefs\u00ae contient 20 grammes de prot\u00e9ines, une barre Chiefs\u00ae CORE 13 grammes de prot\u00e9ines et<\/span><span lang=\"FR-CH\"> pas de sucre ajout\u00e9.<\/span><\/p>\n<p class=\"p1\">Tu trouveras tous les ingr\u00e9dients et informations nutritionnelles sous le descriptif de chaque produit. Il te suffit de cliquer sur la Protein (CORE) Bar de ton choix pour acc\u00e9der aux informations sur le produit.<\/p>\n<p><a href=\"https:\/\/www.chiefslife.com\/fr-eu\/produit\/core-bar-peanut-butter\/\" target=\"_blank\" rel=\"noopener\"><img decoding=\"async\" class=\"alignnone wp-image-10973\" src=\"https:\/\/www.chiefslife.com\/fr-eu\/wp-content\/uploads\/sites\/9\/2022\/10\/Chiefs_CoreBar_PeanutButter_front_geschlossen_Schatten-300x300.png\" alt=\"\" width=\"160\" height=\"160\" srcset=\"https:\/\/www.chiefslife.com\/fr-eu\/wp-content\/uploads\/sites\/9\/2022\/10\/Chiefs_CoreBar_PeanutButter_front_geschlossen_Schatten-300x300.png 300w, https:\/\/www.chiefslife.com\/fr-eu\/wp-content\/uploads\/sites\/9\/2022\/10\/Chiefs_CoreBar_PeanutButter_front_geschlossen_Schatten-150x150.png 150w, https:\/\/www.chiefslife.com\/fr-eu\/wp-content\/uploads\/sites\/9\/2022\/10\/Chiefs_CoreBar_PeanutButter_front_geschlossen_Schatten-768x768.png 768w, https:\/\/www.chiefslife.com\/fr-eu\/wp-content\/uploads\/sites\/9\/2022\/10\/Chiefs_CoreBar_PeanutButter_front_geschlossen_Schatten-500x500.png 500w, https:\/\/www.chiefslife.com\/fr-eu\/wp-content\/uploads\/sites\/9\/2022\/10\/Chiefs_CoreBar_PeanutButter_front_geschlossen_Schatten-800x800.png 800w, https:\/\/www.chiefslife.com\/fr-eu\/wp-content\/uploads\/sites\/9\/2022\/10\/Chiefs_CoreBar_PeanutButter_front_geschlossen_Schatten-336x336.png 336w, https:\/\/www.chiefslife.com\/fr-eu\/wp-content\/uploads\/sites\/9\/2022\/10\/Chiefs_CoreBar_PeanutButter_front_geschlossen_Schatten-100x100.png 100w, https:\/\/www.chiefslife.com\/fr-eu\/wp-content\/uploads\/sites\/9\/2022\/10\/Chiefs_CoreBar_PeanutButter_front_geschlossen_Schatten.png 1000w\" sizes=\"(max-width: 160px) 100vw, 160px\" \/><\/a> <a href=\"https:\/\/www.chiefslife.com\/fr-eu\/produit\/core-bar-vanilla-cheesecake\/\" target=\"_blank\" rel=\"noopener\"><img decoding=\"async\" class=\"alignnone wp-image-10975\" src=\"https:\/\/www.chiefslife.com\/fr-eu\/wp-content\/uploads\/sites\/9\/2022\/10\/Chiefs_CoreBar_VanillaCheesecake_front_geschlossen_Schatten-300x300.png\" alt=\"\" width=\"160\" height=\"160\" srcset=\"https:\/\/www.chiefslife.com\/fr-eu\/wp-content\/uploads\/sites\/9\/2022\/10\/Chiefs_CoreBar_VanillaCheesecake_front_geschlossen_Schatten-300x300.png 300w, https:\/\/www.chiefslife.com\/fr-eu\/wp-content\/uploads\/sites\/9\/2022\/10\/Chiefs_CoreBar_VanillaCheesecake_front_geschlossen_Schatten-150x150.png 150w, https:\/\/www.chiefslife.com\/fr-eu\/wp-content\/uploads\/sites\/9\/2022\/10\/Chiefs_CoreBar_VanillaCheesecake_front_geschlossen_Schatten-768x768.png 768w, https:\/\/www.chiefslife.com\/fr-eu\/wp-content\/uploads\/sites\/9\/2022\/10\/Chiefs_CoreBar_VanillaCheesecake_front_geschlossen_Schatten-500x500.png 500w, https:\/\/www.chiefslife.com\/fr-eu\/wp-content\/uploads\/sites\/9\/2022\/10\/Chiefs_CoreBar_VanillaCheesecake_front_geschlossen_Schatten-800x800.png 800w, https:\/\/www.chiefslife.com\/fr-eu\/wp-content\/uploads\/sites\/9\/2022\/10\/Chiefs_CoreBar_VanillaCheesecake_front_geschlossen_Schatten-336x336.png 336w, https:\/\/www.chiefslife.com\/fr-eu\/wp-content\/uploads\/sites\/9\/2022\/10\/Chiefs_CoreBar_VanillaCheesecake_front_geschlossen_Schatten-100x100.png 100w, https:\/\/www.chiefslife.com\/fr-eu\/wp-content\/uploads\/sites\/9\/2022\/10\/Chiefs_CoreBar_VanillaCheesecake_front_geschlossen_Schatten.png 1000w\" sizes=\"(max-width: 160px) 100vw, 160px\" \/><\/a><a href=\"https:\/\/www.chiefslife.com\/fr-eu\/produit\/protein-bar-double-choc\/\" target=\"_blank\" rel=\"noopener\"><img decoding=\"async\" class=\"alignnone wp-image-11787\" src=\"https:\/\/www.chiefslife.com\/fr-eu\/wp-content\/uploads\/sites\/9\/2023\/03\/Chiefs_Web_1000x1000_Bars_DoubleChoc_shade-300x300.png\" alt=\"Chiefs Protein Bar Double Choc avec ombre\" width=\"160\" height=\"160\" srcset=\"https:\/\/www.chiefslife.com\/fr-eu\/wp-content\/uploads\/sites\/9\/2023\/03\/Chiefs_Web_1000x1000_Bars_DoubleChoc_shade-300x300.png 300w, https:\/\/www.chiefslife.com\/fr-eu\/wp-content\/uploads\/sites\/9\/2023\/03\/Chiefs_Web_1000x1000_Bars_DoubleChoc_shade-150x150.png 150w, https:\/\/www.chiefslife.com\/fr-eu\/wp-content\/uploads\/sites\/9\/2023\/03\/Chiefs_Web_1000x1000_Bars_DoubleChoc_shade-768x768.png 768w, https:\/\/www.chiefslife.com\/fr-eu\/wp-content\/uploads\/sites\/9\/2023\/03\/Chiefs_Web_1000x1000_Bars_DoubleChoc_shade-500x500.png 500w, https:\/\/www.chiefslife.com\/fr-eu\/wp-content\/uploads\/sites\/9\/2023\/03\/Chiefs_Web_1000x1000_Bars_DoubleChoc_shade-800x800.png 800w, https:\/\/www.chiefslife.com\/fr-eu\/wp-content\/uploads\/sites\/9\/2023\/03\/Chiefs_Web_1000x1000_Bars_DoubleChoc_shade-336x336.png 336w, https:\/\/www.chiefslife.com\/fr-eu\/wp-content\/uploads\/sites\/9\/2023\/03\/Chiefs_Web_1000x1000_Bars_DoubleChoc_shade-100x100.png 100w, https:\/\/www.chiefslife.com\/fr-eu\/wp-content\/uploads\/sites\/9\/2023\/03\/Chiefs_Web_1000x1000_Bars_DoubleChoc_shade.png 1000w\" sizes=\"(max-width: 160px) 100vw, 160px\" \/><\/a><a href=\"https:\/\/www.chiefslife.com\/fr-eu\/product\/protein-bar-crispy-cookie\/\" target=\"_blank\" rel=\"noopener\"><img decoding=\"async\" class=\"alignnone wp-image-3012\" src=\"https:\/\/www.chiefslife.com\/fr-eu\/wp-content\/uploads\/sites\/2\/2021\/07\/Chiefs_Web_1000x1000_Bars_Crispy_Cookie_shade-300x300.png\" alt=\"\" width=\"160\" height=\"160\" srcset=\"https:\/\/www.chiefslife.com\/fr-eu\/wp-content\/uploads\/sites\/9\/2021\/07\/Chiefs_Web_1000x1000_Bars_Crispy_Cookie_shade-300x300.png 300w, https:\/\/www.chiefslife.com\/fr-eu\/wp-content\/uploads\/sites\/9\/2021\/07\/Chiefs_Web_1000x1000_Bars_Crispy_Cookie_shade-150x150.png 150w, https:\/\/www.chiefslife.com\/fr-eu\/wp-content\/uploads\/sites\/9\/2021\/07\/Chiefs_Web_1000x1000_Bars_Crispy_Cookie_shade-768x768.png 768w, https:\/\/www.chiefslife.com\/fr-eu\/wp-content\/uploads\/sites\/9\/2021\/07\/Chiefs_Web_1000x1000_Bars_Crispy_Cookie_shade-500x500.png 500w, https:\/\/www.chiefslife.com\/fr-eu\/wp-content\/uploads\/sites\/9\/2021\/07\/Chiefs_Web_1000x1000_Bars_Crispy_Cookie_shade-800x800.png 800w, https:\/\/www.chiefslife.com\/fr-eu\/wp-content\/uploads\/sites\/9\/2021\/07\/Chiefs_Web_1000x1000_Bars_Crispy_Cookie_shade-336x336.png 336w, https:\/\/www.chiefslife.com\/fr-eu\/wp-content\/uploads\/sites\/9\/2021\/07\/Chiefs_Web_1000x1000_Bars_Crispy_Cookie_shade-100x100.png 100w, https:\/\/www.chiefslife.com\/fr-eu\/wp-content\/uploads\/sites\/9\/2021\/07\/Chiefs_Web_1000x1000_Bars_Crispy_Cookie_shade.png 1000w\" sizes=\"(max-width: 160px) 100vw, 160px\" \/><\/a><a href=\"https:\/\/www.chiefslife.com\/fr-eu\/produit\/protein-bar-strawberry\/\" target=\"_blank\" rel=\"noopener\"><img decoding=\"async\" class=\"alignnone wp-image-4444\" src=\"https:\/\/www.chiefslife.com\/fr-eu\/wp-content\/uploads\/sites\/7\/2021\/09\/Chiefs_Web_1000x1000_Bars_Strawberry_shade-1-300x300.png\" alt=\"\" width=\"160\" height=\"160\" srcset=\"https:\/\/www.chiefslife.com\/fr-eu\/wp-content\/uploads\/sites\/9\/2021\/09\/Chiefs_Web_1000x1000_Bars_Strawberry_shade-1-300x300.png 300w, https:\/\/www.chiefslife.com\/fr-eu\/wp-content\/uploads\/sites\/9\/2021\/09\/Chiefs_Web_1000x1000_Bars_Strawberry_shade-1-150x150.png 150w, https:\/\/www.chiefslife.com\/fr-eu\/wp-content\/uploads\/sites\/9\/2021\/09\/Chiefs_Web_1000x1000_Bars_Strawberry_shade-1-768x768.png 768w, https:\/\/www.chiefslife.com\/fr-eu\/wp-content\/uploads\/sites\/9\/2021\/09\/Chiefs_Web_1000x1000_Bars_Strawberry_shade-1-500x500.png 500w, https:\/\/www.chiefslife.com\/fr-eu\/wp-content\/uploads\/sites\/9\/2021\/09\/Chiefs_Web_1000x1000_Bars_Strawberry_shade-1-800x800.png 800w, https:\/\/www.chiefslife.com\/fr-eu\/wp-content\/uploads\/sites\/9\/2021\/09\/Chiefs_Web_1000x1000_Bars_Strawberry_shade-1-336x336.png 336w, https:\/\/www.chiefslife.com\/fr-eu\/wp-content\/uploads\/sites\/9\/2021\/09\/Chiefs_Web_1000x1000_Bars_Strawberry_shade-1-100x100.png 100w, https:\/\/www.chiefslife.com\/fr-eu\/wp-content\/uploads\/sites\/9\/2021\/09\/Chiefs_Web_1000x1000_Bars_Strawberry_shade-1.png 1000w\" sizes=\"(max-width: 160px) 100vw, 160px\" \/><\/a><a href=\"https:\/\/www.chiefslife.com\/fr-eu\/product\/protein-bar-salty-caramel\/\" target=\"_blank\" rel=\"noopener\"><img decoding=\"async\" class=\"alignnone wp-image-3013\" src=\"https:\/\/www.chiefslife.com\/fr-eu\/wp-content\/uploads\/sites\/2\/2021\/07\/Chiefs_Web_1000x1000_Bars_Salty_Caramel_shade-300x300.png\" alt=\"\" width=\"160\" height=\"160\" srcset=\"https:\/\/www.chiefslife.com\/fr-eu\/wp-content\/uploads\/sites\/9\/2021\/07\/Chiefs_Web_1000x1000_Bars_Salty_Caramel_shade-300x300.png 300w, https:\/\/www.chiefslife.com\/fr-eu\/wp-content\/uploads\/sites\/9\/2021\/07\/Chiefs_Web_1000x1000_Bars_Salty_Caramel_shade-150x150.png 150w, https:\/\/www.chiefslife.com\/fr-eu\/wp-content\/uploads\/sites\/9\/2021\/07\/Chiefs_Web_1000x1000_Bars_Salty_Caramel_shade-768x768.png 768w, https:\/\/www.chiefslife.com\/fr-eu\/wp-content\/uploads\/sites\/9\/2021\/07\/Chiefs_Web_1000x1000_Bars_Salty_Caramel_shade-500x500.png 500w, https:\/\/www.chiefslife.com\/fr-eu\/wp-content\/uploads\/sites\/9\/2021\/07\/Chiefs_Web_1000x1000_Bars_Salty_Caramel_shade-800x800.png 800w, https:\/\/www.chiefslife.com\/fr-eu\/wp-content\/uploads\/sites\/9\/2021\/07\/Chiefs_Web_1000x1000_Bars_Salty_Caramel_shade-336x336.png 336w, https:\/\/www.chiefslife.com\/fr-eu\/wp-content\/uploads\/sites\/9\/2021\/07\/Chiefs_Web_1000x1000_Bars_Salty_Caramel_shade-100x100.png 100w, https:\/\/www.chiefslife.com\/fr-eu\/wp-content\/uploads\/sites\/9\/2021\/07\/Chiefs_Web_1000x1000_Bars_Salty_Caramel_shade.png 1000w\" sizes=\"(max-width: 160px) 100vw, 160px\" \/><\/a><a href=\"https:\/\/www.chiefslife.com\/fr-eu\/product\/protein-bar-white-mocha\/\" target=\"_blank\" rel=\"noopener\"><img decoding=\"async\" class=\"alignnone wp-image-3014\" src=\"https:\/\/www.chiefslife.com\/fr-eu\/wp-content\/uploads\/sites\/2\/2021\/07\/Chiefs_Web_1000x1000_Bars_White_Mocha_shade-300x300.png\" alt=\"\" width=\"160\" height=\"160\" srcset=\"https:\/\/www.chiefslife.com\/fr-eu\/wp-content\/uploads\/sites\/9\/2021\/07\/Chiefs_Web_1000x1000_Bars_White_Mocha_shade-300x300.png 300w, https:\/\/www.chiefslife.com\/fr-eu\/wp-content\/uploads\/sites\/9\/2021\/07\/Chiefs_Web_1000x1000_Bars_White_Mocha_shade-150x150.png 150w, https:\/\/www.chiefslife.com\/fr-eu\/wp-content\/uploads\/sites\/9\/2021\/07\/Chiefs_Web_1000x1000_Bars_White_Mocha_shade-768x768.png 768w, https:\/\/www.chiefslife.com\/fr-eu\/wp-content\/uploads\/sites\/9\/2021\/07\/Chiefs_Web_1000x1000_Bars_White_Mocha_shade-500x500.png 500w, https:\/\/www.chiefslife.com\/fr-eu\/wp-content\/uploads\/sites\/9\/2021\/07\/Chiefs_Web_1000x1000_Bars_White_Mocha_shade-800x800.png 800w, https:\/\/www.chiefslife.com\/fr-eu\/wp-content\/uploads\/sites\/9\/2021\/07\/Chiefs_Web_1000x1000_Bars_White_Mocha_shade-336x336.png 336w, https:\/\/www.chiefslife.com\/fr-eu\/wp-content\/uploads\/sites\/9\/2021\/07\/Chiefs_Web_1000x1000_Bars_White_Mocha_shade-100x100.png 100w, https:\/\/www.chiefslife.com\/fr-eu\/wp-content\/uploads\/sites\/9\/2021\/07\/Chiefs_Web_1000x1000_Bars_White_Mocha_shade.png 1000w\" sizes=\"(max-width: 160px) 100vw, 160px\" \/><\/a><\/p>\n<p>&nbsp;<\/p>\n","protected":false},"excerpt":{"rendered":"<p><strong><span lang=\"FR-CH\">Test and taste!<\/span><\/strong> <span lang=\"FR-CH\">Tu connais d\u00e9j\u00e0 toutes nos barres prot\u00e9in\u00e9es ? Procure-toi notre paquet de test et essaies toute la gamme de barres prot\u00e9in\u00e9es et trouves ton pr\u00e9f\u00e9r\u00e9. Contenu : 2 barres (55 g chacune) par saveur \u00ab Double Chocolate \u00bb, \u00ab Crispy Cookie \u00bb et \u00ab Salty Caramel \u00bb. 1 barre (55 g chacune) par saveur \u00ab White Mocha \u00bb et \u00ab Strawberry \u00bb. 2 barres CORE (40 g chacune) par saveur \u00ab Peanut Butter \u00bb et \u00ab Vanilla Cheesecake \u00bb.<\/span><\/p>\n","protected":false},"featured_media":13781,"template":"","meta":{"_acf_changed":false,"inline_featured_image":false},"product_brand":[],"product_cat":[148,615],"product_tag":[516,110,145],"class_list":{"0":"post-2933","1":"product","2":"type-product","3":"status-publish","4":"has-post-thumbnail","6":"product_cat-protein-bars","7":"product_cat-protein-core-bars","8":"product_tag-high-protein","9":"product_tag-palm-oil-free","10":"product_tag-no-added-sugar","12":"first","13":"outofstock","14":"taxable","15":"shipping-taxable","16":"purchasable","17":"product-type-simple"},"acf":[],"tiered_pricing_type":"fixed","tiered_pricing_fixed_rules":[],"tiered_pricing_product_settings":{"layout":"default","base_unit_name":{"singular":null,"plural":null},"default_variation":null},"tiered_pricing_minimum_quantity":null,"tiered_pricing_roles_data":[],"tiered_pricing_percentage_rules":[],"tiered_pricing_maximum_quantity":null,"tiered_pricing_quantity_step":null,"_links":{"self":[{"href":"https:\/\/www.chiefslife.com\/fr-eu\/wp-json\/wp\/v2\/product\/2933","targetHints":{"allow":["GET"]}}],"collection":[{"href":"https:\/\/www.chiefslife.com\/fr-eu\/wp-json\/wp\/v2\/product"}],"about":[{"href":"https:\/\/www.chiefslife.com\/fr-eu\/wp-json\/wp\/v2\/types\/product"}],"wp:featuredmedia":[{"embeddable":true,"href":"https:\/\/www.chiefslife.com\/fr-eu\/wp-json\/wp\/v2\/media\/13781"}],"wp:attachment":[{"href":"https:\/\/www.chiefslife.com\/fr-eu\/wp-json\/wp\/v2\/media?parent=2933"}],"wp:term":[{"taxonomy":"product_brand","embeddable":true,"href":"https:\/\/www.chiefslife.com\/fr-eu\/wp-json\/wp\/v2\/product_brand?post=2933"},{"taxonomy":"product_cat","embeddable":true,"href":"https:\/\/www.chiefslife.com\/fr-eu\/wp-json\/wp\/v2\/product_cat?post=2933"},{"taxonomy":"product_tag","embeddable":true,"href":"https:\/\/www.chiefslife.com\/fr-eu\/wp-json\/wp\/v2\/product_tag?post=2933"}],"curies":[{"name":"wp","href":"https:\/\/api.w.org\/{rel}","templated":true}]}}