{"id":4460,"date":"2021-09-27T14:28:11","date_gmt":"2021-09-27T12:28:11","guid":{"rendered":"https:\/\/www.chiefslife.com\/fr-eu\/?post_type=product&#038;p=4460"},"modified":"2025-11-30T23:47:39","modified_gmt":"2025-11-30T22:47:39","slug":"protein-bread-pain-croustillant","status":"publish","type":"product","link":"https:\/\/www.chiefslife.com\/fr-eu\/produit\/protein-bread-pain-croustillant\/","title":{"rendered":"Pain croustillant clair"},"content":{"rendered":"<p class=\"p1\">-40% CARBS: 40% de glucides en moins qu\u2019un pain blanc moyen.<br \/>\nHIGH PROTEIN<br \/>\nHIGH FIBRE<br \/>\n100% TASTE<\/p>\n<p class=\"p1\"><strong>100% GO\u00dbT :<\/strong><span class=\"Apple-converted-space\">\u00a0<\/span>Go\u00fbt identique \u00e0 celui d\u2019un pain blanc classique. Go\u00fbte-le, tu seras \u00e9tonn\u00e9\u00a0! 100% plaisir\u00a0\u2013\u00a0croustillant \u00e0 l\u2019ext\u00e9rieur, a\u00e9r\u00e9 \u00e0 l\u2019int\u00e9rieur et riche en go\u00fbt.<\/p>\n<p class=\"p1\"><strong>-40% DE GLUCIDES :<\/strong> Le pain blanc classique se compose essentiellement de glucides. Chiefs<sup>\u00ae<\/sup>\u00a0a r\u00e9ussi l\u2019exploit de r\u00e9duire de 40% la quantit\u00e9 de glucides.<\/p>\n<p class=\"p1\"><strong>DAVANTAGE DE PROT\u00c9INES :<\/strong> Les prot\u00e9ines participent \u00e0 la bonne sant\u00e9 des os et \u00e0 l\u2019augmentation de la masse musculaire. Le pain croustillant Chiefs<sup>\u00ae<\/sup> contient pr\u00e8s de 55 g de prot\u00e9ines.<\/p>\n<p class=\"p1\"><strong>DAVANTAGE DE FIBRES :<\/strong> Le pain croustillant Chiefs<sup>\u00ae<\/sup> contient des fibres compl\u00e8tes.<\/p>\n<p class=\"p1\"><strong>FABRIQU\u00c9 EN SUISSE\u00a0:<\/strong> Farine certifi\u00e9e IP-Suisse et meilleures mati\u00e8res premi\u00e8res de Suisse. Fabrication artisanale avec passion par Hiestand\u00a0Schweiz.<\/p>\n<p class=\"p1\">*\u00a0Par rapport aux pains blancs classiques<\/p>\n<p>&nbsp;<\/p>\n<p class=\"p1\">Pain de bl\u00e9 avec prot\u00e9ines du petit-lait en poudre et prot\u00e9ines lactiques en poudre.<\/p>\n<p class=\"p1\">Ingr\u00e9dients : Farine de BL\u00c9 IPS, eau, 7% prot\u00e9ines du petit-LAIT en poudre, GLUTEN DE BL\u00c9, fibres alimentaires (inuline), 2,5% prot\u00e9ines LACTIQUES en poudre, levure, levain (SEIGLE, BL\u00c9), farine de BL\u00c9 de gonflement, sel, gaufrette de pain azyme (amidon de ma\u00efs, f\u00e9cule de pommes de terre, eau, cacao en poudre, \u00e9mulsifiant : l\u00e9cithines de tournesol), farine de malt (ORGE), agent de traitement de la farine : acide ascorbique.<\/p>\n<p>Peut contenir des traces d\u2019OEUFS, AMANDES, NOISETTES, NOIX et S\u00c9SAME.<\/p>\n","protected":false},"excerpt":{"rendered":"<p><em>Non disponible en ligne.<\/em><\/p>\n<p>&nbsp;<\/p>\n<p>Le retour du pain blanc ! Malgr\u00e9 son statut d\u2019aliment de base, le pain n\u2019est pas toujours uniquement consid\u00e9r\u00e9 comme bon. Apr\u00e8s un travail de d\u00e9veloppement intensif, Chiefs<sup>\u00ae<\/sup> a trouv\u00e9 une solution id\u00e9ale avec le nouveau pain croustillant : gr\u00e2ce \u00e0 une approche innovante, le pain croustillant Chiefs<sup>\u00ae<\/sup> est une source de fibres qui repr\u00e9sente un \u00e9l\u00e9ment essentiel d\u2019une alimentation \u00e9quilibr\u00e9e avec -40% de calories* et 55 g de prot\u00e9ines.<\/p>\n<p>&nbsp;<\/p>\n<p>Pr\u00e9par\u00e9 \u00e0 la main en Suisse, le pain croustillant Chiefs<sup>\u00ae<\/sup> ravit tout le monde \u2013 petits et grands, que ce soit comme petit pain \u00e0 confiture au petit-d\u00e9jeuner, sous forme de toast \u00e0 l\u2019avocat comme collation ou sous forme de bruschetta en hors-d\u2019\u0153uvre : notre pain riche en prot\u00e9ines convient \u00e0 tous.<\/p>\n","protected":false},"featured_media":4126,"template":"","meta":{"_acf_changed":false,"inline_featured_image":false},"product_brand":[],"product_cat":[510],"product_tag":[515,582,516],"class_list":{"0":"post-4460","1":"product","2":"type-product","3":"status-publish","4":"has-post-thumbnail","6":"product_cat-protein-bread","7":"product_tag-40-carbs","8":"product_tag-riche-en-fibres","9":"product_tag-high-protein","11":"first","12":"instock","13":"taxable","14":"shipping-taxable","15":"product-type-simple"},"acf":[],"tiered_pricing_type":"fixed","tiered_pricing_fixed_rules":[],"tiered_pricing_product_settings":{"layout":"default","base_unit_name":{"singular":null,"plural":null},"default_variation":null},"tiered_pricing_minimum_quantity":null,"tiered_pricing_roles_data":[],"tiered_pricing_percentage_rules":[],"tiered_pricing_maximum_quantity":null,"tiered_pricing_quantity_step":null,"_links":{"self":[{"href":"https:\/\/www.chiefslife.com\/fr-eu\/wp-json\/wp\/v2\/product\/4460","targetHints":{"allow":["GET"]}}],"collection":[{"href":"https:\/\/www.chiefslife.com\/fr-eu\/wp-json\/wp\/v2\/product"}],"about":[{"href":"https:\/\/www.chiefslife.com\/fr-eu\/wp-json\/wp\/v2\/types\/product"}],"wp:featuredmedia":[{"embeddable":true,"href":"https:\/\/www.chiefslife.com\/fr-eu\/wp-json\/wp\/v2\/media\/4126"}],"wp:attachment":[{"href":"https:\/\/www.chiefslife.com\/fr-eu\/wp-json\/wp\/v2\/media?parent=4460"}],"wp:term":[{"taxonomy":"product_brand","embeddable":true,"href":"https:\/\/www.chiefslife.com\/fr-eu\/wp-json\/wp\/v2\/product_brand?post=4460"},{"taxonomy":"product_cat","embeddable":true,"href":"https:\/\/www.chiefslife.com\/fr-eu\/wp-json\/wp\/v2\/product_cat?post=4460"},{"taxonomy":"product_tag","embeddable":true,"href":"https:\/\/www.chiefslife.com\/fr-eu\/wp-json\/wp\/v2\/product_tag?post=4460"}],"curies":[{"name":"wp","href":"https:\/\/api.w.org\/{rel}","templated":true}]}}